{"id":548,"date":"2015-08-08T19:58:03","date_gmt":"2015-08-08T19:58:03","guid":{"rendered":"http:\/\/matthieudubost.fr\/accueil\/?page_id=548"},"modified":"2015-08-23T14:04:59","modified_gmt":"2015-08-23T14:04:59","slug":"bibliographie","status":"publish","type":"page","link":"https:\/\/matthieudubost.fr\/accueil\/bibliographie\/","title":{"rendered":"Les livres pour s&rsquo;entra\u00eener"},"content":{"rendered":"<p>Retrouvez l&rsquo;ensemble de mes ouvrages de concours sur le site de mon\u00a0<a href=\"http:\/\/www.editions-ellipses.fr\/advanced_search_result.php?keywords=dubost+matthieu&amp;x=0&amp;y=0\" target=\"_blank\">\u00e9diteur.<\/a><\/p>\n<p>Il s&rsquo;agit d&rsquo;ouvrages personnels ou collectifs. En voici la liste d\u00e9taill\u00e9e:<\/p>\n<p><strong>1) pour les\u00a0ENS<\/strong><\/p>\n<p>\uf02d\u00a0<a href=\"http:\/\/www.editions-ellipses.fr\/product_info.php?products_id=9147\" target=\"_blank\">100 colles de culture g\u00e9n\u00e9rale et de philosophie<\/a>, sous la dir. de M Dubost et L. Mathias (560 p.)<\/p>\n<p>\uf02d Am\u00e9liorer son expression orale et \u00e9crite (180 p.)<\/p>\n<p>\uf02d\u00a0<a href=\"http:\/\/www.editions-ellipses.fr\/product_info.php?products_id=8886\" target=\"_blank\">Tout le fran\u00e7ais en 1500 QCM<\/a>\u00a0(130 p.)<\/p>\n<p>\uf02d Le sexe des anges \u2013 les sujets infaisables des concours de philosophie (184 p.)<\/p>\n<p><strong>2) pour les concours de la fonction publique<\/strong><\/p>\n<p>\uf02d La culture g\u00e9n\u00e9rale aux concours de la fonction publique (cat\u00e9gorie A) (654 p.)<br \/>\n\uf02d La culture g\u00e9n\u00e9rale aux concours de la fonction publique (cat\u00e9gorie B) (454 p.)<br \/>\n\uf02d La culture g\u00e9n\u00e9rale aux concours de la fonction publique (cat\u00e9gorie C) (356 p.)<\/p>\n<p>\uf02d Les tests psychotechniques en clair<\/p>\n","protected":false},"excerpt":{"rendered":"<p>Retrouvez l&rsquo;ensemble de mes ouvrages de concours sur le site de mon\u00a0\u00e9diteur. Il s&rsquo;agit d&rsquo;ouvrages personnels ou collectifs. En voici la liste d\u00e9taill\u00e9e: 1) pour les\u00a0ENS \uf02d\u00a0100 colles de culture g\u00e9n\u00e9rale et de philosophie, sous la dir. de M Dubost et L. Mathias (560 p.) \uf02d Am\u00e9liorer son expression orale et \u00e9crite (180 p.) \uf02d\u00a0Tout [&hellip;]<\/p>\n","protected":false},"author":1,"featured_media":0,"parent":0,"menu_order":0,"comment_status":"open","ping_status":"open","template":"","meta":[],"_links":{"self":[{"href":"https:\/\/matthieudubost.fr\/accueil\/wp-json\/wp\/v2\/pages\/548"}],"collection":[{"href":"https:\/\/matthieudubost.fr\/accueil\/wp-json\/wp\/v2\/pages"}],"about":[{"href":"https:\/\/matthieudubost.fr\/accueil\/wp-json\/wp\/v2\/types\/page"}],"author":[{"embeddable":true,"href":"https:\/\/matthieudubost.fr\/accueil\/wp-json\/wp\/v2\/users\/1"}],"replies":[{"embeddable":true,"href":"https:\/\/matthieudubost.fr\/accueil\/wp-json\/wp\/v2\/comments?post=548"}],"version-history":[{"count":2,"href":"https:\/\/matthieudubost.fr\/accueil\/wp-json\/wp\/v2\/pages\/548\/revisions"}],"predecessor-version":[{"id":551,"href":"https:\/\/matthieudubost.fr\/accueil\/wp-json\/wp\/v2\/pages\/548\/revisions\/551"}],"wp:attachment":[{"href":"https:\/\/matthieudubost.fr\/accueil\/wp-json\/wp\/v2\/media?parent=548"}],"curies":[{"name":"wp","href":"https:\/\/api.w.org\/{rel}","templated":true}]}}