{"id":3336,"date":"2021-11-12T16:16:20","date_gmt":"2021-11-12T16:16:20","guid":{"rendered":"http:\/\/matthieudubost.fr\/accueil\/?page_id=3336"},"modified":"2023-06-08T17:43:21","modified_gmt":"2023-06-08T17:43:21","slug":"les-amis-veritables-sont-ils-egoistes-aristote-et-la-querelle-du-pur-amour","status":"publish","type":"page","link":"https:\/\/matthieudubost.fr\/accueil\/les-amis-veritables-sont-ils-egoistes-aristote-et-la-querelle-du-pur-amour\/","title":{"rendered":"Les amis v\u00e9ritables sont-ils \u00e9go\u00efstes? Aristote et la \u00ab\u00a0querelle du pur amour\u00a0\u00bb"},"content":{"rendered":"<p>&nbsp;<\/p>\n<p>Cette intervention a eu lieu en septembre 2021 aupr\u00e8s de l&rsquo;ensemble des \u00e9l\u00e8ves de CPGE du CMD. Vous trouvez ici les <a href=\"http:\/\/matthieudubost.fr\/accueil\/wp-content\/uploads\/2021\/11\/Textes-conf\u00e9rence.docx\">textes de cette conf\u00e9rence<\/a>\u00a0et pourrez l&rsquo;entendre en cliquant sur\u00a0<a href=\"http:\/\/matthieudubost.fr\/accueil\/wp-content\/uploads\/2021\/11\/Conf\u00e9rence-Lamiti\u00e9-\u00e9go\u00efste.mp3\">ce lien<\/a><\/p>\n","protected":false},"excerpt":{"rendered":"<p>&nbsp; Cette intervention a eu lieu en septembre 2021 aupr\u00e8s de l&rsquo;ensemble des \u00e9l\u00e8ves de CPGE du CMD. Vous trouvez ici les textes de cette conf\u00e9rence\u00a0et pourrez l&rsquo;entendre en cliquant sur\u00a0ce lien<\/p>\n","protected":false},"author":1,"featured_media":0,"parent":0,"menu_order":0,"comment_status":"closed","ping_status":"open","template":"","meta":[],"_links":{"self":[{"href":"https:\/\/matthieudubost.fr\/accueil\/wp-json\/wp\/v2\/pages\/3336"}],"collection":[{"href":"https:\/\/matthieudubost.fr\/accueil\/wp-json\/wp\/v2\/pages"}],"about":[{"href":"https:\/\/matthieudubost.fr\/accueil\/wp-json\/wp\/v2\/types\/page"}],"author":[{"embeddable":true,"href":"https:\/\/matthieudubost.fr\/accueil\/wp-json\/wp\/v2\/users\/1"}],"replies":[{"embeddable":true,"href":"https:\/\/matthieudubost.fr\/accueil\/wp-json\/wp\/v2\/comments?post=3336"}],"version-history":[{"count":6,"href":"https:\/\/matthieudubost.fr\/accueil\/wp-json\/wp\/v2\/pages\/3336\/revisions"}],"predecessor-version":[{"id":3560,"href":"https:\/\/matthieudubost.fr\/accueil\/wp-json\/wp\/v2\/pages\/3336\/revisions\/3560"}],"wp:attachment":[{"href":"https:\/\/matthieudubost.fr\/accueil\/wp-json\/wp\/v2\/media?parent=3336"}],"curies":[{"name":"wp","href":"https:\/\/api.w.org\/{rel}","templated":true}]}}