{"id":990,"date":"2016-10-08T05:04:09","date_gmt":"2016-10-08T05:04:09","guid":{"rendered":"http:\/\/matthieudubost.fr\/accueil\/?page_id=990"},"modified":"2018-10-26T13:02:05","modified_gmt":"2018-10-26T13:02:05","slug":"critique-du-formalisme-juridique-selon-hegel","status":"publish","type":"page","link":"http:\/\/matthieudubost.fr\/accueil\/critique-du-formalisme-juridique-selon-hegel\/","title":{"rendered":"Critique du formalisme moral et juridique selon Hegel"},"content":{"rendered":"<h1 style=\"text-align: center;\">Les principes de la philosophie du droit.<\/h1>\n<p style=\"text-align: center;\"><a href=\"http:\/\/matthieudubost.fr\/accueil\/wp-content\/uploads\/2016\/10\/hegel.jpg\"><img decoding=\"async\" loading=\"lazy\" class=\"alignnone size-full wp-image-999\" src=\"http:\/\/matthieudubost.fr\/accueil\/wp-content\/uploads\/2016\/10\/hegel.jpg\" alt=\"hegel\" width=\"125\" height=\"136\" \/><\/a><\/p>\n<p>\u00a0La d\u00e9finition courante du droit, c\u2019est selon Littr\u00e9\u00a0: \u00ab\u00a0Ensemble des r\u00e8gles qui r\u00e9gissent la conduite de l\u2019homme en soci\u00e9t\u00e9\u00a0\u00bb, c&rsquo;est-\u00e0-dire l\u2019ensemble des r\u00e8gles qui permettent de vivre ensemble. En cela ces r\u00e8gles renvoient n\u00e9cessairement \u00e0 une certaine universalit\u00e9 puisqu\u2019elles permettent la vie en commun. Il faut qu\u2019au moins la plupart d\u2019entre elles vaillent pour tous. Ce serait l\u00e0 le premier crit\u00e8re d\u2019un \u00ab\u00a0formalisme\u00a0\u00bb reconnu de la plupart: le crit\u00e8re d\u2019\u00e9galit\u00e9, ou d\u2019universalit\u00e9.<\/p>\n<p>De m\u00eame, on imagine mal les lois se contredire entre elles, sous peine de ne plus rien valoir. Ainsi, pour nous, les lois doivent r\u00e9pondre aux exigences de la Constitution pour valoir comme loi.<\/p>\n<p>Ces deux d\u00e9finitions sont en fait reprises par Kant pour mettre en place sa \u00ab\u00a0Morale\u00a0\u00bb qu\u2019on nomme aussi le \u00ab\u00a0formalisme\u00a0\u00bb. En effet, le droit est d\u00e9fini comme \u00ab\u00a0l\u2019ensemble des conditions sous lesquelles l\u2019arbitre de l\u2019un peut \u00eatre uni \u00e0 l\u2019arbitre de l\u2019autre selon une loi universelle de la libert\u00e9 \u00bb (<em>DD<\/em>, intro, B) et les lois ne sont des lois qu\u2019en tant qu\u2019elles s\u2019expriment sous forme d\u2019obligations pour tous. La totalit\u00e9 de ces lois forment la Morale, comportant l\u2019\u00e9thique et le droit. Le formalisme, c\u2019est donc l\u2019attention \u00e0 la forme de la loi pour qu\u2019elle s\u2019int\u00e8gre bien \u00e0 l\u2019\u00e9difice moral.<\/p>\n<p>Le formalisme est donc une garantie logique, autrement dit il offre un crit\u00e8re visible de ce qui est moral ou non, c&rsquo;est-\u00e0-dire \u00e9thique ou non, ou juste ou non. Il emp\u00eacherait l\u2019anarchie de lois contradictoires, chang\u00e9es chaque jour selon les envies d\u2019un tyran. Cependant, si beaucoup de droits semblent ainsi con\u00e7us, on ne peut dire qu\u2019ils \u00e9chappent \u00e0 des reproches d\u2019injustice ou \u00e0 des \u00e9volutions historiques qui les rendent relatifs, en m\u00eame temps que les crit\u00e8res formalistes. Plus encore, certains droits sont formellement parfaits (Kelsen) et conduisent \u00e0 un mal politique (ex les droits fascistes, nazis et russe). Kelsen identifie droit et politique \u00ab\u00a0Tout Etat est un Etat de droit\u00a0\u00bb et le crit\u00e8re du droit, c\u2019est la conformit\u00e9 d\u2019une loi aux proc\u00e9dures constitutionnelles d\u2019une nation.<\/p>\n<p>Cette difficult\u00e9 est redoubl\u00e9e par les diff\u00e9rences nationales\u00a0: des droits nationaux distincts bien que formellement justes entre en rivalit\u00e9 et se concurrencent, se d\u00e9pr\u00e9ciant mutuellement. On en vient alors \u00e0 penser que le formalisme, cens\u00e9 garantir des exc\u00e8s, y contribue au contraire.<\/p>\n<p>D\u2019o\u00f9 une premi\u00e8re question\u00a0pos\u00e9e radicalement\u00a0: Le formalisme juridique favorise-t-il le mal politique\u00a0? Et plus encore : le formalisme \u00e9thico-juridique cr\u00e9e-t-il son propre mal politique\u00a0?<\/p>\n<p>On peut facilement objecter \u00e0 cette m\u00e9fiance que c\u2019est parce que certaines lois sont apparemment bien faites sans l\u2019\u00eatre vraiment qu\u2019elles conduisent au pire. Il y aurait donc une forme d\u2019apparence formelle sans v\u00e9ritable formalisme derri\u00e8re (on retrouve l\u00e0 diff\u00e9rents sens du mot \u00ab\u00a0formel\u00a0\u00bb\u00a0: d\u2019un c\u00f4t\u00e9 l\u2019illusion\u00a0; de l\u2019autre la rigueur). A cela on peut ajouter qu\u2019on a besoin dans toutes soci\u00e9t\u00e9s de\u00a0 lois pour \u00eatre libre (m\u00eame les soci\u00e9t\u00e9 sans Etat, comme celle de Clastres). Or Kelsen nous certifie que le droit fasciste \u00e9tait formellement parfait. D\u2019o\u00f9 la question\u00a0: quel formalisme adopter pour \u00e9chapper au mal politique\u00a0?<\/p>\n<p>&nbsp;<\/p>\n<p>Conf\u00e9rence de d\u00e9cembre 2015 au lyc\u00e9e Dani\u00e9lou de Rueil-Malmaison en deux parties:<\/p>\n<!--[if lt IE 9]><script>document.createElement('audio');<\/script><![endif]-->\n<audio class=\"wp-audio-shortcode\" id=\"audio-990-1\" preload=\"none\" style=\"width: 100%;\" controls=\"controls\"><source type=\"audio\/mpeg\" src=\"http:\/\/matthieudubost.fr\/accueil\/wp-content\/uploads\/2015\/12\/Hegel-et-le-droit-1.mp3?_=1\" \/><a href=\"http:\/\/matthieudubost.fr\/accueil\/wp-content\/uploads\/2015\/12\/Hegel-et-le-droit-1.mp3\">http:\/\/matthieudubost.fr\/accueil\/wp-content\/uploads\/2015\/12\/Hegel-et-le-droit-1.mp3<\/a><\/audio>\n<audio class=\"wp-audio-shortcode\" id=\"audio-990-2\" preload=\"none\" style=\"width: 100%;\" controls=\"controls\"><source type=\"audio\/mpeg\" src=\"http:\/\/matthieudubost.fr\/accueil\/wp-content\/uploads\/2015\/12\/Hegel-et-le-droit-2.mp3?_=2\" \/><a href=\"http:\/\/matthieudubost.fr\/accueil\/wp-content\/uploads\/2015\/12\/Hegel-et-le-droit-2.mp3\">http:\/\/matthieudubost.fr\/accueil\/wp-content\/uploads\/2015\/12\/Hegel-et-le-droit-2.mp3<\/a><\/audio>\n<p>&nbsp;<\/p>\n<p style=\"text-align: left;\"><a href=\"http:\/\/matthieudubost.fr\/accueil\/wp-content\/uploads\/2018\/10\/textes.docx\">Textes<\/a><\/p>\n<p style=\"text-align: center;\"><strong>Plan de la conf\u00e9rence et extraits de films:<\/strong><\/p>\n<p><strong>\u00a0<\/strong><\/p>\n<p><strong>Introduction\u00a0<\/strong><\/p>\n<p>&#8211; Un point de d\u00e9part doxique et kantien<\/p>\n<p>&#8211; Premiers paradoxe et probl\u00e9matique<\/p>\n<p>Le formalisme juridique favorise-t-il le mal politique ? (I)<\/p>\n<p>Le formalisme \u00e9thico-juridique cr\u00e9e-t-il son propre mal politique ? (I\u2019)<\/p>\n<p>&#8211; Deuxi\u00e8mes paradoxe et probl\u00e9matiques<\/p>\n<p>Quel formalisme adopter pour \u00e9chapper au mal politique ? (II)<\/p>\n<p>&#8211; Troisi\u00e8mes paradoxe et probl\u00e9matique<\/p>\n<p>Le formalisme l\u00e9gal s\u2019accompagne-t-il n\u00e9cessairement d\u2019un mal ? (III)<\/p>\n<p>&nbsp;<\/p>\n<p>&#8211; th\u00e8ses de Hegel:<\/p>\n<ul>\n<li>On doit \u00e9largir le sens du droit et s\u2019obliger \u00e0 parler en m\u00eame temps d\u2019\u00e9thique et de politique.<\/li>\n<li>Ce faisant, on comprendra par la critique du formalisme qu\u2019il faut n\u00e9cessairement en passer par le mal \u00e9thico-politique pour b\u00e2tir un droit plus parfait\u2026<\/li>\n<li>\u2026 et voir alors appara\u00eetre les premi\u00e8res conditions d\u2019un formalisme rationnel. Autrement dit, il ne s\u2019agit en rien de renoncer \u00e0 la loi et \u00e0 sa forme, mais d\u2019\u00e9chapper au mal du formalisme abstrait.<\/li>\n<\/ul>\n<p>&nbsp;<\/p>\n<p><strong>I. Rappels sur la Morale kantienne.\u00a0\u00a0\u00a0\u00a0\u00a0\u00a0\u00a0\u00a0\u00a0\u00a0<\/strong><\/p>\n<p>1) primaut\u00e9 de la question morale<\/p>\n<p>2) le formalisme est n\u00e9cessaire \u00e0 l\u2019\u00e9tablissement des lois morales. Texte 1.<\/p>\n<p>3) primat d\u00e9ontologique<\/p>\n<p>4) La morale embrasse l\u2019\u00e9thique et le droit en un m\u00eame imp\u00e9ratif formel<\/p>\n<p><strong>Extrait 1 de film\u00a0:<\/strong>\u00a0\u00a0<em>Danton<\/em>\u00a01983 : Wajda, Wojciech Pszoniak joue Robespierre 42\u201900 \u00e0 46\u2019 qui veut la perfection<\/p>\n<p><iframe loading=\"lazy\" width=\"540\" height=\"405\" src=\"https:\/\/www.youtube.com\/embed\/DoAjtUigjxc?feature=oembed\" frameborder=\"0\" allow=\"autoplay; encrypted-media\" allowfullscreen><\/iframe><\/p>\n<p>&nbsp;<\/p>\n<p><strong>II. N\u00e9cessit\u00e9 du moment subjectif du Droit (l\u2019autonomie).\u00a0\u00a0\u00a0\u00a0\u00a0\u00a0\u00a0\u00a0\u00a0<\/strong><\/p>\n<p>II.1.\u00a0 R\u00e9interpr\u00e9ter le concept de Droit \u00e0 l\u2019aune de la contradiction propre \u00e0 la volont\u00e9. Textes 2 et 3.<\/p>\n<p>II.2. N\u00e9cessit\u00e9 du moment du moment subjectif du droit (\u00ab Le projet et la faute \u00bb et \u00ab L\u2019intention et le bonheur moral \u00bb). Texte 4.<\/p>\n<p><strong>III. La contradiction interne au \u00ab formalisme abstrait \u00bb ou le mal comme n\u00e9gativit\u00e9\u00a0<\/strong><\/p>\n<p>III.1. Eloge de Kant. Texte 5.<\/p>\n<p><strong>Extrait 2 de film\u00a0:<\/strong>\u00a0<em>La r\u00e9volution fran\u00e7aise<\/em>\u00a01989 : Robert Enrico, Andrey Seweryn joue Robespierre\u00a0;\u00a0 1h15 \u00e0 1h18 : se rend compte qu\u2019il faut la Terreur car l\u2019homme est faillible\u00a0!<\/p>\n<p><iframe loading=\"lazy\" width=\"540\" height=\"405\" src=\"https:\/\/www.youtube.com\/embed\/E-6ruyZFfZs?start=1382&#038;feature=oembed\" frameborder=\"0\" allow=\"autoplay; encrypted-media\" allowfullscreen><\/iframe><\/p>\n<p>&nbsp;<\/p>\n<p>III. 2. Les ravages du formalisme abstrait. Textes 6 \u00e0 13.<\/p>\n<p><strong>Extrait 3 de film\u00a0:<\/strong>\u00a0Danton\u00a0: 2H07 \u00e0\u00a0la fin : la mort de Danton, le d\u00e9sespoir de Robespierre qui s\u2019aper\u00e7oit de sa folie\u00a0; la r\u00e9citation de la D\u00e9claration des droits de l\u2019homme<\/p>\n<p><iframe loading=\"lazy\" width=\"540\" height=\"405\" src=\"https:\/\/www.youtube.com\/embed\/DoAjtUigjxc?feature=oembed\" frameborder=\"0\" allow=\"autoplay; encrypted-media\" allowfullscreen><\/iframe><\/p>\n<p>&nbsp;<\/p>\n<p><strong>IV. En conclusion : esquisse d\u2019un \u00ab formalisme concret \u00bb<\/strong><\/p>\n","protected":false},"excerpt":{"rendered":"<p>Les principes de la philosophie du droit. \u00a0La d\u00e9finition courante du droit, c\u2019est selon Littr\u00e9\u00a0: \u00ab\u00a0Ensemble des r\u00e8gles qui r\u00e9gissent la conduite de l\u2019homme en soci\u00e9t\u00e9\u00a0\u00bb, c&rsquo;est-\u00e0-dire l\u2019ensemble des r\u00e8gles qui permettent de vivre ensemble. En cela ces r\u00e8gles renvoient n\u00e9cessairement \u00e0 une certaine universalit\u00e9 puisqu\u2019elles permettent la vie en commun. Il faut qu\u2019au moins [&hellip;]<\/p>\n","protected":false},"author":1,"featured_media":0,"parent":0,"menu_order":0,"comment_status":"closed","ping_status":"open","template":"","meta":[],"_links":{"self":[{"href":"http:\/\/matthieudubost.fr\/accueil\/wp-json\/wp\/v2\/pages\/990"}],"collection":[{"href":"http:\/\/matthieudubost.fr\/accueil\/wp-json\/wp\/v2\/pages"}],"about":[{"href":"http:\/\/matthieudubost.fr\/accueil\/wp-json\/wp\/v2\/types\/page"}],"author":[{"embeddable":true,"href":"http:\/\/matthieudubost.fr\/accueil\/wp-json\/wp\/v2\/users\/1"}],"replies":[{"embeddable":true,"href":"http:\/\/matthieudubost.fr\/accueil\/wp-json\/wp\/v2\/comments?post=990"}],"version-history":[{"count":24,"href":"http:\/\/matthieudubost.fr\/accueil\/wp-json\/wp\/v2\/pages\/990\/revisions"}],"predecessor-version":[{"id":1917,"href":"http:\/\/matthieudubost.fr\/accueil\/wp-json\/wp\/v2\/pages\/990\/revisions\/1917"}],"wp:attachment":[{"href":"http:\/\/matthieudubost.fr\/accueil\/wp-json\/wp\/v2\/media?parent=990"}],"curies":[{"name":"wp","href":"https:\/\/api.w.org\/{rel}","templated":true}]}}