{"id":649,"date":"2015-12-19T13:11:56","date_gmt":"2015-12-19T13:11:56","guid":{"rendered":"http:\/\/matthieudubost.fr\/accueil\/?page_id=649"},"modified":"2024-09-06T12:22:32","modified_gmt":"2024-09-06T12:22:32","slug":"conferences-de-philosophie-en-ligne","status":"publish","type":"page","link":"http:\/\/matthieudubost.fr\/accueil\/conferences-de-philosophie-en-ligne\/","title":{"rendered":"Conf\u00e9rences de philosophie"},"content":{"rendered":"<p style=\"text-align: center;\"><a href=\"http:\/\/matthieudubost.fr\/accueil\/wp-content\/uploads\/2015\/12\/P1000299-e1492631783820.jpg\"><img decoding=\"async\" loading=\"lazy\" class=\"alignnone size-medium wp-image-1107\" src=\"http:\/\/matthieudubost.fr\/accueil\/wp-content\/uploads\/2015\/12\/P1000299-e1492631783820-225x300.jpg\" alt=\"P1000299\" width=\"225\" height=\"300\" srcset=\"http:\/\/matthieudubost.fr\/accueil\/wp-content\/uploads\/2015\/12\/P1000299-e1492631783820-225x300.jpg 225w, http:\/\/matthieudubost.fr\/accueil\/wp-content\/uploads\/2015\/12\/P1000299-e1492631783820-768x1024.jpg 768w, http:\/\/matthieudubost.fr\/accueil\/wp-content\/uploads\/2015\/12\/P1000299-e1492631783820-133x177.jpg 133w\" sizes=\"(max-width: 225px) 100vw, 225px\" \/><\/a><\/p>\n<p>Chers amis<\/p>\n<p>Vous trouverez DANS LES ONGLETS&nbsp;de cette rubrique les enregistrements de quelques unes de mes conf\u00e9rences. J&rsquo;y ajoute \u00e9ventuellement les textes et les plans qui les accompagnent.<\/p>\n<ul>\n<li>Les amis v\u00e9ritables sont-ils \u00e9go\u00efstes? Aristote et la querelle du \u00ab\u00a0pur amour\u00a0\u00bb.<\/li>\n<li>Le th\u00e9or\u00e8me d&rsquo;incertitude d&rsquo;Heisenberg &#8211; analyse d&rsquo;une crise des fondements de la physique.<\/li>\n<li>\u00ab\u00a0Le d\u00e9sir chez Hegel: du mauvais au bon infini.\u00a0\u00bb<\/li>\n<li>\u00ab\u00a0L&rsquo;Europe selon Husserl &#8211; commentaire de la conf\u00e9rence de Vienne\u00a0\u00bb<\/li>\n<li>\u00ab\u00a0Critique du formalisme juridique selon Hegel\u00a0\u00bb (ou \u00ab\u00a0Le droit ne peut-il se fonder que sur le droit?\u00a0\u00bb)<\/li>\n<li>\u00ab\u00a0Ph\u00e9nom\u00e9nologie de la souffrance selon L\u00e9vinas\u00a0\u00bb (d&rsquo;une vuln\u00e9rabilit\u00e9 \u00e0 l&rsquo;autre)<\/li>\n<li>&nbsp;Une conf\u00e9rence de m\u00e9taphysique: \u00ab\u00a0Parm\u00e9nide ou la naissance ambigu\u00eb de l&rsquo;ontologie\u00a0\u00bb<\/li>\n<li>\u00ab\u00a0L&rsquo;amour \u00e0 l&rsquo;heure du net\u00a0\u00bb,<\/li>\n<li>\u00ab\u00a0La constitution dialogique de la parole selon Merleau-Ponty\u00a0\u00bb<\/li>\n<li>\u00ab\u00a0Si Dieu n&rsquo;existe pas, tout est-il permis?\u00a0\u00bb<\/li>\n<li>\u00ab\u00a0Que prouvent les preuves de l&rsquo;existence de Dieu?\u00a0\u00bb<\/li>\n<li>\u00ab\u00a0Etablir une fronti\u00e8re, c&rsquo;est toujours la franchir.\u00a0\u00bb (Hegel)<\/li>\n<li>\u00ab\u00a0Le langage incarn\u00e9\u00a0\u00bb (L\u00e9vinas)<\/li>\n<li>\u00ab\u00a0La jet\u00e9e de Chris Marker &#8211; ce film est l&rsquo;histoire d&rsquo;un homme marqu\u00e9 par une image d&rsquo;enfance\u00a0\u00bb<\/li>\n<li>\u00ab\u00a0A travers le miroir de Bergman &#8211; le d\u00e9sir d&rsquo;absolu\u00a0\u00bb<\/li>\n<li>\u00ab\u00a0Le h\u00e9ros hegelien &#8211; de l&rsquo;histoire \u00e0 la trag\u00e9die.\u00a0\u00bb<\/li>\n<\/ul>\n<h6 style=\"text-align: center;\"><a href=\"http:\/\/matthieudubost.fr\/accueil\/wp-content\/uploads\/2015\/12\/DSCF2317.jpg\"><img decoding=\"async\" loading=\"lazy\" class=\"alignnone size-medium wp-image-1729\" src=\"http:\/\/matthieudubost.fr\/accueil\/wp-content\/uploads\/2015\/12\/DSCF2317-224x300.jpg\" alt=\"DSCF2317\" width=\"224\" height=\"300\" srcset=\"http:\/\/matthieudubost.fr\/accueil\/wp-content\/uploads\/2015\/12\/DSCF2317-224x300.jpg 224w, http:\/\/matthieudubost.fr\/accueil\/wp-content\/uploads\/2015\/12\/DSCF2317-768x1024.jpg 768w, http:\/\/matthieudubost.fr\/accueil\/wp-content\/uploads\/2015\/12\/DSCF2317-133x177.jpg 133w\" sizes=\"(max-width: 224px) 100vw, 224px\" \/><\/a><\/h6>\n<h6 style=\"text-align: center;\"><em><span style=\"color: #c0c0c0;\">Visite de la N\u00e9cropole nationale de Notre-Dame-de-Lorette&nbsp;<\/span><\/em><em><span style=\"color: #c0c0c0;\">avec les kh\u00e2gneux de sainte-Marie de Neuilly<\/span><\/em><\/h6>\n","protected":false},"excerpt":{"rendered":"<p>Chers amis Vous trouverez DANS LES ONGLETS&nbsp;de cette rubrique les enregistrements de quelques unes de mes conf\u00e9rences. J&rsquo;y ajoute \u00e9ventuellement les textes et les plans qui les accompagnent. Les amis v\u00e9ritables sont-ils \u00e9go\u00efstes? Aristote et la querelle du \u00ab\u00a0pur amour\u00a0\u00bb. Le th\u00e9or\u00e8me d&rsquo;incertitude d&rsquo;Heisenberg &#8211; analyse d&rsquo;une crise des fondements de la physique. \u00ab\u00a0Le d\u00e9sir [&hellip;]<\/p>\n","protected":false},"author":1,"featured_media":0,"parent":0,"menu_order":0,"comment_status":"open","ping_status":"open","template":"","meta":[],"_links":{"self":[{"href":"http:\/\/matthieudubost.fr\/accueil\/wp-json\/wp\/v2\/pages\/649"}],"collection":[{"href":"http:\/\/matthieudubost.fr\/accueil\/wp-json\/wp\/v2\/pages"}],"about":[{"href":"http:\/\/matthieudubost.fr\/accueil\/wp-json\/wp\/v2\/types\/page"}],"author":[{"embeddable":true,"href":"http:\/\/matthieudubost.fr\/accueil\/wp-json\/wp\/v2\/users\/1"}],"replies":[{"embeddable":true,"href":"http:\/\/matthieudubost.fr\/accueil\/wp-json\/wp\/v2\/comments?post=649"}],"version-history":[{"count":61,"href":"http:\/\/matthieudubost.fr\/accueil\/wp-json\/wp\/v2\/pages\/649\/revisions"}],"predecessor-version":[{"id":4074,"href":"http:\/\/matthieudubost.fr\/accueil\/wp-json\/wp\/v2\/pages\/649\/revisions\/4074"}],"wp:attachment":[{"href":"http:\/\/matthieudubost.fr\/accueil\/wp-json\/wp\/v2\/media?parent=649"}],"curies":[{"name":"wp","href":"https:\/\/api.w.org\/{rel}","templated":true}]}}