{"id":498,"date":"2015-08-08T13:52:20","date_gmt":"2015-08-08T13:52:20","guid":{"rendered":"http:\/\/matthieudubost.fr\/accueil\/?page_id=498"},"modified":"2016-11-01T16:02:59","modified_gmt":"2016-11-01T16:02:59","slug":"ameliorer-son-style-a-lecrit-comme-a-loral","status":"publish","type":"page","link":"http:\/\/matthieudubost.fr\/accueil\/ameliorer-son-style-a-lecrit-comme-a-loral\/","title":{"rendered":"Am\u00e9liorer son style \u00e0 l&rsquo;\u00e9crit comme \u00e0 l&rsquo;oral"},"content":{"rendered":"<p><span style=\"color: #000000;\">Voici quelques extraits de mes diff\u00e9rents ouvrages. Vous pouvez-vous entra\u00eener gratuitement \u00e0 ces diff\u00e9rents concours. Retrouvez-les en int\u00e9gralit\u00e9<a href=\"http:\/\/www.editions-ellipses.fr\/advanced_search_result.php?keywords=matthieu+dubost&amp;amp;x=0&amp;amp;y=0\" target=\"_blank\"> ici<\/a>.<\/span><\/p>\n<p>Ici, vous trouverez quelques\u00a0rappels utiles sur la ponctuation dans\u00a0<a href=\"http:\/\/matthieudubost.fr\/accueil\/wp-content\/uploads\/2015\/08\/livrefran\u00e7aisMDubostCTurque.pdf\">Am\u00e9liorer son expression \u00e9crite et orale<\/a>\u00a0et dont voici les exercices:<\/p>\n<p>Exercices<\/p>\n<p>1. Mettez les points et les majuscules aux endroits qui conviennent.<\/p>\n<p>Chaque matin il allait lire le journal au m\u00eame caf\u00e9 il avait nou\u00e9 une certaine amiti\u00e9 avec le serveur il lui racontait les petits incidents de la veille ils discutaient parfois tous deux des \u00e9v\u00e8nements de l\u2019actualit\u00e9 ils partageaient les m\u00eames convictions ils se confiaient leurs soucis personnels<\/p>\n<p>&nbsp;<\/p>\n<p>2. M\u00eame exercice<\/p>\n<p>J\u2019ai longtemps h\u00e9sit\u00e9 \u00e0 partir vivre dans un pays \u00e9tranger j\u2019avais peur de l\u2019inconnu je craignais de devoir affronter seul de grosses difficult\u00e9s je n\u2019\u00e9tais pas s\u00fbr de pouvoir trouver un emploi cependant mon d\u00e9sir de faire de nouvelles exp\u00e9riences fut le plus fort un matin je d\u00e9cidai enfin de quitter ma famille<\/p>\n<p>3. M\u00eame exercice<\/p>\n<p>La vieille dame aimait vivre au bord de la mer elle \u00e9coutait le bruit des vagues elle s\u2019asseyait longuement sur un banc pour contempler l\u2019horizon ce spectacle la rendait sereine elle discutait parfois avec les p\u00eacheurs il lui arrivait aussi d\u2019aller jouer avec les enfants sur la plage parfois elle tentait de dessiner le paysage elle avait trouv\u00e9 l\u00e0 un v\u00e9ritable refuge<\/p>\n<p>4. M\u00eame exercice \u00a0Le t\u00e9l\u00e9phone portable offre de nombreux avantages petit et l\u00e9ger il peut \u00eatre emport\u00e9 facilement il pr\u00e9serve une certaine intimit\u00e9 dans les conversations personnelles plusieurs mod\u00e8les \u00e0 diff\u00e9rents prix sont disponibles dans le commerce en cas d\u2019urgence il permet de joindre rapidement un correspondant les mod\u00e8les r\u00e9cents offrent de multiples fonctions<\/p>\n<p>5. M\u00eame exercice<\/p>\n<p>Notre voyage fut tr\u00e8s int\u00e9ressant nous avons d\u00e9couvert des paysages magnifiques nous avons visit\u00e9 des monuments c\u00e9l\u00e8bres des spectacles de danses folkloriques nous ont \u00e9merveill\u00e9s nous avons go\u00fbt\u00e9 les sp\u00e9cialit\u00e9s locales les habitants nous ont accueillis chaleureusement ils nous ont montr\u00e9 de beaux objets d\u2019artisanat nous sommes rentr\u00e9s fatigu\u00e9s mais \u00e9merveill\u00e9s<\/p>\n<p>6. Avec chaque phrase, faites deux phrases s\u00e9par\u00e9es par un point.<\/p>\n<p>a) Il fut \u00e9tonn\u00e9 de trouver la maison vide parce qu\u2019il ignorait que sa famille avait d\u00e9m\u00e9nag\u00e9 pendant sa longue absence. b) Le voyageur chercha un endroit o\u00f9 s\u2019abriter parce que le ciel commen\u00e7ait \u00e0 se couvrir de nuages. c) Il nota toutes les informations qu\u2019on lui donnait parce qu\u2019elles pourraient lui servir dans l\u2019\u00e9laboration de son prochain roman. d) J\u2019aimerais trouver un travail durant les mois d\u2019\u00e9t\u00e9 parce qu\u2019il me permettrait de payer mes \u00e9tudes.<\/p>\n<p>7. Avec chaque phrase, faites deux phrases s\u00e9par\u00e9es par un point. Vous remplacerez la conjonction de subordination par un adverbe dans la deuxi\u00e8me phrase: ainsi, toutefois, donc, pourtant.<\/p>\n<p>a) Le marin fut surpris par une terrible temp\u00eate alors qu\u2019il \u00e9tait parti en mer le matin dans d\u2019excellentes conditions m\u00e9t\u00e9orologiques. b) J\u2019ai beaucoup d\u2019estime pour vous bien que je ne vous consid\u00e8re pas comme un ami proche. c) Il place tout ce qu\u2019il gagne \u00e0 la banque de sorte qu\u2019il dispose d\u2019une grosse somme d\u2019argent pour faire face \u00e0 des d\u00e9penses impr\u00e9vues. d) Le candidat n\u2019a pas eu le temps de finir son devoir si bien qu\u2019il s\u2019attend \u00e0 \u00e9chouer \u00e0 cet examen.<\/p>\n<p>8. Avec chaque phrase, faites deux phrases s\u00e9par\u00e9es par un point. Vous remplacerez le pronom relatif par un pronom personnel au d\u00e9but de la seconde phrase.<\/p>\n<p>a) J\u2019ai fait intervenir un technicien pour r\u00e9parer la t\u00e9l\u00e9vision qui \u00e9tait en panne depuis plusieurs jours. b) Je n\u2019ai pas assist\u00e9 \u00e0 ce concert exceptionnel qui a \u00e9t\u00e9 annul\u00e9 \u00e0 cause des intemp\u00e9ries. c) Il a fallu remplacer toutes les fleurs du jardin plant\u00e9es avant l\u2019\u00e9t\u00e9 qui \u00e9taient fan\u00e9es \u00e0 cause de la s\u00e9cheresse. d) Retir\u00e9 seul \u00e0 la campagne, le vieil homme fut ravi de recevoir la visite de sa petite fille qu\u2019il n\u2019avait pas revue depuis de longues ann\u00e9es.<\/p>\n<p>9. M\u00eame exercice<\/p>\n<p>a) Suivant les conseils d\u2019une di\u00e9t\u00e9ticienne je vais d\u00e9sormais assaisonner les salades avec des citrons qui sont excellents pour la sant\u00e9. b) La petite Zazie, venue de province \u00e0 Paris, fut tr\u00e8s d\u00e9\u00e7ue de ne pouvoir prendre le m\u00e9tro qui \u00e9tait en gr\u00e8ve.<\/p>\n","protected":false},"excerpt":{"rendered":"<p>Voici quelques extraits de mes diff\u00e9rents ouvrages. Vous pouvez-vous entra\u00eener gratuitement \u00e0 ces diff\u00e9rents concours. Retrouvez-les en int\u00e9gralit\u00e9 ici. Ici, vous trouverez quelques\u00a0rappels utiles sur la ponctuation dans\u00a0Am\u00e9liorer son expression \u00e9crite et orale\u00a0et dont voici les exercices: Exercices 1. Mettez les points et les majuscules aux endroits qui conviennent. Chaque matin il allait lire le [&hellip;]<\/p>\n","protected":false},"author":1,"featured_media":0,"parent":0,"menu_order":0,"comment_status":"open","ping_status":"open","template":"","meta":[],"_links":{"self":[{"href":"http:\/\/matthieudubost.fr\/accueil\/wp-json\/wp\/v2\/pages\/498"}],"collection":[{"href":"http:\/\/matthieudubost.fr\/accueil\/wp-json\/wp\/v2\/pages"}],"about":[{"href":"http:\/\/matthieudubost.fr\/accueil\/wp-json\/wp\/v2\/types\/page"}],"author":[{"embeddable":true,"href":"http:\/\/matthieudubost.fr\/accueil\/wp-json\/wp\/v2\/users\/1"}],"replies":[{"embeddable":true,"href":"http:\/\/matthieudubost.fr\/accueil\/wp-json\/wp\/v2\/comments?post=498"}],"version-history":[{"count":8,"href":"http:\/\/matthieudubost.fr\/accueil\/wp-json\/wp\/v2\/pages\/498\/revisions"}],"predecessor-version":[{"id":1053,"href":"http:\/\/matthieudubost.fr\/accueil\/wp-json\/wp\/v2\/pages\/498\/revisions\/1053"}],"wp:attachment":[{"href":"http:\/\/matthieudubost.fr\/accueil\/wp-json\/wp\/v2\/media?parent=498"}],"curies":[{"name":"wp","href":"https:\/\/api.w.org\/{rel}","templated":true}]}}