{"id":467,"date":"2015-08-08T13:37:27","date_gmt":"2015-08-08T13:37:27","guid":{"rendered":"http:\/\/matthieudubost.fr\/accueil\/?page_id=467"},"modified":"2015-08-08T18:35:17","modified_gmt":"2015-08-08T18:35:17","slug":"sentrainer-a-la-note-de-synthese","status":"publish","type":"page","link":"http:\/\/matthieudubost.fr\/accueil\/sentrainer-a-la-note-de-synthese\/","title":{"rendered":"S&rsquo;entra\u00eener \u00e0 la note de synth\u00e8se"},"content":{"rendered":"<p>Voici quelques extraits de mes diff\u00e9rents ouvrages. Vous pouvez-vous entra\u00eener gratuitement \u00e0 ces diff\u00e9rents concours. Retrouvez-les en int\u00e9gralit\u00e9 <a href=\"http:\/\/www.editions-ellipses.fr\/advanced_search_result.php?keywords=matthieu+dubost&amp;amp;x=0&amp;amp;y=0\" target=\"_blank\">ici<\/a>.<\/p>\n<ul>\n<li>Entra\u00eenez-vous sur les annales Tremplin 1 et lisez ensuite le\u00a0<a href=\"http:\/\/matthieudubost.fr\/accueil\/wp-content\/uploads\/2015\/08\/corrig\u00e9-de-lannale-Tremplin-1-de-2007.pdf\">corrig\u00e9 de l&rsquo;annale Tremplin 1 de 2007<\/a><\/li>\n<\/ul>\n<p>&nbsp;<\/p>\n","protected":false},"excerpt":{"rendered":"<p>Voici quelques extraits de mes diff\u00e9rents ouvrages. Vous pouvez-vous entra\u00eener gratuitement \u00e0 ces diff\u00e9rents concours. Retrouvez-les en int\u00e9gralit\u00e9 ici. Entra\u00eenez-vous sur les annales Tremplin 1 et lisez ensuite le\u00a0corrig\u00e9 de l&rsquo;annale Tremplin 1 de 2007 &nbsp;<\/p>\n","protected":false},"author":1,"featured_media":0,"parent":0,"menu_order":0,"comment_status":"open","ping_status":"open","template":"","meta":[],"_links":{"self":[{"href":"http:\/\/matthieudubost.fr\/accueil\/wp-json\/wp\/v2\/pages\/467"}],"collection":[{"href":"http:\/\/matthieudubost.fr\/accueil\/wp-json\/wp\/v2\/pages"}],"about":[{"href":"http:\/\/matthieudubost.fr\/accueil\/wp-json\/wp\/v2\/types\/page"}],"author":[{"embeddable":true,"href":"http:\/\/matthieudubost.fr\/accueil\/wp-json\/wp\/v2\/users\/1"}],"replies":[{"embeddable":true,"href":"http:\/\/matthieudubost.fr\/accueil\/wp-json\/wp\/v2\/comments?post=467"}],"version-history":[{"count":6,"href":"http:\/\/matthieudubost.fr\/accueil\/wp-json\/wp\/v2\/pages\/467\/revisions"}],"predecessor-version":[{"id":525,"href":"http:\/\/matthieudubost.fr\/accueil\/wp-json\/wp\/v2\/pages\/467\/revisions\/525"}],"wp:attachment":[{"href":"http:\/\/matthieudubost.fr\/accueil\/wp-json\/wp\/v2\/media?parent=467"}],"curies":[{"name":"wp","href":"https:\/\/api.w.org\/{rel}","templated":true}]}}