{"id":464,"date":"2015-08-08T13:37:07","date_gmt":"2015-08-08T13:37:07","guid":{"rendered":"http:\/\/matthieudubost.fr\/accueil\/?page_id=464"},"modified":"2015-08-08T18:35:45","modified_gmt":"2015-08-08T18:35:45","slug":"sentrainer-a-la-dissertation","status":"publish","type":"page","link":"http:\/\/matthieudubost.fr\/accueil\/sentrainer-a-la-dissertation\/","title":{"rendered":"S&rsquo;entra\u00eener \u00e0 la dissertation"},"content":{"rendered":"<p>Voici quelques extraits de mes diff\u00e9rents ouvrages. Vous pouvez-vous entra\u00eener gratuitement \u00e0 ces diff\u00e9rents concours. Retrouvez-les en int\u00e9gralit\u00e9 <a href=\"http:\/\/www.editions-ellipses.fr\/advanced_search_result.php?keywords=matthieu+dubost&amp;amp;x=0&amp;amp;y=0\" target=\"_blank\">ici<\/a>.<\/p>\n<ul>\n<li><a href=\"http:\/\/matthieudubost.fr\/accueil\/wp-content\/uploads\/2015\/08\/100-colles.pdf\">Dissertation extraite de 100 colles<\/a>\u00a0sur le sujet \u00ab\u00a0Sommes-nous europ\u00e9ens?\u00a0\u00bb<\/li>\n<\/ul>\n","protected":false},"excerpt":{"rendered":"<p>Voici quelques extraits de mes diff\u00e9rents ouvrages. Vous pouvez-vous entra\u00eener gratuitement \u00e0 ces diff\u00e9rents concours. Retrouvez-les en int\u00e9gralit\u00e9 ici. Dissertation extraite de 100 colles\u00a0sur le sujet \u00ab\u00a0Sommes-nous europ\u00e9ens?\u00a0\u00bb<\/p>\n","protected":false},"author":1,"featured_media":0,"parent":0,"menu_order":0,"comment_status":"open","ping_status":"open","template":"","meta":[],"_links":{"self":[{"href":"http:\/\/matthieudubost.fr\/accueil\/wp-json\/wp\/v2\/pages\/464"}],"collection":[{"href":"http:\/\/matthieudubost.fr\/accueil\/wp-json\/wp\/v2\/pages"}],"about":[{"href":"http:\/\/matthieudubost.fr\/accueil\/wp-json\/wp\/v2\/types\/page"}],"author":[{"embeddable":true,"href":"http:\/\/matthieudubost.fr\/accueil\/wp-json\/wp\/v2\/users\/1"}],"replies":[{"embeddable":true,"href":"http:\/\/matthieudubost.fr\/accueil\/wp-json\/wp\/v2\/comments?post=464"}],"version-history":[{"count":6,"href":"http:\/\/matthieudubost.fr\/accueil\/wp-json\/wp\/v2\/pages\/464\/revisions"}],"predecessor-version":[{"id":526,"href":"http:\/\/matthieudubost.fr\/accueil\/wp-json\/wp\/v2\/pages\/464\/revisions\/526"}],"wp:attachment":[{"href":"http:\/\/matthieudubost.fr\/accueil\/wp-json\/wp\/v2\/media?parent=464"}],"curies":[{"name":"wp","href":"https:\/\/api.w.org\/{rel}","templated":true}]}}