{"id":458,"date":"2015-08-08T13:34:42","date_gmt":"2015-08-08T13:34:42","guid":{"rendered":"http:\/\/matthieudubost.fr\/accueil\/?page_id=458"},"modified":"2015-08-08T18:34:33","modified_gmt":"2015-08-08T18:34:33","slug":"sentrainer-aux-concours-des-ecoles-dingenieurs-post-bac","status":"publish","type":"page","link":"http:\/\/matthieudubost.fr\/accueil\/sentrainer-aux-concours-des-ecoles-dingenieurs-post-bac\/","title":{"rendered":"S&rsquo;entra\u00eener aux concours des Ecoles d&rsquo;ing\u00e9nieurs post-bac"},"content":{"rendered":"<p>Voici quelques extraits de mes diff\u00e9rents ouvrages. Vous pouvez-vous entra\u00eener gratuitement \u00e0 ces diff\u00e9rents concours. Retrouvez-les en int\u00e9gralit\u00e9 <a href=\"http:\/\/www.editions-ellipses.fr\/advanced_search_result.php?keywords=matthieu+dubost&amp;amp;x=0&amp;amp;y=0\" target=\"_blank\">ici.<\/a><\/p>\n<ul>\n<li>quelques QCM pour le concours\u00a0<a title=\"Concours avenir\" href=\"http:\/\/matthieudubost.fr\/accueil\/wp-content\/uploads\/2015\/08\/Avenir.pdf\" target=\"_blank\">Avenir<\/a><\/li>\n<li>Des tests de maths et de logiques pour les\u00a0<a href=\"http:\/\/matthieudubost.fr\/accueil\/wp-content\/uploads\/2015\/08\/manuscritecolesdingenieurs.pdf\">Autres concours<\/a><\/li>\n<\/ul>\n","protected":false},"excerpt":{"rendered":"<p>Voici quelques extraits de mes diff\u00e9rents ouvrages. Vous pouvez-vous entra\u00eener gratuitement \u00e0 ces diff\u00e9rents concours. Retrouvez-les en int\u00e9gralit\u00e9 ici. quelques QCM pour le concours\u00a0Avenir Des tests de maths et de logiques pour les\u00a0Autres concours<\/p>\n","protected":false},"author":1,"featured_media":0,"parent":0,"menu_order":0,"comment_status":"open","ping_status":"open","template":"","meta":[],"_links":{"self":[{"href":"http:\/\/matthieudubost.fr\/accueil\/wp-json\/wp\/v2\/pages\/458"}],"collection":[{"href":"http:\/\/matthieudubost.fr\/accueil\/wp-json\/wp\/v2\/pages"}],"about":[{"href":"http:\/\/matthieudubost.fr\/accueil\/wp-json\/wp\/v2\/types\/page"}],"author":[{"embeddable":true,"href":"http:\/\/matthieudubost.fr\/accueil\/wp-json\/wp\/v2\/users\/1"}],"replies":[{"embeddable":true,"href":"http:\/\/matthieudubost.fr\/accueil\/wp-json\/wp\/v2\/comments?post=458"}],"version-history":[{"count":7,"href":"http:\/\/matthieudubost.fr\/accueil\/wp-json\/wp\/v2\/pages\/458\/revisions"}],"predecessor-version":[{"id":524,"href":"http:\/\/matthieudubost.fr\/accueil\/wp-json\/wp\/v2\/pages\/458\/revisions\/524"}],"wp:attachment":[{"href":"http:\/\/matthieudubost.fr\/accueil\/wp-json\/wp\/v2\/media?parent=458"}],"curies":[{"name":"wp","href":"https:\/\/api.w.org\/{rel}","templated":true}]}}