{"id":455,"date":"2015-08-08T13:34:22","date_gmt":"2015-08-08T13:34:22","guid":{"rendered":"http:\/\/matthieudubost.fr\/accueil\/?page_id=455"},"modified":"2015-08-08T18:32:35","modified_gmt":"2015-08-08T18:32:35","slug":"extraits-douvrages-pour-sentrainer-aux-concours-de-la-fonction-publique","status":"publish","type":"page","link":"http:\/\/matthieudubost.fr\/accueil\/extraits-douvrages-pour-sentrainer-aux-concours-de-la-fonction-publique\/","title":{"rendered":"S&rsquo;entra\u00eener aux concours de la fonction publique"},"content":{"rendered":"<p>Voici quelques extraits de mes diff\u00e9rents ouvrages. Vous pouvez-vous entra\u00eener gratuitement \u00e0 ces diff\u00e9rents concours. Retrouvez-les en int\u00e9gralit\u00e9 <a href=\"http:\/\/www.editions-ellipses.fr\/advanced_search_result.php?keywords=matthieu+dubost&amp;amp;x=0&amp;amp;y=0\" target=\"_blank\">ici<\/a>.<\/p>\n<ul>\n<li>un cours consacr\u00e9 \u00e0 l&rsquo;\u00e9conomie fran\u00e7aise pour\u00a0<a href=\"http:\/\/matthieudubost.fr\/accueil\/wp-content\/uploads\/2015\/08\/fonct-pub-A.pdf\">La culture g\u00e9n\u00e9rale aux concours de la fonction publique de cat\u00e9gorie A<\/a><\/li>\n<li>des QCM de concours pour\u00a0<a href=\"http:\/\/matthieudubost.fr\/accueil\/wp-content\/uploads\/2015\/08\/fonct-pub-B-MDubost.pdf\">La culture g\u00e9n\u00e9rale aux concours de la fonction publique de cat\u00e9gorie B<\/a><\/li>\n<li>des exercices tir\u00e9s de\u00a0<a href=\"http:\/\/matthieudubost.fr\/accueil\/wp-content\/uploads\/2015\/08\/Les-Tests-psychotechniques-en-clair.pdf\">Les Tests psychotechniques en clair<\/a><\/li>\n<li>quelques exercices extraits des\u00a0<a href=\"http:\/\/matthieudubost.fr\/accueil\/wp-content\/uploads\/2015\/08\/3000QCMCulturegeneraleMDubost.pdf\">3000 QCM de Culture g\u00e9n\u00e9rale<\/a><\/li>\n<\/ul>\n","protected":false},"excerpt":{"rendered":"<p>Voici quelques extraits de mes diff\u00e9rents ouvrages. Vous pouvez-vous entra\u00eener gratuitement \u00e0 ces diff\u00e9rents concours. Retrouvez-les en int\u00e9gralit\u00e9 ici. un cours consacr\u00e9 \u00e0 l&rsquo;\u00e9conomie fran\u00e7aise pour\u00a0La culture g\u00e9n\u00e9rale aux concours de la fonction publique de cat\u00e9gorie A des QCM de concours pour\u00a0La culture g\u00e9n\u00e9rale aux concours de la fonction publique de cat\u00e9gorie B des exercices [&hellip;]<\/p>\n","protected":false},"author":1,"featured_media":0,"parent":0,"menu_order":0,"comment_status":"open","ping_status":"open","template":"","meta":[],"_links":{"self":[{"href":"http:\/\/matthieudubost.fr\/accueil\/wp-json\/wp\/v2\/pages\/455"}],"collection":[{"href":"http:\/\/matthieudubost.fr\/accueil\/wp-json\/wp\/v2\/pages"}],"about":[{"href":"http:\/\/matthieudubost.fr\/accueil\/wp-json\/wp\/v2\/types\/page"}],"author":[{"embeddable":true,"href":"http:\/\/matthieudubost.fr\/accueil\/wp-json\/wp\/v2\/users\/1"}],"replies":[{"embeddable":true,"href":"http:\/\/matthieudubost.fr\/accueil\/wp-json\/wp\/v2\/comments?post=455"}],"version-history":[{"count":8,"href":"http:\/\/matthieudubost.fr\/accueil\/wp-json\/wp\/v2\/pages\/455\/revisions"}],"predecessor-version":[{"id":521,"href":"http:\/\/matthieudubost.fr\/accueil\/wp-json\/wp\/v2\/pages\/455\/revisions\/521"}],"wp:attachment":[{"href":"http:\/\/matthieudubost.fr\/accueil\/wp-json\/wp\/v2\/media?parent=455"}],"curies":[{"name":"wp","href":"https:\/\/api.w.org\/{rel}","templated":true}]}}