{"id":376,"date":"2015-07-18T16:03:19","date_gmt":"2015-07-18T16:03:19","guid":{"rendered":"http:\/\/matthieudubost.fr\/accueil\/?page_id=376"},"modified":"2015-07-19T08:24:25","modified_gmt":"2015-07-19T08:24:25","slug":"quelques-conseils-pour-les-concours","status":"publish","type":"page","link":"http:\/\/matthieudubost.fr\/accueil\/quelques-conseils-pour-les-concours\/","title":{"rendered":"Quelques conseils pour les concours d&rsquo;admissions parall\u00e8les, le Tage Mage, le Tage 2 et le Score IAE Message"},"content":{"rendered":"<p>Voici quelques conseils pour pr\u00e9parer sereinement les concours Tage Mage, Tage2, Tage post-bac, Avenir, Passerelle 1 et 2, Tremplin 1 et 2, Audencia et Score IAE Message.<\/p>\n<p><strong>1) Pour tous concours, la nervosit\u00e9 se g\u00e8re<\/strong> !<br \/>\nQue vous soyez un peu nerveux au d\u00e9but d\u2019un examen est normal et m\u00eame souhaitable car cela force votre attention. N\u00e9anmoins, il ne faut pas que cette tension devienne handicapante.<br \/>\nLes vieilles recettes sont les plus utiles ici.<br \/>\nRappelez-vous d\u2019abord que tout candidat qui se pr\u00e9pare \u00e0 un test a peu de chances de tout rater !<br \/>\nDeuxi\u00e8mement, vous devez arriver repos\u00e9 \u00e0 l\u2019examen : travaillez sans exc\u00e8s les jours qui pr\u00e9c\u00e8dent et surtout dormez bien !<br \/>\nEnfin, dites-vous toujours qu\u2019une \u00e9preuve ne fait pas tout un concours et que vous ne jouez pas votre vie dessus !<\/p>\n<p><strong>La juste mesure du travail<\/strong><br \/>\nCertains \u00e9tudiants se rassurent en multipliant les exercices, en encha\u00eenant les stages (dont la qualit\u00e9, rappelons-le, est tr\u00e8s variable, puisque souvent les \u00ab professeurs \u00bb sont des \u00e9tudiants\u2026)<br \/>\nOr l\u00e0 comme ailleurs il y a une juste mesure \u00e0 respecter : mieux vaut un concours blanc par semaine bien assimil\u00e9 et Vous pouvez par exemple vous proposer de faire 2 concours blancs par semaine de Tage Mage pendant 2 mois et demi dans cet <a href=\"http:\/\/www.editions-ellipses.fr\/product_info.php?products_id=8773\" target=\"_blank\">ouvrage<\/a> ou pr\u00e9parer de la m\u00eame fa\u00e7on le concours <a href=\"http:\/\/www.editions-ellipses.fr\/product_info.php?products_id=9967\" target=\"_blank\">Message<\/a>.<\/p>\n<p><strong>2) Ne pas r\u00e9pondre ponctuellement doit \u00eatre un choix !<\/strong><br \/>\nComme vous le savez, les mauvaises r\u00e9ponses sont sanctionn\u00e9es par un point n\u00e9gatif. C\u2019est pourquoi il vaut mieux ne pas r\u00e9pondre plut\u00f4t que de mal r\u00e9pondre.<br \/>\nCependant, cela ne doit pas vous inhiber ! Il serait dommage de vous emp\u00eacher de ne cocher aucune case l\u00e0 on l\u2019on peut gagner 4 points. Il faut donc choisir les questions o\u00f9 vraiment s\u2019abstenir. Je vous conseille pour cela de respecter deux crit\u00e8res :<br \/>\n1) un tr\u00e8s rapide coup d\u2019\u0153il vous permet de savoir le type d\u2019exercices qui tout au long de l\u2019ann\u00e9e vous a pos\u00e9 probl\u00e8me. Si par exemple vous d\u00e9testez les raisonnements sur des calendriers, ou les exercices de pourcentages, mieux vaut utiliser ce temps pour bien r\u00e9ussir les autres exercices<br \/>\n2) si dans un QCM vous avez \u00e9limin\u00e9 UNE SEULE r\u00e9ponse dont vous pensez qu\u2019elle est mauvaise, mais si les 4 autres sont \u00e0 vos yeux toujours possibles au bout d\u2019une minute 20 secondes, alors passez l\u2019exercice<\/p>\n<p><strong>Que savoir en maths au Tage Mage et Tage 2 ?<\/strong><br \/>\nIl ne faut pas que les \u00e9preuves de calcul ou de conditions minimales vous fassent peur outre mesure : elles r\u00e9clament essentiellement des connaissances de coll\u00e8ge, que vous pouvez avoir oubli\u00e9es mais qu\u2019il est tr\u00e8s facile de se rem\u00e9morer.<br \/>\nLe plus simple est de relire les parties de cours d\u2019un manuel r\u00e9dig\u00e9 par un vrai professeur de math\u00e9matiques.<br \/>\nVoici une r\u00e9f\u00e9rence utile qui contient tout ce dont vous avez besoin :<br \/>\nMath\u00e9matiques 3e fiches de rappel de Christophe Poulain (Ellipses)<\/p>\n<p><strong>Savoir anticiper les r\u00e9ponses<\/strong><br \/>\nLes candidats sont souvent press\u00e9s de lire les options des QCM apr\u00e8s avoir lu la question. C\u2019est naturel mais vous pouvez \u00e9viter bien des pi\u00e8ges en adoptant un r\u00e9flexe simple :<br \/>\nChaque fois que c\u2019est possible, essayez d\u2019anticiper la r\u00e9ponse. Autrement dit, faites comme si on vous posait une question simple, sans option. Vous \u00e9viterez ainsi bien des tentations et des h\u00e9sitations en lisant ensuite les options.<br \/>\n\u00a9Matthieu Dubost<\/p>\n<p><strong>Comment comparer les options ?<\/strong><br \/>\nUne fois que vous avez lu les options, deux m\u00e9thodes sont possibles :<br \/>\n1) vous commencez par \u00e9liminer les r\u00e9ponses les moins probables et remontez ainsi jusqu\u2019\u00e0 la bonne<br \/>\n2) ou bien vous prenez la premi\u00e8re option que vous comparez aux autres, vous l\u2019\u00e9liminez ou non. Vous faites ensuite la m\u00eame chose pour chacune de celles qui restent.<\/p>\n<p><strong>3) Que savoir en fran\u00e7ais aux concours Tage Mage, Tage 2 et Message ?<\/strong><br \/>\nLes connaissances de lettres du coll\u00e8ge et du lyc\u00e9e.<br \/>\nLa r\u00e9f\u00e9rence qui palliera toutes vos lacunes, l\u2019ind\u00e9modable par excellence, c\u2019est bien s\u00fbr Le Bled, de E et O Bled (Hachette). C\u2019est l\u2019\u0153uvre d\u2019experts de la langue fran\u00e7aise qui sont en l\u2019occurrence d\u2019une clart\u00e9 p\u00e9dagogique parfaite.<br \/>\n\u00a9Matthieu Dubost<\/p>\n<p><strong>4) Lire de tout et lire au quotidien<\/strong><br \/>\nQue vous deviez pr\u00e9parer le Tage Mage, le Tage 2, Message ou une note de synth\u00e8se, un m\u00eame conseil s\u2019impose : lisez !<br \/>\nEn effet, qu\u2019il s\u2019agisse des \u00e9preuves de compr\u00e9hension, de m\u00e9morisation, de dissertation ou de synth\u00e8se, vous devez vous familiariser avec des textes de toute nature mais de bonne facture. Un bel article d\u2019un grand quotidien chaque jour, un article d\u2019une revue de sciences humaines de temps en temps, voil\u00e0 qui vous pr\u00e9parera utilement.<br \/>\nMes pr\u00e9f\u00e9r\u00e9s :<br \/>\nLe monde<br \/>\nSciences humaines<br \/>\nLa Recherche<\/p>\n<p><strong>5) Pour les notes de synth\u00e8se<\/strong><br \/>\nAudencia<br \/>\nJ\u2019ai eu l\u2019occasion d\u2019en discuter avec le Directeur de l\u2019\u00e9cole : cette \u00e9preuve a pour but de voir si vous pouvez d\u00e9fendre une id\u00e9e en allant \u00e0 l\u2019essentiel et en d\u00e9fendant un point de vue surtout !<br \/>\nIl ne s\u2019agit donc pas d\u2019une dissertation classique o\u00f9 l\u2019on envisage fermement plusieurs points de vue diff\u00e9rents. Cependant, n\u2019oubliez pas qu\u2019une th\u00e8se est valable quand elle prend en compte les objections de l\u2019adversaire. Il n\u2019est donc ni mal venu ni hors sujet d\u2019ins\u00e9rer dans les arguments des allusions rapides aux objections.<br \/>\nC\u2019est ce que j\u2019ai fait dans les 7 corrig\u00e9s Audencia de mon livre <a href=\"http:\/\/www.editions-ellipses.fr\/product_info.php?products_id=8246\" target=\"_blank\">Synth\u00e8se et Dissertation avec A. Petitpoisson<\/a> (Ellipses)<br \/>\n\u00a9Matthieu Dubost<\/p>\n<p>Passerelle<br \/>\nPas de conclusion !<br \/>\nPour en avoir parl\u00e9 avec le jury qui corrige le concours, il n\u2019est pas n\u00e9cessaire de faire une conclusion. C\u2019est la seule synth\u00e8se o\u00f9 ce conseil est valable. Mais en 2 heures, cela fait gagner quelques secondes bien pr\u00e9cieuses !<\/p>\n<p>Tremplin 1<br \/>\nLa r\u00e9flexion argument\u00e9e, un exercice de style intelligent !<br \/>\nCette \u00e9preuve fait souvent peur par sa concision. On ne doit pas d\u00e9passer 120 mots et faire une vraie dissertation !<br \/>\nEn r\u00e9alit\u00e9, le plus habile est de vous contenter d\u2019une phrase d\u2019introduction et de deux paragraphes, un pour chaque argument. De cette mani\u00e8re, vous vous \u00e9viterez d\u2019\u00eatre allusif. Cela veut dire bien s\u00fbr que vous mettrez l\u2019argument le plus fort en seconde position, puisque c\u2019est lui qui termine la r\u00e9flexion.<\/p>\n<p><strong>6) La culture g\u00e9n\u00e9rale pour le Score IAE MESSAGE<\/strong><br \/>\nQue savoir en culture g\u00e9n\u00e9rale ?<br \/>\nPas la peine d\u2019avaler toute l\u2019encyclop\u00e9die la veille du concours ! Je vous conseille de revoir d\u2019abord les livres d\u2019histoire qui \u00ab ratissent \u00bb large et qui vous permettront de tout r\u00e9viser \u00e0 partir d\u2019une seule mati\u00e8re.<br \/>\nPar ailleurs, on veut aussi v\u00e9rifier vos connaissances en langue fran\u00e7aise. La r\u00e9f\u00e9rence qui palliera toutes vos lacunes, l\u2019ind\u00e9modable par excellence, c\u2019est bien s\u00fbr Le Bled, de E et O Bled (Hachette). C\u2019est l\u2019\u0153uvre d\u2019experts de la langue fran\u00e7aise qui sont en l\u2019occurrence d\u2019une clart\u00e9 p\u00e9dagogique parfaite.<br \/>\nPour vous entra\u00eener, vous pouvez utiliser mon dernier ouvrage ou je pr\u00e9sente d\u2019abord <a href=\"http:\/\/www.editions-ellipses.fr\/product_info.php?products_id=10111\" target=\"_blank\">1000 questions classiques<\/a> qui permettent de faire le point puis 50 concours blanc: <a href=\"http:\/\/www.editions-ellipses.fr\/product_info.php?products_id=9498\" target=\"_blank\">3000 QCM de culture g\u00e9n\u00e9rale<\/a> (Ellipses)<br \/>\n\u00a9Matthieu Dubost<\/p>\n<p>&nbsp;<\/p>\n<p>&nbsp;<\/p>\n<p>&nbsp;<\/p>\n<p>&nbsp;<\/p>\n<p>&nbsp;<\/p>\n<p>&nbsp;<\/p>\n","protected":false},"excerpt":{"rendered":"<p>Voici quelques conseils pour pr\u00e9parer sereinement les concours Tage Mage, Tage2, Tage post-bac, Avenir, Passerelle 1 et 2, Tremplin 1 et 2, Audencia et Score IAE Message. 1) Pour tous concours, la nervosit\u00e9 se g\u00e8re ! Que vous soyez un peu nerveux au d\u00e9but d\u2019un examen est normal et m\u00eame souhaitable car cela force votre [&hellip;]<\/p>\n","protected":false},"author":1,"featured_media":0,"parent":0,"menu_order":0,"comment_status":"open","ping_status":"open","template":"","meta":[],"_links":{"self":[{"href":"http:\/\/matthieudubost.fr\/accueil\/wp-json\/wp\/v2\/pages\/376"}],"collection":[{"href":"http:\/\/matthieudubost.fr\/accueil\/wp-json\/wp\/v2\/pages"}],"about":[{"href":"http:\/\/matthieudubost.fr\/accueil\/wp-json\/wp\/v2\/types\/page"}],"author":[{"embeddable":true,"href":"http:\/\/matthieudubost.fr\/accueil\/wp-json\/wp\/v2\/users\/1"}],"replies":[{"embeddable":true,"href":"http:\/\/matthieudubost.fr\/accueil\/wp-json\/wp\/v2\/comments?post=376"}],"version-history":[{"count":7,"href":"http:\/\/matthieudubost.fr\/accueil\/wp-json\/wp\/v2\/pages\/376\/revisions"}],"predecessor-version":[{"id":402,"href":"http:\/\/matthieudubost.fr\/accueil\/wp-json\/wp\/v2\/pages\/376\/revisions\/402"}],"wp:attachment":[{"href":"http:\/\/matthieudubost.fr\/accueil\/wp-json\/wp\/v2\/media?parent=376"}],"curies":[{"name":"wp","href":"https:\/\/api.w.org\/{rel}","templated":true}]}}