{"id":3694,"date":"2023-09-07T17:56:49","date_gmt":"2023-09-07T17:56:49","guid":{"rendered":"https:\/\/matthieudubost.fr\/accueil\/?page_id=3694"},"modified":"2023-09-08T09:22:46","modified_gmt":"2023-09-08T09:22:46","slug":"ghandi-ou-la-force-de-la-non-violence","status":"publish","type":"page","link":"http:\/\/matthieudubost.fr\/accueil\/ghandi-ou-la-force-de-la-non-violence\/","title":{"rendered":"Gandhi ou la force de la non-violence"},"content":{"rendered":"\n<p>Voici une conf\u00e9rence et ses documents donn\u00e9s \u00e0 l&rsquo;occasion de la session de rentr\u00e9e du Centre Dani\u00e9lou en septembre 2023. Bonne \u00e9coute \u00e0 tous!<\/p>\n\n\n\n<figure class=\"wp-block-audio\"><audio controls src=\"https:\/\/matthieudubost.fr\/accueil\/wp-content\/uploads\/2023\/09\/230906_144153_00-1.mp3\"><\/audio><\/figure>\n\n\n\n<div class=\"wp-block-file\"><object class=\"wp-block-file__embed\" data=\"https:\/\/matthieudubost.fr\/accueil\/wp-content\/uploads\/2023\/09\/plan-et-textes-2.pdf\" type=\"application\/pdf\" style=\"width:100%;height:600px\" aria-label=\"Contenu embarqu\u00e9 plan-et-textes-2.\"><\/object><a id=\"wp-block-file--media-6f9b37de-9529-46dd-8410-0c8312b6f7e3\" href=\"https:\/\/matthieudubost.fr\/accueil\/wp-content\/uploads\/2023\/09\/plan-et-textes-2.pdf\">plan-et-textes-2<\/a><a href=\"https:\/\/matthieudubost.fr\/accueil\/wp-content\/uploads\/2023\/09\/plan-et-textes-2.pdf\" class=\"wp-block-file__button wp-element-button\" download aria-describedby=\"wp-block-file--media-6f9b37de-9529-46dd-8410-0c8312b6f7e3\">T\u00e9l\u00e9charger<\/a><\/div>\n","protected":false},"excerpt":{"rendered":"<p>Voici une conf\u00e9rence et ses documents donn\u00e9s \u00e0 l&rsquo;occasion de la session de rentr\u00e9e du Centre Dani\u00e9lou en septembre 2023. Bonne \u00e9coute \u00e0 tous!<\/p>\n","protected":false},"author":1,"featured_media":0,"parent":0,"menu_order":0,"comment_status":"closed","ping_status":"closed","template":"","meta":[],"_links":{"self":[{"href":"http:\/\/matthieudubost.fr\/accueil\/wp-json\/wp\/v2\/pages\/3694"}],"collection":[{"href":"http:\/\/matthieudubost.fr\/accueil\/wp-json\/wp\/v2\/pages"}],"about":[{"href":"http:\/\/matthieudubost.fr\/accueil\/wp-json\/wp\/v2\/types\/page"}],"author":[{"embeddable":true,"href":"http:\/\/matthieudubost.fr\/accueil\/wp-json\/wp\/v2\/users\/1"}],"replies":[{"embeddable":true,"href":"http:\/\/matthieudubost.fr\/accueil\/wp-json\/wp\/v2\/comments?post=3694"}],"version-history":[{"count":6,"href":"http:\/\/matthieudubost.fr\/accueil\/wp-json\/wp\/v2\/pages\/3694\/revisions"}],"predecessor-version":[{"id":3714,"href":"http:\/\/matthieudubost.fr\/accueil\/wp-json\/wp\/v2\/pages\/3694\/revisions\/3714"}],"wp:attachment":[{"href":"http:\/\/matthieudubost.fr\/accueil\/wp-json\/wp\/v2\/media?parent=3694"}],"curies":[{"name":"wp","href":"https:\/\/api.w.org\/{rel}","templated":true}]}}