{"id":363,"date":"2015-12-01T01:00:08","date_gmt":"2015-12-01T01:00:08","guid":{"rendered":"http:\/\/matthieudubost.fr\/accueil\/?page_id=363"},"modified":"2015-12-19T12:39:08","modified_gmt":"2015-12-19T12:39:08","slug":"tests-inedits-et-gratuits-pour-preparer-les-concours-tage-mage-tage2-tage-post-bac-et-message","status":"publish","type":"page","link":"http:\/\/matthieudubost.fr\/accueil\/tests-inedits-et-gratuits-pour-preparer-les-concours-tage-mage-tage2-tage-post-bac-et-message\/","title":{"rendered":"Tests in\u00e9dits et gratuits pour pr\u00e9parer les concours Tage Mage, Tage2, Tage post-bac, Avenir, Passerelle 1 et 2, Tremplin 1 et 2 et Score IAE Message"},"content":{"rendered":"<p>N&rsquo;h\u00e9sitez pas \u00e0 consulter mes <a href=\"http:\/\/www.editions-ellipses.fr\/advanced_search_result.php?keywords=dubost+matthieu&amp;x=0&amp;y=0\" target=\"_blank\">ouvrages<\/a> qui sont particuli\u00e8rement riches en entra\u00eenements !<\/p>\n<p>En attendant, voici quelques tests gratuits:<\/p>\n<ol>\n<li>pour les concours Tage Mage, Tage2, Tage post-bac, Passerelle 1 et 2, Tremplin 1 et 2, Avenir et Message, voici quelques tests d&rsquo;expression, de lexiphrase et de connaissance g\u00e9n\u00e9rale de la langue fran\u00e7aise.<a href=\"http:\/\/matthieudubost.fr\/accueil\/wp-content\/uploads\/2015\/07\/EXPRESSION.pdf\">Test 1<\/a><\/li>\n<li>pour les concours Tage Mage, Message, Passerelle 1 et 2, Tremplin, voici quelques exercices de logique <a href=\"http:\/\/matthieudubost.fr\/accueil\/wp-content\/uploads\/2015\/07\/raisonnement.pdf\">Test 2<\/a><\/li>\n<li>pour les concours Tage Mage, Tage2, Tage post-bac, Passerelle 1 et 2, Tremplin 1 et 2, Avenir et Message, voici enfin quelques exercices de compr\u00e9hension. <a href=\"http:\/\/matthieudubost.fr\/accueil\/wp-content\/uploads\/2015\/07\/Compr\u00e9hension.pdf\">Test 3<\/a><\/li>\n<\/ol>\n<p>&nbsp;<\/p>\n","protected":false},"excerpt":{"rendered":"<p>N&rsquo;h\u00e9sitez pas \u00e0 consulter mes ouvrages qui sont particuli\u00e8rement riches en entra\u00eenements ! En attendant, voici quelques tests gratuits: pour les concours Tage Mage, Tage2, Tage post-bac, Passerelle 1 et 2, Tremplin 1 et 2, Avenir et Message, voici quelques tests d&rsquo;expression, de lexiphrase et de connaissance g\u00e9n\u00e9rale de la langue fran\u00e7aise.Test 1 pour les [&hellip;]<\/p>\n","protected":false},"author":1,"featured_media":0,"parent":0,"menu_order":0,"comment_status":"open","ping_status":"open","template":"","meta":[],"_links":{"self":[{"href":"http:\/\/matthieudubost.fr\/accueil\/wp-json\/wp\/v2\/pages\/363"}],"collection":[{"href":"http:\/\/matthieudubost.fr\/accueil\/wp-json\/wp\/v2\/pages"}],"about":[{"href":"http:\/\/matthieudubost.fr\/accueil\/wp-json\/wp\/v2\/types\/page"}],"author":[{"embeddable":true,"href":"http:\/\/matthieudubost.fr\/accueil\/wp-json\/wp\/v2\/users\/1"}],"replies":[{"embeddable":true,"href":"http:\/\/matthieudubost.fr\/accueil\/wp-json\/wp\/v2\/comments?post=363"}],"version-history":[{"count":8,"href":"http:\/\/matthieudubost.fr\/accueil\/wp-json\/wp\/v2\/pages\/363\/revisions"}],"predecessor-version":[{"id":648,"href":"http:\/\/matthieudubost.fr\/accueil\/wp-json\/wp\/v2\/pages\/363\/revisions\/648"}],"wp:attachment":[{"href":"http:\/\/matthieudubost.fr\/accueil\/wp-json\/wp\/v2\/media?parent=363"}],"curies":[{"name":"wp","href":"https:\/\/api.w.org\/{rel}","templated":true}]}}