{"id":358,"date":"2015-07-18T15:26:15","date_gmt":"2015-07-18T15:26:15","guid":{"rendered":"http:\/\/matthieudubost.fr\/accueil\/?page_id=358"},"modified":"2015-08-08T18:36:40","modified_gmt":"2015-08-08T18:36:40","slug":"quelques-tests-psyhotechniques","status":"publish","type":"page","link":"http:\/\/matthieudubost.fr\/accueil\/quelques-tests-psyhotechniques\/","title":{"rendered":"Quelques tests psychotechniques"},"content":{"rendered":"<p>Mon \u00e9diteur vous propose un aper\u00e7u de mes tests logiques.<\/p>\n<ul>\n<li>Voici tout d&rsquo;abord un extrait de <a href=\"http:\/\/www.editions-ellipses.fr\/PDF\/9782729878870_extrait.pdf\" target=\"_blank\">s\u00e9ries num\u00e9riques et verbales<\/a>, fr\u00e9quentes dans de nombreux concours.<\/li>\n<li>Quelques tests de ma\u00eetrise des<a href=\"http:\/\/www.editions-ellipses.fr\/PDF\/9782729883959_extrait.pdf\" target=\"_blank\"> comp\u00e9tences verbales<\/a>.<\/li>\n<li>Un exemple de test de <a href=\"http:\/\/www.editions-ellipses.fr\/PDF\/9782729871567_extrait.pdf\" target=\"_blank\">compr\u00e9hension<\/a>.<\/li>\n<li>Voici enfin quelques <a href=\"http:\/\/www.editions-ellipses.fr\/PDF\/9782729885076_extrait.pdf\" target=\"_blank\">tactiques<\/a> valables pour tous les QCM afin d&rsquo;optimiser son score.<\/li>\n<\/ul>\n","protected":false},"excerpt":{"rendered":"<p>Mon \u00e9diteur vous propose un aper\u00e7u de mes tests logiques. Voici tout d&rsquo;abord un extrait de s\u00e9ries num\u00e9riques et verbales, fr\u00e9quentes dans de nombreux concours. Quelques tests de ma\u00eetrise des comp\u00e9tences verbales. Un exemple de test de compr\u00e9hension. Voici enfin quelques tactiques valables pour tous les QCM afin d&rsquo;optimiser son score.<\/p>\n","protected":false},"author":1,"featured_media":0,"parent":0,"menu_order":0,"comment_status":"open","ping_status":"open","template":"","meta":[],"_links":{"self":[{"href":"http:\/\/matthieudubost.fr\/accueil\/wp-json\/wp\/v2\/pages\/358"}],"collection":[{"href":"http:\/\/matthieudubost.fr\/accueil\/wp-json\/wp\/v2\/pages"}],"about":[{"href":"http:\/\/matthieudubost.fr\/accueil\/wp-json\/wp\/v2\/types\/page"}],"author":[{"embeddable":true,"href":"http:\/\/matthieudubost.fr\/accueil\/wp-json\/wp\/v2\/users\/1"}],"replies":[{"embeddable":true,"href":"http:\/\/matthieudubost.fr\/accueil\/wp-json\/wp\/v2\/comments?post=358"}],"version-history":[{"count":6,"href":"http:\/\/matthieudubost.fr\/accueil\/wp-json\/wp\/v2\/pages\/358\/revisions"}],"predecessor-version":[{"id":527,"href":"http:\/\/matthieudubost.fr\/accueil\/wp-json\/wp\/v2\/pages\/358\/revisions\/527"}],"wp:attachment":[{"href":"http:\/\/matthieudubost.fr\/accueil\/wp-json\/wp\/v2\/media?parent=358"}],"curies":[{"name":"wp","href":"https:\/\/api.w.org\/{rel}","templated":true}]}}