{"id":3445,"date":"2022-10-24T14:00:06","date_gmt":"2022-10-24T14:00:06","guid":{"rendered":"http:\/\/matthieudubost.fr\/accueil\/?page_id=3445"},"modified":"2022-10-24T14:12:57","modified_gmt":"2022-10-24T14:12:57","slug":"la-planete-des-singes-fj-schaffner","status":"publish","type":"page","link":"http:\/\/matthieudubost.fr\/accueil\/la-planete-des-singes-fj-schaffner\/","title":{"rendered":"La plan\u00e8te des singes (FJ Schaffner)"},"content":{"rendered":"<p>Voici une courte introduction au th\u00e8me philosophique du monde dans le cin\u00e9ma de science-fiction :\u00a0<a href=\"http:\/\/matthieudubost.fr\/accueil\/wp-content\/uploads\/2022\/10\/La-plan\u00e8te-des-singes.mp3\">La plan\u00e8te des singes<\/a><\/p>\n","protected":false},"excerpt":{"rendered":"<p>Voici une courte introduction au th\u00e8me philosophique du monde dans le cin\u00e9ma de science-fiction :\u00a0La plan\u00e8te des singes<\/p>\n","protected":false},"author":1,"featured_media":0,"parent":0,"menu_order":0,"comment_status":"closed","ping_status":"open","template":"","meta":[],"_links":{"self":[{"href":"http:\/\/matthieudubost.fr\/accueil\/wp-json\/wp\/v2\/pages\/3445"}],"collection":[{"href":"http:\/\/matthieudubost.fr\/accueil\/wp-json\/wp\/v2\/pages"}],"about":[{"href":"http:\/\/matthieudubost.fr\/accueil\/wp-json\/wp\/v2\/types\/page"}],"author":[{"embeddable":true,"href":"http:\/\/matthieudubost.fr\/accueil\/wp-json\/wp\/v2\/users\/1"}],"replies":[{"embeddable":true,"href":"http:\/\/matthieudubost.fr\/accueil\/wp-json\/wp\/v2\/comments?post=3445"}],"version-history":[{"count":3,"href":"http:\/\/matthieudubost.fr\/accueil\/wp-json\/wp\/v2\/pages\/3445\/revisions"}],"predecessor-version":[{"id":3459,"href":"http:\/\/matthieudubost.fr\/accueil\/wp-json\/wp\/v2\/pages\/3445\/revisions\/3459"}],"wp:attachment":[{"href":"http:\/\/matthieudubost.fr\/accueil\/wp-json\/wp\/v2\/media?parent=3445"}],"curies":[{"name":"wp","href":"https:\/\/api.w.org\/{rel}","templated":true}]}}