{"id":339,"date":"2015-07-18T14:46:29","date_gmt":"2015-07-18T14:46:29","guid":{"rendered":"http:\/\/matthieudubost.fr\/accueil\/?page_id=339"},"modified":"2023-06-08T17:41:44","modified_gmt":"2023-06-08T17:41:44","slug":"emergence-et-developpement-du-concept-dintentionnalite","status":"publish","type":"page","link":"http:\/\/matthieudubost.fr\/accueil\/emergence-et-developpement-du-concept-dintentionnalite\/","title":{"rendered":"SMN : Emergence et d\u00e9veloppement du concept d\u2019intentionnalit\u00e9, de Husserl \u00e0 L\u00e9vinas"},"content":{"rendered":"","protected":true},"excerpt":{"rendered":"","protected":true},"author":1,"featured_media":0,"parent":0,"menu_order":0,"comment_status":"open","ping_status":"closed","template":"","meta":[],"_links":{"self":[{"href":"http:\/\/matthieudubost.fr\/accueil\/wp-json\/wp\/v2\/pages\/339"}],"collection":[{"href":"http:\/\/matthieudubost.fr\/accueil\/wp-json\/wp\/v2\/pages"}],"about":[{"href":"http:\/\/matthieudubost.fr\/accueil\/wp-json\/wp\/v2\/types\/page"}],"author":[{"embeddable":true,"href":"http:\/\/matthieudubost.fr\/accueil\/wp-json\/wp\/v2\/users\/1"}],"replies":[{"embeddable":true,"href":"http:\/\/matthieudubost.fr\/accueil\/wp-json\/wp\/v2\/comments?post=339"}],"version-history":[{"count":102,"href":"http:\/\/matthieudubost.fr\/accueil\/wp-json\/wp\/v2\/pages\/339\/revisions"}],"predecessor-version":[{"id":3559,"href":"http:\/\/matthieudubost.fr\/accueil\/wp-json\/wp\/v2\/pages\/339\/revisions\/3559"}],"wp:attachment":[{"href":"http:\/\/matthieudubost.fr\/accueil\/wp-json\/wp\/v2\/media?parent=339"}],"curies":[{"name":"wp","href":"https:\/\/api.w.org\/{rel}","templated":true}]}}