{"id":3326,"date":"2021-10-07T06:35:23","date_gmt":"2021-10-07T06:35:23","guid":{"rendered":"http:\/\/matthieudubost.fr\/accueil\/?page_id=3326"},"modified":"2021-10-07T06:44:25","modified_gmt":"2021-10-07T06:44:25","slug":"le-plaisir-de-m-ophuls","status":"publish","type":"page","link":"http:\/\/matthieudubost.fr\/accueil\/le-plaisir-de-m-ophuls\/","title":{"rendered":"Le Plaisir de M Ophuls"},"content":{"rendered":"<p>Voici une pr\u00e9sentation succincte du film d&rsquo;Ophuls. Le premier extrait analys\u00e9 va du d\u00e9but du film \u00e0 la minute 6 et le second correspond \u00e0 l&rsquo;arriv\u00e9e des femmes en gare ainsi qu&rsquo;\u00e0 leur d\u00e9part vers l&rsquo;\u00e9glise.<\/p>\n<p><a href=\"http:\/\/matthieudubost.fr\/accueil\/wp-content\/uploads\/2021\/10\/Le-plaisir.mp3\">Le plaisir<\/a><\/p>\n","protected":false},"excerpt":{"rendered":"<p>Voici une pr\u00e9sentation succincte du film d&rsquo;Ophuls. Le premier extrait analys\u00e9 va du d\u00e9but du film \u00e0 la minute 6 et le second correspond \u00e0 l&rsquo;arriv\u00e9e des femmes en gare ainsi qu&rsquo;\u00e0 leur d\u00e9part vers l&rsquo;\u00e9glise. Le plaisir<\/p>\n","protected":false},"author":1,"featured_media":0,"parent":0,"menu_order":0,"comment_status":"closed","ping_status":"open","template":"","meta":[],"_links":{"self":[{"href":"http:\/\/matthieudubost.fr\/accueil\/wp-json\/wp\/v2\/pages\/3326"}],"collection":[{"href":"http:\/\/matthieudubost.fr\/accueil\/wp-json\/wp\/v2\/pages"}],"about":[{"href":"http:\/\/matthieudubost.fr\/accueil\/wp-json\/wp\/v2\/types\/page"}],"author":[{"embeddable":true,"href":"http:\/\/matthieudubost.fr\/accueil\/wp-json\/wp\/v2\/users\/1"}],"replies":[{"embeddable":true,"href":"http:\/\/matthieudubost.fr\/accueil\/wp-json\/wp\/v2\/comments?post=3326"}],"version-history":[{"count":3,"href":"http:\/\/matthieudubost.fr\/accueil\/wp-json\/wp\/v2\/pages\/3326\/revisions"}],"predecessor-version":[{"id":3332,"href":"http:\/\/matthieudubost.fr\/accueil\/wp-json\/wp\/v2\/pages\/3326\/revisions\/3332"}],"wp:attachment":[{"href":"http:\/\/matthieudubost.fr\/accueil\/wp-json\/wp\/v2\/media?parent=3326"}],"curies":[{"name":"wp","href":"https:\/\/api.w.org\/{rel}","templated":true}]}}