{"id":297,"date":"2015-07-17T21:16:59","date_gmt":"2015-07-17T21:16:59","guid":{"rendered":"http:\/\/matthieudubost.fr\/accueil\/?page_id=297"},"modified":"2020-01-04T20:03:59","modified_gmt":"2020-01-04T20:03:59","slug":"articles-en-ligne","status":"publish","type":"page","link":"http:\/\/matthieudubost.fr\/accueil\/articles-en-ligne\/","title":{"rendered":"Articles en ligne"},"content":{"rendered":"<div id=\"attachment_2759\" style=\"width: 211px\" class=\"wp-caption aligncenter\"><a href=\"http:\/\/matthieudubost.fr\/accueil\/wp-content\/uploads\/2015\/07\/AN00182528_001_l.jpg\"><img aria-describedby=\"caption-attachment-2759\" decoding=\"async\" loading=\"lazy\" class=\"wp-image-2759 size-medium\" src=\"http:\/\/matthieudubost.fr\/accueil\/wp-content\/uploads\/2015\/07\/AN00182528_001_l-201x300.jpg\" alt=\"AN00182528_001_l\" width=\"201\" height=\"300\" srcset=\"http:\/\/matthieudubost.fr\/accueil\/wp-content\/uploads\/2015\/07\/AN00182528_001_l-201x300.jpg 201w, http:\/\/matthieudubost.fr\/accueil\/wp-content\/uploads\/2015\/07\/AN00182528_001_l-688x1024.jpg 688w, http:\/\/matthieudubost.fr\/accueil\/wp-content\/uploads\/2015\/07\/AN00182528_001_l.jpg 750w\" sizes=\"(max-width: 201px) 100vw, 201px\" \/><\/a><p id=\"caption-attachment-2759\" class=\"wp-caption-text\">L&rsquo;intelligence. Burin sur Verg\u00e9 vers 1560 de Cornelis Cort, d&rsquo;apr\u00e8s Frans Floris.<\/p><\/div>\n<p>Voici quelques articles en libre acc\u00e8s.<\/p>\n<p>Les premiers sont \u00e0 consulter sur ce site:<\/p>\n<ul>\n<li><a href=\"http:\/\/matthieudubost.fr\/accueil\/wp-content\/uploads\/2015\/07\/Le-pardon-selon-Emmanuel-L\u00e9vinas.doc\">Le pardon selon Emmanuel L\u00e9vinas<\/a><\/li>\n<li><em><a href=\"http:\/\/matthieudubost.fr\/accueil\/wp-content\/uploads\/2015\/07\/Le-langage-de-lamiti\u00e9-selon-Merleau-Ponty.doc\">Le langage de l&rsquo;amiti\u00e9 selon Merleau-Ponty<\/a>\u00a0selon Merleau-Ponty<\/em><\/li>\n<li><a href=\"http:\/\/matthieudubost.fr\/accueil\/wp-content\/uploads\/2015\/07\/Image-de-soi-et-image-de-lautre.pdf\">Image de soi et image de l&rsquo;autre<\/a> chez Merleau-Ponty<\/li>\n<li>un r\u00e9sum\u00e9 et un commentaire d&rsquo;un essai peu connu de Paul Val\u00e9ry, <em><a href=\"http:\/\/matthieudubost.fr\/accueil\/wp-content\/uploads\/2015\/07\/Les-Principes-d\u2019an-archie-pure-et-appliqu\u00e9e.doc\">Les Principes d\u2019an-archie pure et appliqu\u00e9e<\/a><\/em><\/li>\n<li>une r\u00e9flexion libre sur le <em>Livre des passages <\/em>de Walter Benjamin, <em><a href=\"http:\/\/matthieudubost.fr\/accueil\/wp-content\/uploads\/2015\/07\/Penser-le-changement-par-limage.doc\">Penser le changement par l&rsquo;image<\/a><\/em><\/li>\n<li><a href=\"http:\/\/matthieudubost.fr\/accueil\/wp-content\/uploads\/2015\/07\/Vers-une-r\u00e9habilitation-ph\u00e9nom\u00e9nologique-du-parfum.pdf\">Vers une r\u00e9habilitation ph\u00e9nom\u00e9nologique du parfum<\/a>, \u00e0 partir de Merleau-Ponty et de Roudnistska<\/li>\n<\/ul>\n<p>Les suivants sont \u00e0 consulter sur des sites amis:<\/p>\n<ul>\n<li><a href=\"http:\/\/books.openedition.org\/pupo\/915?lang=fr\" target=\"_blank\"><em>Lire et commenter selon Blanchot et L\u00e9vinas <\/em><\/a>paru dans <em>Blanchot et L\u00e9vinas : penser la diff\u00e9rence<\/em><\/li>\n<li><a href=\"https:\/\/books.google.fr\/books?id=7s8haSz2wGwC&amp;pg=PA258&amp;lpg=PA258&amp;dq=dubost+matthieu+style+de+l%27autre&amp;source=bl&amp;ots=b_TGf6ae5m&amp;sig=G_PeH7OciRXpRwZHx1a5putyABE&amp;hl=fr&amp;sa=X&amp;ved=0CCYQ6AEwAWoVChMIxbDVtJ_kxgIVQ74UCh0NqQAa#v=onepage&amp;q=dubost%20matthieu%20style%20de%20l%27autre&amp;f=false\" target=\"_blank\"><em>L\u00e9vinas, du style de l&rsquo;autre \u00e0 l&rsquo;autre style <\/em><\/a>paru dans <em>Le style des philosophes<\/em><\/li>\n<li>un commentaire sur Marx, <a href=\"http:\/\/www.cairn.info\/resume.php?ID_ARTICLE=APHI_713_0489\" target=\"_blank\">L<em>&lsquo;argent dans les Manuscrits de 1844 <\/em><\/a> paru dans les <em>Archives de philosophie<\/em><\/li>\n<li><a href=\"http:\/\/www.artsrn.ualberta.ca\/symposium\/items\/show\/167\" target=\"_blank\"><em>Alt\u00e9rit\u00e9 et imm\u00e9diatet\u00e9 chez Husserl et L\u00e9vinas : de la question de l&rsquo;intersubjectivit\u00e9 \u00e0 la primaut\u00e9 de l&rsquo;\u00e9thique<\/em><\/a>, paru dans <em>Symposium, revue canadienne de philosophie continentale<\/em><\/li>\n<li><a href=\"http:\/\/www.cairn.info\/revue-les-etudes-philosophiques-2006-3-page-317.htm\" target=\"_blank\"><em>F\u00e9minin et ph\u00e9nom\u00e9nalit\u00e9 chez Emmanuel L\u00e9vinas<\/em><\/a> paru dans <em>Les \u00e9tudes philosophiques<\/em><\/li>\n<li><a href=\"http:\/\/cat.inist.fr\/?aModele=afficheN&amp;cpsidt=18574034\" target=\"_blank\">Individualisme et responsabilit\u00e9 chez Emmanuel L\u00e9vinas<\/a> paru dans la revue <em>Dialogue<\/em><\/li>\n<li>mes traductions de deux articles de philosophie analytique d&rsquo;E. Zemach : <a href=\"http:\/\/www.revue-klesis.org\/pdf\/Klesis-Varia-IV-1-Zemach-L-existence-et-les-inexistants-Quatre-ontologies-Matthieu-Dubost.pdf\" target=\"_blank\"><em>Quatre ontologies<\/em><\/a> et <a href=\"http:\/\/www.revue-klesis.org\/pdf\/Klesis-Varia-IV-1-Zemach-L-existence-et-les-inexistants-Quatre-ontologies-Matthieu-Dubost.pdf\" target=\"_blank\"><em>L&rsquo;existence et les inexistants<\/em><\/a> sur le site de la revue <em>Klesis.<\/em><\/li>\n<\/ul>\n<p>&nbsp;<\/p>\n<p><a href=\"http:\/\/matthieudubost.fr\/accueil\/wp-content\/uploads\/2014\/11\/P1000233.jpg\"><img decoding=\"async\" loading=\"lazy\" class=\" wp-image-1121 aligncenter\" src=\"http:\/\/matthieudubost.fr\/accueil\/wp-content\/uploads\/2014\/11\/P1000233-300x225.jpg\" alt=\"P1000233\" width=\"549\" height=\"412\" srcset=\"http:\/\/matthieudubost.fr\/accueil\/wp-content\/uploads\/2014\/11\/P1000233-300x225.jpg 300w, http:\/\/matthieudubost.fr\/accueil\/wp-content\/uploads\/2014\/11\/P1000233-1024x768.jpg 1024w, http:\/\/matthieudubost.fr\/accueil\/wp-content\/uploads\/2014\/11\/P1000233-133x99.jpg 133w\" sizes=\"(max-width: 549px) 100vw, 549px\" \/><\/a><\/p>\n","protected":false},"excerpt":{"rendered":"<p>Voici quelques articles en libre acc\u00e8s. Les premiers sont \u00e0 consulter sur ce site: Le pardon selon Emmanuel L\u00e9vinas Le langage de l&rsquo;amiti\u00e9 selon Merleau-Ponty\u00a0selon Merleau-Ponty Image de soi et image de l&rsquo;autre chez Merleau-Ponty un r\u00e9sum\u00e9 et un commentaire d&rsquo;un essai peu connu de Paul Val\u00e9ry, Les Principes d\u2019an-archie pure et appliqu\u00e9e une r\u00e9flexion [&hellip;]<\/p>\n","protected":false},"author":1,"featured_media":0,"parent":0,"menu_order":0,"comment_status":"open","ping_status":"open","template":"","meta":[],"_links":{"self":[{"href":"http:\/\/matthieudubost.fr\/accueil\/wp-json\/wp\/v2\/pages\/297"}],"collection":[{"href":"http:\/\/matthieudubost.fr\/accueil\/wp-json\/wp\/v2\/pages"}],"about":[{"href":"http:\/\/matthieudubost.fr\/accueil\/wp-json\/wp\/v2\/types\/page"}],"author":[{"embeddable":true,"href":"http:\/\/matthieudubost.fr\/accueil\/wp-json\/wp\/v2\/users\/1"}],"replies":[{"embeddable":true,"href":"http:\/\/matthieudubost.fr\/accueil\/wp-json\/wp\/v2\/comments?post=297"}],"version-history":[{"count":16,"href":"http:\/\/matthieudubost.fr\/accueil\/wp-json\/wp\/v2\/pages\/297\/revisions"}],"predecessor-version":[{"id":2760,"href":"http:\/\/matthieudubost.fr\/accueil\/wp-json\/wp\/v2\/pages\/297\/revisions\/2760"}],"wp:attachment":[{"href":"http:\/\/matthieudubost.fr\/accueil\/wp-json\/wp\/v2\/media?parent=297"}],"curies":[{"name":"wp","href":"https:\/\/api.w.org\/{rel}","templated":true}]}}