{"id":293,"date":"2015-07-17T21:14:25","date_gmt":"2015-07-17T21:14:25","guid":{"rendered":"http:\/\/matthieudubost.fr\/accueil\/?page_id=293"},"modified":"2026-02-22T06:01:06","modified_gmt":"2026-02-22T06:01:06","slug":"matthieu-dubost-cv-publications-position-de-these","status":"publish","type":"page","link":"http:\/\/matthieudubost.fr\/accueil\/matthieu-dubost-cv-publications-position-de-these\/","title":{"rendered":"Matthieu Dubost CV publications et position de th\u00e8se"},"content":{"rendered":"<p><a href=\"http:\/\/matthieudubost.fr\/accueil\/wp-content\/uploads\/2015\/07\/IMG_4193HD.jpg\"><img decoding=\"async\" loading=\"lazy\" class=\"alignnone size-medium wp-image-2500\" src=\"http:\/\/matthieudubost.fr\/accueil\/wp-content\/uploads\/2015\/07\/IMG_4193HD-200x300.jpg\" alt=\"IMG_4193HD\" width=\"200\" height=\"300\" srcset=\"http:\/\/matthieudubost.fr\/accueil\/wp-content\/uploads\/2015\/07\/IMG_4193HD-200x300.jpg 200w, http:\/\/matthieudubost.fr\/accueil\/wp-content\/uploads\/2015\/07\/IMG_4193HD-682x1024.jpg 682w, http:\/\/matthieudubost.fr\/accueil\/wp-content\/uploads\/2015\/07\/IMG_4193HD-133x200.jpg 133w\" sizes=\"(max-width: 200px) 100vw, 200px\" \/><\/a><\/p>\n<p>Vous pouvez consulter mon CV et l&rsquo;ensemble de mes publications ci-dessous <a href=\"http:\/\/matthieudubost.fr\/accueil\/wp-content\/uploads\/2026\/01\/CV.pdf\" class=\"pdfemb-viewer\" style=\"\" data-width=\"max\" data-height=\"max\" data-toolbar=\"bottom\" data-toolbar-fixed=\"off\">CV<\/a><\/p>\n<p>Vous pourrez aussi d\u00e9couvrir ma position de th\u00e8se\u00a0 sur le <a href=\"http:\/\/www.paris-sorbonne.fr\/IMG\/pdf\/DUBOST_Position.pdf\" target=\"_blank\" rel=\"noopener\">site de la Sorbonne.<\/a>\u00a0Elle d\u00e9crit le projet et les principaux r\u00e9sultats de mon doctorat.<\/p>\n<p>Certaines des publications d\u00e9taill\u00e9es dans mon CV sont disponibles sur ce site.<\/p>\n","protected":false},"excerpt":{"rendered":"<p>Vous pouvez consulter mon CV et l&rsquo;ensemble de mes publications ci-dessous Vous pourrez aussi d\u00e9couvrir ma position de th\u00e8se\u00a0 sur le site de la Sorbonne.\u00a0Elle d\u00e9crit le projet et les principaux r\u00e9sultats de mon doctorat. Certaines des publications d\u00e9taill\u00e9es dans mon CV sont disponibles sur ce site.<\/p>\n","protected":false},"author":1,"featured_media":0,"parent":0,"menu_order":0,"comment_status":"open","ping_status":"open","template":"","meta":[],"_links":{"self":[{"href":"http:\/\/matthieudubost.fr\/accueil\/wp-json\/wp\/v2\/pages\/293"}],"collection":[{"href":"http:\/\/matthieudubost.fr\/accueil\/wp-json\/wp\/v2\/pages"}],"about":[{"href":"http:\/\/matthieudubost.fr\/accueil\/wp-json\/wp\/v2\/types\/page"}],"author":[{"embeddable":true,"href":"http:\/\/matthieudubost.fr\/accueil\/wp-json\/wp\/v2\/users\/1"}],"replies":[{"embeddable":true,"href":"http:\/\/matthieudubost.fr\/accueil\/wp-json\/wp\/v2\/comments?post=293"}],"version-history":[{"count":19,"href":"http:\/\/matthieudubost.fr\/accueil\/wp-json\/wp\/v2\/pages\/293\/revisions"}],"predecessor-version":[{"id":4428,"href":"http:\/\/matthieudubost.fr\/accueil\/wp-json\/wp\/v2\/pages\/293\/revisions\/4428"}],"wp:attachment":[{"href":"http:\/\/matthieudubost.fr\/accueil\/wp-json\/wp\/v2\/media?parent=293"}],"curies":[{"name":"wp","href":"https:\/\/api.w.org\/{rel}","templated":true}]}}