{"id":282,"date":"2015-07-17T20:55:10","date_gmt":"2015-07-17T20:55:10","guid":{"rendered":"http:\/\/matthieudubost.fr\/accueil\/?page_id=282"},"modified":"2018-06-16T17:01:12","modified_gmt":"2018-06-16T17:01:12","slug":"contact-matthieu-dubost-mail-courriel-adresse-electronique","status":"publish","type":"page","link":"http:\/\/matthieudubost.fr\/accueil\/contact-matthieu-dubost-mail-courriel-adresse-electronique\/","title":{"rendered":"Contact"},"content":{"rendered":"<p style=\"text-align: center;\">N&rsquo;h\u00e9sitez pas \u00e0 me faire part de vos questions ou remarques en m&rsquo;\u00e9crivant \u00e0 matthieu.dubost@gmail.com<\/p>\n<div id=\"attachment_1117\" style=\"width: 310px\" class=\"wp-caption alignnone\"><a href=\"http:\/\/matthieudubost.fr\/accueil\/wp-content\/uploads\/2014\/11\/Matthieu5hh.jpg\"><img aria-describedby=\"caption-attachment-1117\" decoding=\"async\" loading=\"lazy\" class=\"wp-image-1117 size-medium\" src=\"http:\/\/matthieudubost.fr\/accueil\/wp-content\/uploads\/2014\/11\/Matthieu5hh-300x196.jpg\" alt=\"Matthieu5hh\" width=\"300\" height=\"196\" srcset=\"http:\/\/matthieudubost.fr\/accueil\/wp-content\/uploads\/2014\/11\/Matthieu5hh-300x196.jpg 300w, http:\/\/matthieudubost.fr\/accueil\/wp-content\/uploads\/2014\/11\/Matthieu5hh-1024x669.jpg 1024w, http:\/\/matthieudubost.fr\/accueil\/wp-content\/uploads\/2014\/11\/Matthieu5hh-133x86.jpg 133w\" sizes=\"(max-width: 300px) 100vw, 300px\" \/><\/a><p id=\"caption-attachment-1117\" class=\"wp-caption-text\">Visite de Vaux le Vicomte avec les kh\u00e2gneux de Rueil, juin 2013, photo d&rsquo;E. D\u00e9chin<\/p><\/div>\n","protected":false},"excerpt":{"rendered":"<p>N&rsquo;h\u00e9sitez pas \u00e0 me faire part de vos questions ou remarques en m&rsquo;\u00e9crivant \u00e0 matthieu.dubost@gmail.com<\/p>\n","protected":false},"author":1,"featured_media":0,"parent":0,"menu_order":0,"comment_status":"open","ping_status":"open","template":"","meta":[],"_links":{"self":[{"href":"http:\/\/matthieudubost.fr\/accueil\/wp-json\/wp\/v2\/pages\/282"}],"collection":[{"href":"http:\/\/matthieudubost.fr\/accueil\/wp-json\/wp\/v2\/pages"}],"about":[{"href":"http:\/\/matthieudubost.fr\/accueil\/wp-json\/wp\/v2\/types\/page"}],"author":[{"embeddable":true,"href":"http:\/\/matthieudubost.fr\/accueil\/wp-json\/wp\/v2\/users\/1"}],"replies":[{"embeddable":true,"href":"http:\/\/matthieudubost.fr\/accueil\/wp-json\/wp\/v2\/comments?post=282"}],"version-history":[{"count":10,"href":"http:\/\/matthieudubost.fr\/accueil\/wp-json\/wp\/v2\/pages\/282\/revisions"}],"predecessor-version":[{"id":1642,"href":"http:\/\/matthieudubost.fr\/accueil\/wp-json\/wp\/v2\/pages\/282\/revisions\/1642"}],"wp:attachment":[{"href":"http:\/\/matthieudubost.fr\/accueil\/wp-json\/wp\/v2\/media?parent=282"}],"curies":[{"name":"wp","href":"https:\/\/api.w.org\/{rel}","templated":true}]}}