{"id":2592,"date":"2019-09-28T07:24:20","date_gmt":"2019-09-28T07:24:20","guid":{"rendered":"http:\/\/matthieudubost.fr\/accueil\/?page_id=2592"},"modified":"2019-09-28T11:13:08","modified_gmt":"2019-09-28T11:13:08","slug":"leurope-selon-husserl-la-conference-de-vienne","status":"publish","type":"page","link":"http:\/\/matthieudubost.fr\/accueil\/leurope-selon-husserl-la-conference-de-vienne\/","title":{"rendered":"L&rsquo;Europe selon Husserl, la conf\u00e9rence de Vienne"},"content":{"rendered":"<p>&nbsp;<\/p>\n<p>La conf\u00e9rence suivante commente des extraits de la\u00a0<em>Krisis <\/em>de Husserl, et plus particuli\u00e8rement le concept d&rsquo;Europe (<a href=\"http:\/\/matthieudubost.fr\/accueil\/wp-content\/uploads\/2019\/09\/Conf\u00e9rence-de-Vienne.odt\">texte<\/a>).<\/p>\n<p>Il s&rsquo;agit d&rsquo;un cours prononc\u00e9 en kh\u00e2gne en septembre 2019 \u00e0 l&rsquo;occasion d&rsquo;une r\u00e9flexion annuelle sur la ph\u00e9nom\u00e9nologie.<\/p>\n<p>Voici la conf\u00e9rence :\u00a0<a href=\"http:\/\/matthieudubost.fr\/accueil\/wp-content\/uploads\/2019\/09\/LEurope-selon-Husserl.mp3\">L&rsquo;Europe selon Husserl<\/a><\/p>\n","protected":false},"excerpt":{"rendered":"<p>&nbsp; La conf\u00e9rence suivante commente des extraits de la\u00a0Krisis de Husserl, et plus particuli\u00e8rement le concept d&rsquo;Europe (texte). Il s&rsquo;agit d&rsquo;un cours prononc\u00e9 en kh\u00e2gne en septembre 2019 \u00e0 l&rsquo;occasion d&rsquo;une r\u00e9flexion annuelle sur la ph\u00e9nom\u00e9nologie. Voici la conf\u00e9rence :\u00a0L&rsquo;Europe selon Husserl<\/p>\n","protected":false},"author":1,"featured_media":0,"parent":0,"menu_order":0,"comment_status":"closed","ping_status":"open","template":"","meta":[],"_links":{"self":[{"href":"http:\/\/matthieudubost.fr\/accueil\/wp-json\/wp\/v2\/pages\/2592"}],"collection":[{"href":"http:\/\/matthieudubost.fr\/accueil\/wp-json\/wp\/v2\/pages"}],"about":[{"href":"http:\/\/matthieudubost.fr\/accueil\/wp-json\/wp\/v2\/types\/page"}],"author":[{"embeddable":true,"href":"http:\/\/matthieudubost.fr\/accueil\/wp-json\/wp\/v2\/users\/1"}],"replies":[{"embeddable":true,"href":"http:\/\/matthieudubost.fr\/accueil\/wp-json\/wp\/v2\/comments?post=2592"}],"version-history":[{"count":5,"href":"http:\/\/matthieudubost.fr\/accueil\/wp-json\/wp\/v2\/pages\/2592\/revisions"}],"predecessor-version":[{"id":2605,"href":"http:\/\/matthieudubost.fr\/accueil\/wp-json\/wp\/v2\/pages\/2592\/revisions\/2605"}],"wp:attachment":[{"href":"http:\/\/matthieudubost.fr\/accueil\/wp-json\/wp\/v2\/media?parent=2592"}],"curies":[{"name":"wp","href":"https:\/\/api.w.org\/{rel}","templated":true}]}}