{"id":2589,"date":"2019-09-28T07:23:56","date_gmt":"2019-09-28T07:23:56","guid":{"rendered":"http:\/\/matthieudubost.fr\/accueil\/?page_id=2589"},"modified":"2019-09-28T08:28:30","modified_gmt":"2019-09-28T08:28:30","slug":"a-travers-le-miroir-de-bergman-ou-le-desir-dabsolu","status":"publish","type":"page","link":"http:\/\/matthieudubost.fr\/accueil\/a-travers-le-miroir-de-bergman-ou-le-desir-dabsolu\/","title":{"rendered":"A travers le miroir de Bergman ou le d\u00e9sir d&rsquo;absolu"},"content":{"rendered":"<p>Le commentaire suivant a \u00e9t\u00e9 prononc\u00e9 dans le cadre du cin\u00e9club du lyc\u00e9e Dani\u00e9lou consacr\u00e9 au th\u00e8me du d\u00e9sir.<\/p>\n<p>On trouvera\u00a0<a href=\"http:\/\/matthieudubost.fr\/accueil\/wp-content\/uploads\/2019\/09\/Textes.docx\">ici<\/a>\u00a0le plan et les documents de la l&rsquo;intervention.<\/p>\n<p>La s\u00e9quence comment\u00e9e commence \u00e0 26&rsquo;30 et se termine \u00e0 31&prime;.<\/p>\n<p>La conf\u00e9rence dure 50 minutes:\u00a0<a href=\"http:\/\/matthieudubost.fr\/accueil\/wp-content\/uploads\/2019\/09\/A-travers-le-miroir.mp3\">A travers le miroir<\/a><\/p>\n","protected":false},"excerpt":{"rendered":"<p>Le commentaire suivant a \u00e9t\u00e9 prononc\u00e9 dans le cadre du cin\u00e9club du lyc\u00e9e Dani\u00e9lou consacr\u00e9 au th\u00e8me du d\u00e9sir. On trouvera\u00a0ici\u00a0le plan et les documents de la l&rsquo;intervention. La s\u00e9quence comment\u00e9e commence \u00e0 26&rsquo;30 et se termine \u00e0 31&prime;. La conf\u00e9rence dure 50 minutes:\u00a0A travers le miroir<\/p>\n","protected":false},"author":1,"featured_media":0,"parent":0,"menu_order":0,"comment_status":"closed","ping_status":"open","template":"","meta":[],"_links":{"self":[{"href":"http:\/\/matthieudubost.fr\/accueil\/wp-json\/wp\/v2\/pages\/2589"}],"collection":[{"href":"http:\/\/matthieudubost.fr\/accueil\/wp-json\/wp\/v2\/pages"}],"about":[{"href":"http:\/\/matthieudubost.fr\/accueil\/wp-json\/wp\/v2\/types\/page"}],"author":[{"embeddable":true,"href":"http:\/\/matthieudubost.fr\/accueil\/wp-json\/wp\/v2\/users\/1"}],"replies":[{"embeddable":true,"href":"http:\/\/matthieudubost.fr\/accueil\/wp-json\/wp\/v2\/comments?post=2589"}],"version-history":[{"count":4,"href":"http:\/\/matthieudubost.fr\/accueil\/wp-json\/wp\/v2\/pages\/2589\/revisions"}],"predecessor-version":[{"id":2599,"href":"http:\/\/matthieudubost.fr\/accueil\/wp-json\/wp\/v2\/pages\/2589\/revisions\/2599"}],"wp:attachment":[{"href":"http:\/\/matthieudubost.fr\/accueil\/wp-json\/wp\/v2\/media?parent=2589"}],"curies":[{"name":"wp","href":"https:\/\/api.w.org\/{rel}","templated":true}]}}