{"id":255,"date":"2015-07-14T15:12:32","date_gmt":"2015-07-14T15:12:32","guid":{"rendered":"http:\/\/matthieudubost.fr\/accueil\/?page_id=255"},"modified":"2024-09-06T12:19:57","modified_gmt":"2024-09-06T12:19:57","slug":"enseignement-en-ligne-2","status":"publish","type":"page","link":"http:\/\/matthieudubost.fr\/accueil\/enseignement-en-ligne-2\/","title":{"rendered":"Enseignement universitaire dominicain"},"content":{"rendered":"<p>On peut enseigner partout, ou presque&#8230;<\/p>\n<p>&nbsp;<\/p>\n<div id=\"attachment_1118\" style=\"width: 310px\" class=\"wp-caption aligncenter\"><a href=\"http:\/\/matthieudubost.fr\/accueil\/wp-content\/uploads\/2014\/11\/DSCN0282-1.jpg\"><img aria-describedby=\"caption-attachment-1118\" decoding=\"async\" loading=\"lazy\" class=\"wp-image-1118 size-medium\" src=\"http:\/\/matthieudubost.fr\/accueil\/wp-content\/uploads\/2014\/11\/DSCN0282-1-300x225.jpg\" alt=\"DSCN0282 (1)\" width=\"300\" height=\"225\" srcset=\"http:\/\/matthieudubost.fr\/accueil\/wp-content\/uploads\/2014\/11\/DSCN0282-1-300x225.jpg 300w, http:\/\/matthieudubost.fr\/accueil\/wp-content\/uploads\/2014\/11\/DSCN0282-1-133x99.jpg 133w, http:\/\/matthieudubost.fr\/accueil\/wp-content\/uploads\/2014\/11\/DSCN0282-1.jpg 1024w\" sizes=\"(max-width: 300px) 100vw, 300px\" \/><\/a><p id=\"caption-attachment-1118\" class=\"wp-caption-text\">Visite des passages parisiens en juin 2015 avec les kh\u00e2gneux de Rueil<\/p><\/div>\n<p>&nbsp;<\/p>\n<p>Retrouvez&nbsp;<a href=\"http:\/\/www.domuni.eu\/fr\/vie-universitaire\/professeur?idTeacher=309\" target=\"_blank\" rel=\"noopener\">mon enseignement universitaire<\/a>&nbsp;en ligne sur le site de l&rsquo;universit\u00e9 dominicaine internationale&nbsp;<a href=\"http:\/\/www.domuni.eu\/fr\" target=\"_blank\" rel=\"noopener\">Domuni<\/a>.<\/p>\n<p>Que vous pr\u00e9pariez une Licence ou un Master, ce site vous propose une formation compl\u00e8te \u00e0 distance.<\/p>\n<div id=\"attachment_1639\" style=\"width: 310px\" class=\"wp-caption aligncenter\"><a href=\"http:\/\/matthieudubost.fr\/accueil\/wp-content\/uploads\/2015\/07\/20180614_153559.jpg\"><img aria-describedby=\"caption-attachment-1639\" decoding=\"async\" loading=\"lazy\" class=\"wp-image-1639 size-medium\" src=\"http:\/\/matthieudubost.fr\/accueil\/wp-content\/uploads\/2015\/07\/20180614_153559-300x145.jpg\" alt=\"20180614_153559\" width=\"300\" height=\"145\" srcset=\"http:\/\/matthieudubost.fr\/accueil\/wp-content\/uploads\/2015\/07\/20180614_153559-300x145.jpg 300w, http:\/\/matthieudubost.fr\/accueil\/wp-content\/uploads\/2015\/07\/20180614_153559-1024x497.jpg 1024w, http:\/\/matthieudubost.fr\/accueil\/wp-content\/uploads\/2015\/07\/20180614_153559-133x64.jpg 133w\" sizes=\"(max-width: 300px) 100vw, 300px\" \/><\/a><p id=\"caption-attachment-1639\" class=\"wp-caption-text\">Visite du Coll\u00e8ge de France en pr\u00e9sence du Professeur Michel Zink<\/p><\/div>\n","protected":false},"excerpt":{"rendered":"<p>On peut enseigner partout, ou presque&#8230; &nbsp; &nbsp; Retrouvez&nbsp;mon enseignement universitaire&nbsp;en ligne sur le site de l&rsquo;universit\u00e9 dominicaine internationale&nbsp;Domuni. Que vous pr\u00e9pariez une Licence ou un Master, ce site vous propose une formation compl\u00e8te \u00e0 distance.<\/p>\n","protected":false},"author":1,"featured_media":0,"parent":0,"menu_order":0,"comment_status":"open","ping_status":"open","template":"","meta":[],"_links":{"self":[{"href":"http:\/\/matthieudubost.fr\/accueil\/wp-json\/wp\/v2\/pages\/255"}],"collection":[{"href":"http:\/\/matthieudubost.fr\/accueil\/wp-json\/wp\/v2\/pages"}],"about":[{"href":"http:\/\/matthieudubost.fr\/accueil\/wp-json\/wp\/v2\/types\/page"}],"author":[{"embeddable":true,"href":"http:\/\/matthieudubost.fr\/accueil\/wp-json\/wp\/v2\/users\/1"}],"replies":[{"embeddable":true,"href":"http:\/\/matthieudubost.fr\/accueil\/wp-json\/wp\/v2\/comments?post=255"}],"version-history":[{"count":10,"href":"http:\/\/matthieudubost.fr\/accueil\/wp-json\/wp\/v2\/pages\/255\/revisions"}],"predecessor-version":[{"id":4073,"href":"http:\/\/matthieudubost.fr\/accueil\/wp-json\/wp\/v2\/pages\/255\/revisions\/4073"}],"wp:attachment":[{"href":"http:\/\/matthieudubost.fr\/accueil\/wp-json\/wp\/v2\/media?parent=255"}],"curies":[{"name":"wp","href":"https:\/\/api.w.org\/{rel}","templated":true}]}}