{"id":2523,"date":"2019-09-11T19:38:35","date_gmt":"2019-09-11T19:38:35","guid":{"rendered":"http:\/\/matthieudubost.fr\/accueil\/?page_id=2523"},"modified":"2019-09-12T06:20:09","modified_gmt":"2019-09-12T06:20:09","slug":"le-desir-chez-hegel-du-mauvais-au-bon-infini","status":"publish","type":"page","link":"http:\/\/matthieudubost.fr\/accueil\/le-desir-chez-hegel-du-mauvais-au-bon-infini\/","title":{"rendered":"Le d\u00e9sir chez Hegel: du mauvais au bon infini"},"content":{"rendered":"<p>Voici le plan et les <a href=\"http:\/\/matthieudubost.fr\/accueil\/wp-content\/uploads\/2019\/09\/Textes-conf\u00e9rence.docx\">textes de la conf\u00e9rence.<\/a><\/p>\n<p>Vous pouvez \u00e9couter cette conf\u00e9rence en cliquant sur ce <a href=\"http:\/\/matthieudubost.fr\/accueil\/wp-content\/uploads\/2019\/09\/2019.09.04_13.25_01.mp3\">lien<\/a>. Elle dure 1h30.<\/p>\n","protected":false},"excerpt":{"rendered":"<p>Voici le plan et les textes de la conf\u00e9rence. Vous pouvez \u00e9couter cette conf\u00e9rence en cliquant sur ce lien. Elle dure 1h30.<\/p>\n","protected":false},"author":1,"featured_media":0,"parent":0,"menu_order":0,"comment_status":"closed","ping_status":"open","template":"","meta":[],"_links":{"self":[{"href":"http:\/\/matthieudubost.fr\/accueil\/wp-json\/wp\/v2\/pages\/2523"}],"collection":[{"href":"http:\/\/matthieudubost.fr\/accueil\/wp-json\/wp\/v2\/pages"}],"about":[{"href":"http:\/\/matthieudubost.fr\/accueil\/wp-json\/wp\/v2\/types\/page"}],"author":[{"embeddable":true,"href":"http:\/\/matthieudubost.fr\/accueil\/wp-json\/wp\/v2\/users\/1"}],"replies":[{"embeddable":true,"href":"http:\/\/matthieudubost.fr\/accueil\/wp-json\/wp\/v2\/comments?post=2523"}],"version-history":[{"count":4,"href":"http:\/\/matthieudubost.fr\/accueil\/wp-json\/wp\/v2\/pages\/2523\/revisions"}],"predecessor-version":[{"id":2530,"href":"http:\/\/matthieudubost.fr\/accueil\/wp-json\/wp\/v2\/pages\/2523\/revisions\/2530"}],"wp:attachment":[{"href":"http:\/\/matthieudubost.fr\/accueil\/wp-json\/wp\/v2\/media?parent=2523"}],"curies":[{"name":"wp","href":"https:\/\/api.w.org\/{rel}","templated":true}]}}