{"id":252,"date":"2015-07-14T15:12:17","date_gmt":"2015-07-14T15:12:17","guid":{"rendered":"http:\/\/matthieudubost.fr\/accueil\/?page_id=252"},"modified":"2015-08-23T13:59:21","modified_gmt":"2015-08-23T13:59:21","slug":"les-concours","status":"publish","type":"page","link":"http:\/\/matthieudubost.fr\/accueil\/les-concours\/","title":{"rendered":"Les livres pour s&rsquo;entra\u00eener"},"content":{"rendered":"<p>Retrouvez l&rsquo;ensemble de mes ouvrages de concours sur le site de mon <a href=\"http:\/\/www.editions-ellipses.fr\/advanced_search_result.php?keywords=dubost+matthieu&amp;x=0&amp;y=0\" target=\"_blank\">\u00e9diteur. <\/a><\/p>\n<p>Il s&rsquo;agit d&rsquo;ouvrages personnels ou collectifs. En voici la liste d\u00e9taill\u00e9e:<\/p>\n<p style=\"text-align: left;\"><strong>1) pour les ECE, ECS et kh\u00e2gnes<\/strong><\/p>\n<p style=\"text-align: left;\">\uf02d <a href=\"http:\/\/www.editions-ellipses.fr\/product_info.php?products_id=9147\" target=\"_blank\">100 colles de culture g\u00e9n\u00e9rale et de philosophie<\/a>, sous la dir. de M Dubost et L. Mathias (560 p.)<\/p>\n<p style=\"text-align: left;\">\uf02d Am\u00e9liorer son expression orale et \u00e9crite (180 p.)<\/p>\n<p style=\"text-align: left;\">\uf02d <a href=\"http:\/\/www.editions-ellipses.fr\/product_info.php?products_id=8886\" target=\"_blank\">Tout le fran\u00e7ais en 1500 QCM<\/a> (130 p.)<\/p>\n<p style=\"text-align: left;\">\uf02d Le sexe des anges \u2013 les sujets infaisables des concours de philosophie (184 p.)<\/p>\n<p style=\"text-align: left;\"><strong>2) pour les admissions parall\u00e8les en \u00e9coles de commerce<br \/>\n<\/strong><\/p>\n<p style=\"text-align: left;\">\uf02dTout pour r\u00e9ussir le concours Score IAE Message<\/p>\n<p style=\"text-align: left;\">\uf02d1000 QCM pour le concours Message<\/p>\n<p style=\"text-align: left;\">\uf02d 20 concours blancs <a href=\"http:\/\/www.editions-ellipses.fr\/product_info.php?products_id=8773\" target=\"_blank\">Tage Mage<\/a> (622 p.)<br \/>\n\uf02d Entra\u00eenement intensif \u00e0 Passerelle 1 (398 p.)<br \/>\n\uf02d Entra\u00eenement intensif \u00e0 Passerelle 2 (345 p.)<br \/>\n\uf02d Entra\u00eenement intensif \u00e0 Tremplin 1 (280 p.)<br \/>\n\uf02d Entra\u00eenement intensif \u00e0 Tremplin 2 (270 p.)<br \/>\n\uf02d Entra\u00eenement intensif au concours Atout (120 p.)<br \/>\n\uf02d Entra\u00eenement intensif au concours Message (650 p.)<\/p>\n<p style=\"text-align: left;\">\uf02d Entra\u00eenement intensif au Tage Mage (96 p.)<br \/>\n\uf02d Entra\u00eenement intensif au Tage 2 (194 p.)<\/p>\n<p style=\"text-align: left;\">\uf02d Synth\u00e8se et dissertation pour les concours des Ecoles de commerce (240 p.)<\/p>\n<p style=\"text-align: left;\">\uf02d <a href=\"http:\/\/www.editions-ellipses.fr\/product_info.php?products_id=9498\" target=\"_blank\">3000 QCM<\/a> de culture g\u00e9n\u00e9rale (268 p.)<\/p>\n<p style=\"text-align: left;\"><strong>3) pour les \u00e9coles d&rsquo;ing\u00e9nieurs<\/strong><\/p>\n<p style=\"text-align: left;\">\uf02d Entra\u00eenement intensif au concours Avenir<\/p>\n<p style=\"text-align: left;\">\uf02d Les concours post-bac des Ecoles d\u2019ing\u00e9nieur (540 p.)<\/p>\n<p style=\"text-align: left;\"><strong>4) pour tous les tests de recrutement en entreprise:<\/strong><\/p>\n<p style=\"text-align: left;\"><a href=\"http:\/\/www.editions-ellipses.fr\/product_info.php?products_id=9055\" target=\"_blank\">Tous les tests de recrutement<\/a> et d&#8217;embauche : QCM de personnalit\u00e9,\u00a0 comp\u00e9tences verbales, QI, logique, culture g\u00e9n\u00e9rale<\/p>\n<p style=\"text-align: left;\">\n","protected":false},"excerpt":{"rendered":"<p>Retrouvez l&rsquo;ensemble de mes ouvrages de concours sur le site de mon \u00e9diteur. Il s&rsquo;agit d&rsquo;ouvrages personnels ou collectifs. En voici la liste d\u00e9taill\u00e9e: 1) pour les ECE, ECS et kh\u00e2gnes \uf02d 100 colles de culture g\u00e9n\u00e9rale et de philosophie, sous la dir. de M Dubost et L. Mathias (560 p.) \uf02d Am\u00e9liorer son expression [&hellip;]<\/p>\n","protected":false},"author":1,"featured_media":0,"parent":0,"menu_order":0,"comment_status":"open","ping_status":"open","template":"","meta":[],"_links":{"self":[{"href":"http:\/\/matthieudubost.fr\/accueil\/wp-json\/wp\/v2\/pages\/252"}],"collection":[{"href":"http:\/\/matthieudubost.fr\/accueil\/wp-json\/wp\/v2\/pages"}],"about":[{"href":"http:\/\/matthieudubost.fr\/accueil\/wp-json\/wp\/v2\/types\/page"}],"author":[{"embeddable":true,"href":"http:\/\/matthieudubost.fr\/accueil\/wp-json\/wp\/v2\/users\/1"}],"replies":[{"embeddable":true,"href":"http:\/\/matthieudubost.fr\/accueil\/wp-json\/wp\/v2\/comments?post=252"}],"version-history":[{"count":10,"href":"http:\/\/matthieudubost.fr\/accueil\/wp-json\/wp\/v2\/pages\/252\/revisions"}],"predecessor-version":[{"id":547,"href":"http:\/\/matthieudubost.fr\/accueil\/wp-json\/wp\/v2\/pages\/252\/revisions\/547"}],"wp:attachment":[{"href":"http:\/\/matthieudubost.fr\/accueil\/wp-json\/wp\/v2\/media?parent=252"}],"curies":[{"name":"wp","href":"https:\/\/api.w.org\/{rel}","templated":true}]}}