{"id":235,"date":"2015-07-14T14:40:05","date_gmt":"2015-07-14T14:40:05","guid":{"rendered":"http:\/\/matthieudubost.fr\/accueil\/?page_id=235"},"modified":"2019-08-20T09:15:04","modified_gmt":"2019-08-20T09:15:04","slug":"enseignement-en-ligne","status":"publish","type":"page","link":"http:\/\/matthieudubost.fr\/accueil\/enseignement-en-ligne\/","title":{"rendered":"Concours Commerce et IAE"},"content":{"rendered":"<p><a href=\"http:\/\/matthieudubost.fr\/accueil\/wp-content\/uploads\/2015\/07\/portrait2.jpg\"><img decoding=\"async\" loading=\"lazy\" class=\"alignnone size-medium wp-image-2505\" src=\"http:\/\/matthieudubost.fr\/accueil\/wp-content\/uploads\/2015\/07\/portrait2-216x300.jpg\" alt=\"portrait2\" width=\"216\" height=\"300\" srcset=\"http:\/\/matthieudubost.fr\/accueil\/wp-content\/uploads\/2015\/07\/portrait2-216x300.jpg 216w, http:\/\/matthieudubost.fr\/accueil\/wp-content\/uploads\/2015\/07\/portrait2-738x1024.jpg 738w, http:\/\/matthieudubost.fr\/accueil\/wp-content\/uploads\/2015\/07\/portrait2-133x184.jpg 133w, http:\/\/matthieudubost.fr\/accueil\/wp-content\/uploads\/2015\/07\/portrait2.jpg 1000w\" sizes=\"(max-width: 216px) 100vw, 216px\" \/><\/a><\/p>\n<p>&nbsp;<\/p>\n<p>&nbsp;<\/p>\n<p>Mon enseignement s&rsquo;exprime \u00e0 la fois en kh\u00e2gne, \u00e0 l&rsquo;universit\u00e9 et dans les classes de pr\u00e9paration aux concours Bac+3\/4.<\/p>\n<p>Les rubriques qui suivent s&rsquo;adressent principalement \u00e0 tous ceux qui pr\u00e9parent<\/p>\n<ul>\n<li>les admissions parall\u00e8les en Ecoles de commerce<\/li>\n<li>les tests logiques et psychotechniques de l&rsquo;ESSEC pour les admissibles des concours ECE\/ECS\/kh\u00e2gne<\/li>\n<li>les admissions parall\u00e8les en Ecoles de commerce<\/li>\n<li>le GMAT<\/li>\n<li>le Tage Mage, Tage 2, Tage Post-Bac<\/li>\n<li>les concours post-bac des \u00e9coles d&rsquo;ing\u00e9nieurs<\/li>\n<\/ul>\n<p>Vous trouverez ici des exercices et des bibliographies d&rsquo;entra\u00eenement pour r\u00e9ussir les \u00e9preuves de culture g\u00e9n\u00e9rale, de synth\u00e8se, de dissertation, de philosophie, de logique ainsi que les tests psychotechniques.<\/p>\n<p>&nbsp;<\/p>\n<p>&nbsp;<\/p>\n<p>&nbsp;<\/p>\n<p>&nbsp;<\/p>\n","protected":false},"excerpt":{"rendered":"<p>&nbsp; &nbsp; Mon enseignement s&rsquo;exprime \u00e0 la fois en kh\u00e2gne, \u00e0 l&rsquo;universit\u00e9 et dans les classes de pr\u00e9paration aux concours Bac+3\/4. Les rubriques qui suivent s&rsquo;adressent principalement \u00e0 tous ceux qui pr\u00e9parent les admissions parall\u00e8les en Ecoles de commerce les tests logiques et psychotechniques de l&rsquo;ESSEC pour les admissibles des concours ECE\/ECS\/kh\u00e2gne les admissions parall\u00e8les [&hellip;]<\/p>\n","protected":false},"author":1,"featured_media":0,"parent":0,"menu_order":0,"comment_status":"open","ping_status":"open","template":"","meta":[],"_links":{"self":[{"href":"http:\/\/matthieudubost.fr\/accueil\/wp-json\/wp\/v2\/pages\/235"}],"collection":[{"href":"http:\/\/matthieudubost.fr\/accueil\/wp-json\/wp\/v2\/pages"}],"about":[{"href":"http:\/\/matthieudubost.fr\/accueil\/wp-json\/wp\/v2\/types\/page"}],"author":[{"embeddable":true,"href":"http:\/\/matthieudubost.fr\/accueil\/wp-json\/wp\/v2\/users\/1"}],"replies":[{"embeddable":true,"href":"http:\/\/matthieudubost.fr\/accueil\/wp-json\/wp\/v2\/comments?post=235"}],"version-history":[{"count":22,"href":"http:\/\/matthieudubost.fr\/accueil\/wp-json\/wp\/v2\/pages\/235\/revisions"}],"predecessor-version":[{"id":2506,"href":"http:\/\/matthieudubost.fr\/accueil\/wp-json\/wp\/v2\/pages\/235\/revisions\/2506"}],"wp:attachment":[{"href":"http:\/\/matthieudubost.fr\/accueil\/wp-json\/wp\/v2\/media?parent=235"}],"curies":[{"name":"wp","href":"https:\/\/api.w.org\/{rel}","templated":true}]}}