{"id":221,"date":"2015-07-14T14:03:08","date_gmt":"2015-07-14T14:03:08","guid":{"rendered":"http:\/\/matthieudubost.fr\/accueil\/?page_id=221"},"modified":"2025-05-04T20:00:23","modified_gmt":"2025-05-04T20:00:23","slug":"prochains-evenements","status":"publish","type":"page","link":"http:\/\/matthieudubost.fr\/accueil\/prochains-evenements\/","title":{"rendered":"Ev\u00e8nements"},"content":{"rendered":"<p>Chers amis<\/p>\n<p>Je suis heureux de vous apprendre la parution de mon nouveau livre!<\/p>\n<p><img decoding=\"async\" loading=\"lazy\" class=\"size-medium wp-image-4163 aligncenter\" src=\"http:\/\/matthieudubost.fr\/accueil\/wp-content\/uploads\/2025\/05\/couv_-200x300.jpg\" alt=\"\" width=\"200\" height=\"300\" srcset=\"http:\/\/matthieudubost.fr\/accueil\/wp-content\/uploads\/2025\/05\/couv_-200x300.jpg 200w, http:\/\/matthieudubost.fr\/accueil\/wp-content\/uploads\/2025\/05\/couv_-683x1024.jpg 683w, http:\/\/matthieudubost.fr\/accueil\/wp-content\/uploads\/2025\/05\/couv_-768x1151.jpg 768w, http:\/\/matthieudubost.fr\/accueil\/wp-content\/uploads\/2025\/05\/couv_-133x200.jpg 133w, http:\/\/matthieudubost.fr\/accueil\/wp-content\/uploads\/2025\/05\/couv_.jpg 1000w\" sizes=\"(max-width: 200px) 100vw, 200px\" \/><\/p>\n<p>Dans ce recueil j&rsquo;expose un ensemble d\u2019aphorismes, de maximes et de r\u00e9flexions courtes qui sont autant d\u2019invitations \u00e0 la m\u00e9ditation personnelle.<\/p>\n<p>Traitant des th\u00e8mes les plus centraux de la sagesse occidentale, de l\u2019ignorance au savoir, de la haine \u00e0 l\u2019amour, du malheur \u00e0 la joie en passant par les passions et la libert\u00e9, ces mille fragments sont autant d\u2019\u00e9tapes d\u2019un parcours vers l\u2019espoir. Et c\u2019est toujours bri\u00e8vement que cette pens\u00e9e se d\u00e9pose, se propose et s\u2019expose.<\/p>\n<p>Envie de le feuilleter? En voici quelques extraits:<\/p>\n<p style=\"text-align: center;\"><a href=\"http:\/\/matthieudubost.fr\/accueil\/wp-content\/uploads\/2025\/05\/extrait-1.pdf\" class=\"pdfemb-viewer\" style=\"\" data-width=\"max\" data-height=\"max\" data-toolbar=\"bottom\" data-toolbar-fixed=\"off\">extrait (1)<\/a><\/p>\n<p>Envie d&rsquo;en lire plus?<\/p>\n<p>Rendez-vous sur <a href=\"https:\/\/www.amazon.fr\/sagesse-mise-mal-aphorismes-r%C3%A9flexions\/dp\/B0F6N6DKCJ\/ref=tmm_pap_swatch_0?_encoding=UTF8&amp;dib_tag=se&amp;dib=eyJ2IjoiMSJ9.FQIq3SswKRi7vs13SLTMAQ.h8amLH32qzkaUAL5ta7JVefjYA5GphVSHKhyIj0Hcmk&amp;qid=1746337149&amp;sr=8-1\">Amazon.fr &#8211; La sagesse mise \u00e0 mal: aphorismes et autres r\u00e9flexions &#8211; Dubost, Matthieu &#8211; Livres<\/a><\/p>\n","protected":false},"excerpt":{"rendered":"<p>Chers amis Je suis heureux de vous apprendre la parution de mon nouveau livre! Dans ce recueil j&rsquo;expose un ensemble d\u2019aphorismes, de maximes et de r\u00e9flexions courtes qui sont autant d\u2019invitations \u00e0 la m\u00e9ditation personnelle. Traitant des th\u00e8mes les plus centraux de la sagesse occidentale, de l\u2019ignorance au savoir, de la haine \u00e0 l\u2019amour, du [&hellip;]<\/p>\n","protected":false},"author":1,"featured_media":0,"parent":0,"menu_order":0,"comment_status":"open","ping_status":"open","template":"","meta":[],"_links":{"self":[{"href":"http:\/\/matthieudubost.fr\/accueil\/wp-json\/wp\/v2\/pages\/221"}],"collection":[{"href":"http:\/\/matthieudubost.fr\/accueil\/wp-json\/wp\/v2\/pages"}],"about":[{"href":"http:\/\/matthieudubost.fr\/accueil\/wp-json\/wp\/v2\/types\/page"}],"author":[{"embeddable":true,"href":"http:\/\/matthieudubost.fr\/accueil\/wp-json\/wp\/v2\/users\/1"}],"replies":[{"embeddable":true,"href":"http:\/\/matthieudubost.fr\/accueil\/wp-json\/wp\/v2\/comments?post=221"}],"version-history":[{"count":45,"href":"http:\/\/matthieudubost.fr\/accueil\/wp-json\/wp\/v2\/pages\/221\/revisions"}],"predecessor-version":[{"id":4180,"href":"http:\/\/matthieudubost.fr\/accueil\/wp-json\/wp\/v2\/pages\/221\/revisions\/4180"}],"wp:attachment":[{"href":"http:\/\/matthieudubost.fr\/accueil\/wp-json\/wp\/v2\/media?parent=221"}],"curies":[{"name":"wp","href":"https:\/\/api.w.org\/{rel}","templated":true}]}}