{"id":205,"date":"2015-07-14T13:35:57","date_gmt":"2015-07-14T13:35:57","guid":{"rendered":"http:\/\/matthieudubost.fr\/accueil\/?page_id=205"},"modified":"2020-01-04T19:58:18","modified_gmt":"2020-01-04T19:58:18","slug":"philosophie","status":"publish","type":"page","link":"http:\/\/matthieudubost.fr\/accueil\/philosophie\/","title":{"rendered":"Philosophie"},"content":{"rendered":"<div id=\"attachment_2502\" style=\"width: 252px\" class=\"wp-caption aligncenter\"><a href=\"http:\/\/matthieudubost.fr\/accueil\/wp-content\/uploads\/2015\/07\/Giacinto-Brandi-All\u00e9gorie-de-la-Philosophie.jpg\"><img aria-describedby=\"caption-attachment-2502\" decoding=\"async\" loading=\"lazy\" class=\"wp-image-2502 size-medium\" src=\"http:\/\/matthieudubost.fr\/accueil\/wp-content\/uploads\/2015\/07\/Giacinto-Brandi-All\u00e9gorie-de-la-Philosophie-242x300.jpg\" alt=\"Giacinto Brandi - All\u00e9gorie de la Philosophie\" width=\"242\" height=\"300\" srcset=\"http:\/\/matthieudubost.fr\/accueil\/wp-content\/uploads\/2015\/07\/Giacinto-Brandi-All\u00e9gorie-de-la-Philosophie-242x300.jpg 242w, http:\/\/matthieudubost.fr\/accueil\/wp-content\/uploads\/2015\/07\/Giacinto-Brandi-All\u00e9gorie-de-la-Philosophie-133x164.jpg 133w, http:\/\/matthieudubost.fr\/accueil\/wp-content\/uploads\/2015\/07\/Giacinto-Brandi-All\u00e9gorie-de-la-Philosophie.jpg 485w\" sizes=\"(max-width: 242px) 100vw, 242px\" \/><\/a><p id=\"caption-attachment-2502\" class=\"wp-caption-text\">Giacinto Brandi &#8211; All\u00e9gorie de la Philosophie<\/p><\/div>\n<p>&nbsp;<\/p>\n<p>Vous trouverez la liste d\u00e9taill\u00e9e de mes publications ci-dessous. Les autres rubriques de cet onglet vous proposent un grand nombre d&rsquo;articles en libre acc\u00e8s.<\/p>\n<p>a) articles et ouvrages \u00e0 caract\u00e8re de recherche<\/p>\n<p>2015 : \u00a0\u00bb L\u00e9vinas lecteur de Merleau-Ponty \u00ab\u00a0, in La Revue Philosophique de Louvain (t. 113, n\u00b01, f\u00e9vrier 2015, p 47-68).<\/p>\n<p>2014 : traduction de \u00ab\u00a0Quatre ontologies\u00a0\u00bb d\u2019Elie Zemach d&rsquo;apr\u00e8s le Journal of Philosophy in Klesis, revue \u00e9lectronique (n\u00b026, p. 2-23)<\/p>\n<p>2014 : traduction de \u00ab\u00a0Existence et non-existants\u00a0\u00bb d\u2019Elie Zemach d&rsquo;apr\u00e8s le Journal of Philosophy dans Klesis, revue \u00e9lectronique (n\u00b026, p. 24-45)<\/p>\n<p>2013 : Apprendre \u00e0 philosopher avec les proverbes, quelques le\u00e7ons de bonheur (Ellipses, 160p., Philo\/essai)<\/p>\n<p>2012 : \u00ab\u00a0Image de soi et image de l\u2019autre : le r\u00f4le du miroir dans le d\u00e9veloppement de l\u2019enfant<br \/>\nselon Maurice Merleau-Ponty\u00a0\u00bb in Actes du 132\u00e8me colloque du CTHS (Editions du CTHS).<\/p>\n<p>2011 : \u00ab\u00a0Blanchot et Hegel : l\u2019exp\u00e9rience de la litt\u00e9rature face \u00e0 la dialectique \u00bb, in Actes du colloque international Maurice Blanchot et la philosophie organis\u00e9 par E. Hoppenot et A. Million (PUF de Paris X, P ; 72-89).<\/p>\n<p>2011 : \u00ab\u00a0De l\u2019\u00e9thique au langage de la responsabilit\u00e9 selon Emmanuel Levinas\u00a0\u00bb in Communio, Revue catholique internationale (n\u00b04, p. 31-48).<\/p>\n<p>2010 : \u00ab\u00a0Le langage de l\u2019amiti\u00e9 selon Merleau-Ponty\u00a0\u00bb in le Porche (n\u00b019, octobre 2009, p. 34-45).<\/p>\n<p>2010 : \u00ab\u00a0Lire et commenter selon Blanchot et Levinas\u00a0\u00bb in Emmanuel Levinas-Maurice Blanchot, penser la diff\u00e9rence sous la direction d\u2019E. Hoppenot et d\u2019A. Milon (PUF de Paris X, p. 327-346).<\/p>\n<p>2009 : \u00ab\u00a0Dialogue et diff\u00e9renciation du sens selon Maurice Merleau-Ponty\u00a0\u00bb in Transpara\u00eetre, (n\u00b02, janvier, p. 122-145)<\/p>\n<p>2008 : \u00ab\u00a0L\u2019argent dans les Manuscrits de 1844 de Karl Marx\u00a0\u00bb in Les Archives de philosophie (juillet-septembre 2008, tome 71, p. 489-506).<\/p>\n<p>2008 : \u00ab\u00a0Le langage incarn\u00e9 selon L\u00e9vinas\u00a0\u00bb, in Emmanuel L\u00e9vinas 100 (juin 2008, Zeta Books, p. 185-209).<\/p>\n<p>2008 : \u00ab\u00a0L\u00e9vinas : du style de l\u2019Autre \u00e0 l\u2019autre style\u00a0\u00bb, in Le style des philosophes, sous la dir. de B. Curatolo et J. Poirier (EUD et PUFC, p. 257-267).<\/p>\n<p>2007 : \u00ab\u00a0Vers une r\u00e9habilitation ph\u00e9nom\u00e9nologique du parfum : quelques r\u00e9flexions sur Maurice Merleau-Ponty et Edmond Roudnitska\u00a0\u00bb in Alter (n\u00b0 15, septembre 2007, p. 253-270).<\/p>\n<p>2007 : \u00ab\u00a0R\u00e9duction et r\u00e9ductions selon Emmanuel L\u00e9vinas\u00a0\u00bb in Les Cahiers d\u2019Etudes l\u00e9vinassiennes (n\u00b07, mars 2007, p. 187-221).<\/p>\n<p>2007 : \u00ab\u00a0Le pardon selon Emmanuel L\u00e9vinas \u2013 en-de\u00e7\u00e0 et au-del\u00e0 de la justice\u00a0\u00bb in Le porche (n\u00b021, septembre 2007, p. 38-52).<\/p>\n<p>2006 : \u00ab\u00a0Emmanuel L\u00e9vinas et la m\u00e9thode de l&rsquo;alt\u00e9rit\u00e9 \u2013 de la ph\u00e9nom\u00e9nologie \u00e0 la vigilance \u00e9thique\u00a0\u00bb in Studia Phaenomenologica (septembre 2006, VI, p. 31-59).<\/p>\n<p>2006 : \u00ab\u00a0F\u00e9minit\u00e9 et ph\u00e9nom\u00e9nalit\u00e9 selon L\u00e9vinas\u00a0\u00bb, Les \u00e9tudes philosophiques (septembre 2006, n\u00b03, p. 317-333).<\/p>\n<p>2006 : traduction de \u00ab\u00a0La lib\u00e9ration de l\u2019otage\u00a0\u00bb de Jeffrey L. Kosky en collaboration avec M. Goy in Les \u00e9tudes philosophiques (septembre 2006, n\u00b03, p. 335-352).<\/p>\n<p>2006 : \u00ab\u00a0L\u00e9vinas et la Litt\u00e9rature \u2013 de l&rsquo;\u00e9criture \u00e0 l&rsquo;herm\u00e9neutique\u00a0\u00bb in Revue philosophique de Louvain (mai 2006, tome 104, n\u00b02, p. 288-311).<\/p>\n<p>2006 : \u00ab\u00a0L\u00e9vinas et l&rsquo;individualisme contemporain\u00a0\u00bb, en collaboration avec E. Hach\u00e9 (Universit\u00e9 de Montr\u00e9al) in Dialogue (octobre 2006, XLV, p. 469-503).<\/p>\n<p>2005 : \u00ab\u00a0Imm\u00e9diatet\u00e9 et alt\u00e9rit\u00e9 d&rsquo;Husserl \u00e0 L\u00e9vinas\u00a0\u00bb in Symposium, revue canadienne de philosophie continentale (n\u00b02, vol.9, automne 2005, p. 195-216).<\/p>\n<p>2005 : \u00ab\u00a0Penser le changement par l\u2019image : quelques r\u00e9flexions sur Walter Benjamin\u00a0\u00bb in Le Porche (n\u00b015, mai 2005, p. 44-56).<\/p>\n<p>2004 : \u00ab\u00a0Image dialectique et changement culturel chez Walter Benjamin\u00a0\u00bb in Revue du Centre de recherches fran\u00e7aises de la facult\u00e9 de philosophie de l\u2019universit\u00e9 d&rsquo;Etat de Saint-Petersbourg (p. 13-21).<\/p>\n<p>b) recensions<\/p>\n<p>2009 : \u00ab\u00a0Hyperbole. Pour une psychopathologie l\u00e9vinassienne de Y. Murakami\u00a0\u00bb in Cahiers d&rsquo;\u00e9tudes l\u00e9vinassiennes, n\u00b08 (p. 476-483).<\/p>\n<p>2007 : \u00ab\u00a0L\u00e9vinas ou l&rsquo;exception de soi de R. Calin\u00a0\u00bb in Cahiers d&rsquo;\u00e9tudes l\u00e9vinassiennes, n\u00b05 (p. 361-369).<\/p>\n<p>2005 : \u00ab\u00a0La trace dans le palimpseste de S. Rabinovitch\u00a0\u00bb in Cahiers d&rsquo;\u00e9tudes l\u00e9vinassiennes, n\u00b04 (p. 476-479).<\/p>\n<p>2004 : \u00ab\u00a0Emmanuel L\u00e9vinas et la guerre de S. Mos\u00e8s\u00a0\u00bb in Cahiers d&rsquo;\u00e9tudes l\u00e9vinassiennes, n\u00b04 (p. 469-476).<\/p>\n<p>c) Publications de Sociologie<\/p>\n<p>2007 : \u00ab\u00a0Les cadres sociaux du devoir de m\u00e9moire selon Maurice Halbwachs\u00a0\u00bb in Le diable probablement (n\u00b03, octobre 2007, p. 19-23).<\/p>\n<p>2006 : participation \u00e0 l\u2019ouvrage Entre gestion et passion : analyse socio-organisationnelle de l\u2019arm\u00e9e de l\u2019air, sous la direction de Christian Mouhanna (Les documents du Centre d\u2019\u00e9tudes en sciences sociales de la D\u00e9fense, n\u00b0 84, 122 p.).<\/p>\n<p>2005 : \u00ab\u00a0La connaissance des motivations : un d\u00e9fi pour le manager\u00a0\u00bb, rapport de la conf\u00e9rence prononc\u00e9e pour l&rsquo;Universit\u00e9 d&rsquo;\u00e9t\u00e9 de G\u00e9n\u00e9ration Entreprise (r\u00e9sum\u00e9 disponible sur le site www.gererationentreprise.fr).<\/p>\n<p>2004 : Les clefs de la performance \u2013 introduction au management motivationnel, en collaboration avec E. Maire (136 p., \u00e9ditions Demos, 2\u00e8me \u00e9d. f\u00e9vrier 2005).<\/p>\n<p>&nbsp;<\/p>\n<div id=\"attachment_2756\" style=\"width: 310px\" class=\"wp-caption aligncenter\"><a href=\"http:\/\/matthieudubost.fr\/accueil\/wp-content\/uploads\/2015\/07\/AN00183789_001_l.jpg\"><img aria-describedby=\"caption-attachment-2756\" decoding=\"async\" loading=\"lazy\" class=\"wp-image-2756 size-medium\" src=\"http:\/\/matthieudubost.fr\/accueil\/wp-content\/uploads\/2015\/07\/AN00183789_001_l-300x244.jpg\" alt=\"AN00183789_001_l\" width=\"300\" height=\"244\" srcset=\"http:\/\/matthieudubost.fr\/accueil\/wp-content\/uploads\/2015\/07\/AN00183789_001_l-300x244.jpg 300w, http:\/\/matthieudubost.fr\/accueil\/wp-content\/uploads\/2015\/07\/AN00183789_001_l-133x108.jpg 133w, http:\/\/matthieudubost.fr\/accueil\/wp-content\/uploads\/2015\/07\/AN00183789_001_l.jpg 750w\" sizes=\"(max-width: 300px) 100vw, 300px\" \/><\/a><p id=\"caption-attachment-2756\" class=\"wp-caption-text\">La dialectique. Gravure du XVIe si\u00e8cle par Cornelis Cort d&rsquo;apr\u00e8s Frans Floris.<\/p><\/div>\n<p style=\"text-align: center;\">\n<p>&nbsp;<\/p>\n","protected":false},"excerpt":{"rendered":"<p>&nbsp; Vous trouverez la liste d\u00e9taill\u00e9e de mes publications ci-dessous. Les autres rubriques de cet onglet vous proposent un grand nombre d&rsquo;articles en libre acc\u00e8s. a) articles et ouvrages \u00e0 caract\u00e8re de recherche 2015 : \u00a0\u00bb L\u00e9vinas lecteur de Merleau-Ponty \u00ab\u00a0, in La Revue Philosophique de Louvain (t. 113, n\u00b01, f\u00e9vrier 2015, p 47-68). 2014 [&hellip;]<\/p>\n","protected":false},"author":1,"featured_media":0,"parent":0,"menu_order":0,"comment_status":"open","ping_status":"open","template":"","meta":[],"_links":{"self":[{"href":"http:\/\/matthieudubost.fr\/accueil\/wp-json\/wp\/v2\/pages\/205"}],"collection":[{"href":"http:\/\/matthieudubost.fr\/accueil\/wp-json\/wp\/v2\/pages"}],"about":[{"href":"http:\/\/matthieudubost.fr\/accueil\/wp-json\/wp\/v2\/types\/page"}],"author":[{"embeddable":true,"href":"http:\/\/matthieudubost.fr\/accueil\/wp-json\/wp\/v2\/users\/1"}],"replies":[{"embeddable":true,"href":"http:\/\/matthieudubost.fr\/accueil\/wp-json\/wp\/v2\/comments?post=205"}],"version-history":[{"count":22,"href":"http:\/\/matthieudubost.fr\/accueil\/wp-json\/wp\/v2\/pages\/205\/revisions"}],"predecessor-version":[{"id":2757,"href":"http:\/\/matthieudubost.fr\/accueil\/wp-json\/wp\/v2\/pages\/205\/revisions\/2757"}],"wp:attachment":[{"href":"http:\/\/matthieudubost.fr\/accueil\/wp-json\/wp\/v2\/media?parent=205"}],"curies":[{"name":"wp","href":"https:\/\/api.w.org\/{rel}","templated":true}]}}