{"id":2,"date":"2014-08-21T23:12:19","date_gmt":"2014-08-21T23:12:19","guid":{"rendered":"http:\/\/http:\/\/matthieudubost.fr\/accueil\/"},"modified":"2025-05-04T19:40:29","modified_gmt":"2025-05-04T19:40:29","slug":"sample-page","status":"publish","type":"page","link":"http:\/\/matthieudubost.fr\/accueil\/","title":{"rendered":"Bienvenue!"},"content":{"rendered":"<p style=\"text-align: left;\">\u00a0Chers amis, chers lecteurs, chers \u00e9tudiants,<\/p>\n<p>Je suis heureux de vous apprendre la toute r\u00e9cente parution de mon dernier livre!<\/p>\n<p><img decoding=\"async\" loading=\"lazy\" class=\"size-medium wp-image-4163 aligncenter\" src=\"http:\/\/matthieudubost.fr\/accueil\/wp-content\/uploads\/2025\/05\/couv_-200x300.jpg\" sizes=\"(max-width: 200px) 100vw, 200px\" srcset=\"https:\/\/matthieudubost.fr\/accueil\/wp-content\/uploads\/2025\/05\/couv_-200x300.jpg 200w, https:\/\/matthieudubost.fr\/accueil\/wp-content\/uploads\/2025\/05\/couv_-683x1024.jpg 683w, https:\/\/matthieudubost.fr\/accueil\/wp-content\/uploads\/2025\/05\/couv_-768x1151.jpg 768w, https:\/\/matthieudubost.fr\/accueil\/wp-content\/uploads\/2025\/05\/couv_-133x200.jpg 133w, https:\/\/matthieudubost.fr\/accueil\/wp-content\/uploads\/2025\/05\/couv_.jpg 1000w\" alt=\"\" width=\"200\" height=\"300\" \/><\/p>\n<div class=\"pdfemb-viewer\">\n<div class=\"pdfemb-pagescontainer grab-to-pan-grab\">\n<div><\/div>\n<div>D\u00e9couvrez-le en cliquant sur <a href=\"https:\/\/matthieudubost.fr\/accueil\/prochains-evenements\/\">La sagesse mise \u00e0 mal <\/a>!<\/div>\n<div class=\"pdfemb-inner-div pdfemb-page1\"><\/div>\n<\/div>\n<\/div>\n","protected":false},"excerpt":{"rendered":"<p>\u00a0Chers amis, chers lecteurs, chers \u00e9tudiants, Je suis heureux de vous apprendre la toute r\u00e9cente parution de mon dernier livre! D\u00e9couvrez-le en cliquant sur La sagesse mise \u00e0 mal !<\/p>\n","protected":false},"author":1,"featured_media":0,"parent":0,"menu_order":0,"comment_status":"open","ping_status":"open","template":"","meta":[],"_links":{"self":[{"href":"http:\/\/matthieudubost.fr\/accueil\/wp-json\/wp\/v2\/pages\/2"}],"collection":[{"href":"http:\/\/matthieudubost.fr\/accueil\/wp-json\/wp\/v2\/pages"}],"about":[{"href":"http:\/\/matthieudubost.fr\/accueil\/wp-json\/wp\/v2\/types\/page"}],"author":[{"embeddable":true,"href":"http:\/\/matthieudubost.fr\/accueil\/wp-json\/wp\/v2\/users\/1"}],"replies":[{"embeddable":true,"href":"http:\/\/matthieudubost.fr\/accueil\/wp-json\/wp\/v2\/comments?post=2"}],"version-history":[{"count":34,"href":"http:\/\/matthieudubost.fr\/accueil\/wp-json\/wp\/v2\/pages\/2\/revisions"}],"predecessor-version":[{"id":4179,"href":"http:\/\/matthieudubost.fr\/accueil\/wp-json\/wp\/v2\/pages\/2\/revisions\/4179"}],"wp:attachment":[{"href":"http:\/\/matthieudubost.fr\/accueil\/wp-json\/wp\/v2\/media?parent=2"}],"curies":[{"name":"wp","href":"https:\/\/api.w.org\/{rel}","templated":true}]}}