{"id":1736,"date":"2018-09-08T12:51:35","date_gmt":"2018-09-08T12:51:35","guid":{"rendered":"http:\/\/matthieudubost.fr\/accueil\/?page_id=1736"},"modified":"2018-09-08T14:19:02","modified_gmt":"2018-09-08T14:19:02","slug":"la-jetee-de-chris-marker-ce-film-est-lhistoire-dun-homme-marque-par-une-image-denfance","status":"publish","type":"page","link":"http:\/\/matthieudubost.fr\/accueil\/la-jetee-de-chris-marker-ce-film-est-lhistoire-dun-homme-marque-par-une-image-denfance\/","title":{"rendered":"La Jet\u00e9e de Chris Marker : \u00ab\u00a0Ce film est l&rsquo;histoire d&rsquo;un homme marqu\u00e9 par une image d&rsquo;enfance\u00a0\u00bb"},"content":{"rendered":"<p>Vous trouverez ici une conf\u00e9rence donn\u00e9e en septembre 2018 sur le film\u00a0<em>La jet\u00e9e\u00a0<\/em>dans le cadre des r\u00e9flexions de la session de rentr\u00e9e du lyc\u00e9e Dani\u00e9lou ayant pour objet \u00ab\u00a0La m\u00e9moire\u00a0\u00bb.<\/p>\n<p>On peut voir le film sur\u00a0https:\/\/vimeo.com\/138951063<\/p>\n<p>La version audio de la conf\u00e9rence :<a href=\"http:\/\/matthieudubost.fr\/accueil\/wp-content\/uploads\/2018\/09\/La-jet\u00e9e.mp3\">La jet\u00e9e<\/a><\/p>\n<p>Voici son\u00a0 <a href=\"http:\/\/matthieudubost.fr\/accueil\/wp-content\/uploads\/2018\/09\/Plan-et-textes.docx\">plan et textes<\/a>.<\/p>\n","protected":false},"excerpt":{"rendered":"<p>Vous trouverez ici une conf\u00e9rence donn\u00e9e en septembre 2018 sur le film\u00a0La jet\u00e9e\u00a0dans le cadre des r\u00e9flexions de la session de rentr\u00e9e du lyc\u00e9e Dani\u00e9lou ayant pour objet \u00ab\u00a0La m\u00e9moire\u00a0\u00bb. On peut voir le film sur\u00a0https:\/\/vimeo.com\/138951063 La version audio de la conf\u00e9rence :La jet\u00e9e Voici son\u00a0 plan et textes.<\/p>\n","protected":false},"author":1,"featured_media":0,"parent":0,"menu_order":0,"comment_status":"closed","ping_status":"open","template":"","meta":[],"_links":{"self":[{"href":"http:\/\/matthieudubost.fr\/accueil\/wp-json\/wp\/v2\/pages\/1736"}],"collection":[{"href":"http:\/\/matthieudubost.fr\/accueil\/wp-json\/wp\/v2\/pages"}],"about":[{"href":"http:\/\/matthieudubost.fr\/accueil\/wp-json\/wp\/v2\/types\/page"}],"author":[{"embeddable":true,"href":"http:\/\/matthieudubost.fr\/accueil\/wp-json\/wp\/v2\/users\/1"}],"replies":[{"embeddable":true,"href":"http:\/\/matthieudubost.fr\/accueil\/wp-json\/wp\/v2\/comments?post=1736"}],"version-history":[{"count":5,"href":"http:\/\/matthieudubost.fr\/accueil\/wp-json\/wp\/v2\/pages\/1736\/revisions"}],"predecessor-version":[{"id":1749,"href":"http:\/\/matthieudubost.fr\/accueil\/wp-json\/wp\/v2\/pages\/1736\/revisions\/1749"}],"wp:attachment":[{"href":"http:\/\/matthieudubost.fr\/accueil\/wp-json\/wp\/v2\/media?parent=1736"}],"curies":[{"name":"wp","href":"https:\/\/api.w.org\/{rel}","templated":true}]}}