{"id":152,"date":"2014-12-21T15:51:17","date_gmt":"2014-12-21T15:51:17","guid":{"rendered":"http:\/\/matthieudubost.fr\/accueil\/?page_id=152"},"modified":"2024-02-17T05:10:37","modified_gmt":"2024-02-17T05:10:37","slug":"matthieudubostparcourscvbiographie","status":"publish","type":"page","link":"http:\/\/matthieudubost.fr\/accueil\/matthieudubostparcourscvbiographie\/","title":{"rendered":"L&rsquo;auteur"},"content":{"rendered":"<p><a href=\"http:\/\/matthieudubost.fr\/accueil\/wp-content\/uploads\/2015\/07\/IMG_4193HD.jpg\"><img decoding=\"async\" loading=\"lazy\" class=\"alignnone size-medium wp-image-2500\" src=\"http:\/\/matthieudubost.fr\/accueil\/wp-content\/uploads\/2015\/07\/IMG_4193HD-200x300.jpg\" alt=\"IMG_4193HD\" width=\"200\" height=\"300\" srcset=\"http:\/\/matthieudubost.fr\/accueil\/wp-content\/uploads\/2015\/07\/IMG_4193HD-200x300.jpg 200w, http:\/\/matthieudubost.fr\/accueil\/wp-content\/uploads\/2015\/07\/IMG_4193HD-682x1024.jpg 682w, http:\/\/matthieudubost.fr\/accueil\/wp-content\/uploads\/2015\/07\/IMG_4193HD-133x200.jpg 133w\" sizes=\"(max-width: 200px) 100vw, 200px\" \/><\/a><\/p>\n<p>Normalien, agr\u00e9g\u00e9 de philosophie, ancien \u00e9l\u00e8ve de l&rsquo;IEP de Paris et docteur de la Sorbonne (Paris IV), je suis professeur en kh\u00e2gne au lyc\u00e9e Madeleine Dani\u00e9lou. Ma formation m\u2019a men\u00e9 \u00e9galement vers les sciences humaines (Master de sociologie des organisations de l\u2019IEP de Paris) et l\u2019esth\u00e9tique (Master en cin\u00e9ma de l\u2019universit\u00e9 de Paris III). Je suis \u00e9galement e-professeur pour l\u2019universit\u00e9 en ligne Domuni. J&rsquo;interviens enfin dans diff\u00e9rentes Ecoles de commerce et suis membre de jury pour diff\u00e9rents concours.<\/p>\n","protected":false},"excerpt":{"rendered":"<p>Normalien, agr\u00e9g\u00e9 de philosophie, ancien \u00e9l\u00e8ve de l&rsquo;IEP de Paris et docteur de la Sorbonne (Paris IV), je suis professeur en kh\u00e2gne au lyc\u00e9e Madeleine Dani\u00e9lou. Ma formation m\u2019a men\u00e9 \u00e9galement vers les sciences humaines (Master de sociologie des organisations de l\u2019IEP de Paris) et l\u2019esth\u00e9tique (Master en cin\u00e9ma de l\u2019universit\u00e9 de Paris III). Je [&hellip;]<\/p>\n","protected":false},"author":2,"featured_media":0,"parent":0,"menu_order":0,"comment_status":"open","ping_status":"open","template":"","meta":[],"_links":{"self":[{"href":"http:\/\/matthieudubost.fr\/accueil\/wp-json\/wp\/v2\/pages\/152"}],"collection":[{"href":"http:\/\/matthieudubost.fr\/accueil\/wp-json\/wp\/v2\/pages"}],"about":[{"href":"http:\/\/matthieudubost.fr\/accueil\/wp-json\/wp\/v2\/types\/page"}],"author":[{"embeddable":true,"href":"http:\/\/matthieudubost.fr\/accueil\/wp-json\/wp\/v2\/users\/2"}],"replies":[{"embeddable":true,"href":"http:\/\/matthieudubost.fr\/accueil\/wp-json\/wp\/v2\/comments?post=152"}],"version-history":[{"count":18,"href":"http:\/\/matthieudubost.fr\/accueil\/wp-json\/wp\/v2\/pages\/152\/revisions"}],"predecessor-version":[{"id":3808,"href":"http:\/\/matthieudubost.fr\/accueil\/wp-json\/wp\/v2\/pages\/152\/revisions\/3808"}],"wp:attachment":[{"href":"http:\/\/matthieudubost.fr\/accueil\/wp-json\/wp\/v2\/media?parent=152"}],"curies":[{"name":"wp","href":"https:\/\/api.w.org\/{rel}","templated":true}]}}