{"id":1257,"date":"2017-09-09T05:28:04","date_gmt":"2017-09-09T05:28:04","guid":{"rendered":"http:\/\/matthieudubost.fr\/accueil\/?page_id=1257"},"modified":"2017-09-10T15:46:32","modified_gmt":"2017-09-10T15:46:32","slug":"etablirunefrontierecesttoujourslafranchirhegel","status":"publish","type":"page","link":"http:\/\/matthieudubost.fr\/accueil\/etablirunefrontierecesttoujourslafranchirhegel\/","title":{"rendered":"Etablir une fronti\u00e8re, c&rsquo;est toujours la franchir (Hegel)"},"content":{"rendered":"<h1>\u00ab\u00a0Etablir une fronti\u00e8re, c&rsquo;est toujours la franchir\u00a0\u00bb (Hegel).<\/h1>\n<p>\u00ab Alexandre se mit \u00e0 la t\u00eate des Hell\u00e8nes pour faire passer la Gr\u00e8ce en Asie\u00a0\u00bb. Alexandre, C\u00e9sar, Napol\u00e9on, ces \u00ab\u00a0grands hommes\u00a0\u00bb ont en commun de vouloir toujours repousser les fronti\u00e8res\u00a0pour b\u00e2tir des Empires. La fronti\u00e8re est donc d\u2019abord un lieu de mobilit\u00e9 avant d\u2019\u00eatre le lieu de l\u2019arr\u00eat de quelque chose. La fronti\u00e8re n\u2019est pas la fin de, mais\u2019invitation \u00e0 un d\u00e9passement. Tel est le\u00a0paradoxe historique et ontologique de la fronti\u00e8re. C&rsquo;est ainsi qu&rsquo;on attribue \u00e0 Hegel la citation suivante : \u00ab\u00a0\u00a0\u00bbEtablir une fronti\u00e8re, c&rsquo;est toujours la franchir\u00a0\u00bb (Hegel).<\/p>\n<p style=\"text-align: justify;\">Plus g\u00e9n\u00e9ralement, Hegel est penseur de l\u2019histoire mais aussi de la \u00ab limite \u00bb, au sens politique mais aussi logique du terme. Le mot \u00ab Grenze \u00bb est ainsi le m\u00eame mot en g\u00e9ographie, histoire et logique.<\/p>\n<p>En premier lieu, on devra poser la question suivante: 1) Pourquoi est-ce intrins\u00e8quement que la fronti\u00e8re invite \u00e0 son d\u00e9passement ? Ainsi pr\u00e9sent\u00e9e, cette question en appelle une seconde, et il s&rsquo;agira cette foi d&rsquo;une interrigation \u00e9valuative, puisque les \u00ab grands hommes \u00bb sont aussi les belliqueux et les assassins. On se demandera donc: 2) Est-ce un vice que de vouloir syst\u00e9matiquement transgresser une fronti\u00e8re ? On d\u00e9veloppera ici 2 th\u00e8ses: 1) C\u2019est ontologiquement qu\u2019il faut comprendre cette tendance, comme fruit de la dialectique n\u00e9cessaire du fini et de l\u2019infini 2) En cela, ce n\u2019est pas un mal absolu, mais un mal relatif<\/p>\n<p style=\"text-align: justify;\">Le but de cette conf\u00e9rence est de partir de la philosophie de l&rsquo;histoire hegelienne, de passer par sa g\u00e9ographie spirituelle pour \u00e9clairer la citation initiale, et cela en en assumant l&rsquo;ancrage m\u00e9taphysique. C&rsquo;est ainsi que ce commentaire\u00a0me conduit\u00a0principalement\u00a0\u00e0\u00a0la Science de la logique o\u00f9 sont d\u00e9velopp\u00e9es les notions de fronti\u00e8re (Grenze) et de borne (Schranke).<\/p>\n<p style=\"text-align: justify;\">Vous trouverez la version papier du\u00a0<a href=\"http:\/\/matthieudubost.fr\/accueil\/wp-content\/uploads\/2015\/07\/Textes-fronti\u00e8re.docx\">plan et textes de la conf\u00e9rence<\/a>\u00a0ainsi que sa version audio compl\u00e8te :\u00a0<a href=\"http:\/\/matthieudubost.fr\/accueil\/wp-content\/uploads\/2017\/09\/Etablir-une-limite-cest-toujours-la-franchir-Hegel.mp3\">Etablir une limite c&rsquo;est toujours la franchir (Hegel)<\/a><\/p>\n<p>&nbsp;<\/p>\n<div id=\"attachment_1273\" style=\"width: 319px\" class=\"wp-caption alignnone\"><a href=\"http:\/\/matthieudubost.fr\/accueil\/wp-content\/uploads\/2017\/09\/220px-Friedrich_Hegel_mit_Studenten_Lithographie_F_Kugler.jpg\"><img aria-describedby=\"caption-attachment-1273\" decoding=\"async\" loading=\"lazy\" class=\"wp-image-1273\" src=\"http:\/\/matthieudubost.fr\/accueil\/wp-content\/uploads\/2017\/09\/220px-Friedrich_Hegel_mit_Studenten_Lithographie_F_Kugler.jpg\" alt=\"&quot;Etablir une fronti\u00e8re, c'est toujours la franchir&quot; (Hegel).\" width=\"309\" height=\"202\" srcset=\"http:\/\/matthieudubost.fr\/accueil\/wp-content\/uploads\/2017\/09\/220px-Friedrich_Hegel_mit_Studenten_Lithographie_F_Kugler.jpg 220w, http:\/\/matthieudubost.fr\/accueil\/wp-content\/uploads\/2017\/09\/220px-Friedrich_Hegel_mit_Studenten_Lithographie_F_Kugler-133x87.jpg 133w\" sizes=\"(max-width: 309px) 100vw, 309px\" \/><\/a><p id=\"caption-attachment-1273\" class=\"wp-caption-text\">\u00ab\u00a0Etablir une fronti\u00e8re, c&rsquo;est toujours la franchir\u00a0\u00bb (Hegel).<\/p><\/div>\n<p>&nbsp;<\/p>\n","protected":false},"excerpt":{"rendered":"<p>\u00ab\u00a0Etablir une fronti\u00e8re, c&rsquo;est toujours la franchir\u00a0\u00bb (Hegel). \u00ab Alexandre se mit \u00e0 la t\u00eate des Hell\u00e8nes pour faire passer la Gr\u00e8ce en Asie\u00a0\u00bb. Alexandre, C\u00e9sar, Napol\u00e9on, ces \u00ab\u00a0grands hommes\u00a0\u00bb ont en commun de vouloir toujours repousser les fronti\u00e8res\u00a0pour b\u00e2tir des Empires. La fronti\u00e8re est donc d\u2019abord un lieu de mobilit\u00e9 avant d\u2019\u00eatre le lieu [&hellip;]<\/p>\n","protected":false},"author":1,"featured_media":0,"parent":0,"menu_order":0,"comment_status":"closed","ping_status":"open","template":"","meta":[],"_links":{"self":[{"href":"http:\/\/matthieudubost.fr\/accueil\/wp-json\/wp\/v2\/pages\/1257"}],"collection":[{"href":"http:\/\/matthieudubost.fr\/accueil\/wp-json\/wp\/v2\/pages"}],"about":[{"href":"http:\/\/matthieudubost.fr\/accueil\/wp-json\/wp\/v2\/types\/page"}],"author":[{"embeddable":true,"href":"http:\/\/matthieudubost.fr\/accueil\/wp-json\/wp\/v2\/users\/1"}],"replies":[{"embeddable":true,"href":"http:\/\/matthieudubost.fr\/accueil\/wp-json\/wp\/v2\/comments?post=1257"}],"version-history":[{"count":16,"href":"http:\/\/matthieudubost.fr\/accueil\/wp-json\/wp\/v2\/pages\/1257\/revisions"}],"predecessor-version":[{"id":1284,"href":"http:\/\/matthieudubost.fr\/accueil\/wp-json\/wp\/v2\/pages\/1257\/revisions\/1284"}],"wp:attachment":[{"href":"http:\/\/matthieudubost.fr\/accueil\/wp-json\/wp\/v2\/media?parent=1257"}],"curies":[{"name":"wp","href":"https:\/\/api.w.org\/{rel}","templated":true}]}}