{"id":1009,"date":"2016-10-09T05:06:23","date_gmt":"2016-10-09T05:06:23","guid":{"rendered":"http:\/\/matthieudubost.fr\/accueil\/?page_id=1009"},"modified":"2019-06-22T02:47:05","modified_gmt":"2019-06-22T02:47:05","slug":"lamour-a-lheure-du-net","status":"publish","type":"page","link":"http:\/\/matthieudubost.fr\/accueil\/lamour-a-lheure-du-net\/","title":{"rendered":"L&rsquo;amour \u00e0 l&rsquo;heure du net"},"content":{"rendered":"<p style=\"text-align: center;\"><a href=\"http:\/\/matthieudubost.fr\/accueil\/wp-content\/uploads\/2016\/10\/th.jpg\"><img decoding=\"async\" loading=\"lazy\" class=\"alignnone  wp-image-1036\" src=\"http:\/\/matthieudubost.fr\/accueil\/wp-content\/uploads\/2016\/10\/th.jpg\" alt=\"th\" width=\"235\" height=\"156\" srcset=\"http:\/\/matthieudubost.fr\/accueil\/wp-content\/uploads\/2016\/10\/th.jpg 283w, http:\/\/matthieudubost.fr\/accueil\/wp-content\/uploads\/2016\/10\/th-133x88.jpg 133w\" sizes=\"(max-width: 235px) 100vw, 235px\" \/><\/a><\/p>\n<p>\u00ab\u00a0L&rsquo;amour \u00e0 l&rsquo;heure du net\u00a0\u00bb, conf\u00e9rence prononc\u00e9e en 2011 pour l&rsquo;association dominicaine Agora-T\u00eate d&rsquo;or de Lyon<\/p>\n<!--[if lt IE 9]><script>document.createElement('audio');<\/script><![endif]-->\n<audio class=\"wp-audio-shortcode\" id=\"audio-1009-1\" preload=\"none\" style=\"width: 100%;\" controls=\"controls\"><source type=\"audio\/mpeg\" src=\"http:\/\/matthieudubost.fr\/accueil\/wp-content\/uploads\/2015\/12\/01_Piste_1.mp3?_=1\" \/><a href=\"http:\/\/matthieudubost.fr\/accueil\/wp-content\/uploads\/2015\/12\/01_Piste_1.mp3\">http:\/\/matthieudubost.fr\/accueil\/wp-content\/uploads\/2015\/12\/01_Piste_1.mp3<\/a><\/audio>\n<div id=\"attachment_1790\" style=\"width: 234px\" class=\"wp-caption aligncenter\"><a href=\"http:\/\/matthieudubost.fr\/accueil\/wp-content\/uploads\/2018\/09\/DSCF2455.jpg\"><img aria-describedby=\"caption-attachment-1790\" decoding=\"async\" loading=\"lazy\" class=\"wp-image-1790 size-medium\" src=\"http:\/\/matthieudubost.fr\/accueil\/wp-content\/uploads\/2018\/09\/DSCF2455-224x300.jpg\" alt=\"DSCF2455\" width=\"224\" height=\"300\" srcset=\"http:\/\/matthieudubost.fr\/accueil\/wp-content\/uploads\/2018\/09\/DSCF2455-224x300.jpg 224w, http:\/\/matthieudubost.fr\/accueil\/wp-content\/uploads\/2018\/09\/DSCF2455-768x1024.jpg 768w, http:\/\/matthieudubost.fr\/accueil\/wp-content\/uploads\/2018\/09\/DSCF2455-133x177.jpg 133w\" sizes=\"(max-width: 224px) 100vw, 224px\" \/><\/a><p id=\"caption-attachment-1790\" class=\"wp-caption-text\">Refuser le mat\u00e9rialisme de D\u00e9mocrite? (httpmbarouen.frfroeuvresdemocrite)<\/p><\/div>\n<p style=\"text-align: right;\">\n","protected":false},"excerpt":{"rendered":"<p>\u00ab\u00a0L&rsquo;amour \u00e0 l&rsquo;heure du net\u00a0\u00bb, conf\u00e9rence prononc\u00e9e en 2011 pour l&rsquo;association dominicaine Agora-T\u00eate d&rsquo;or de Lyon<\/p>\n","protected":false},"author":1,"featured_media":0,"parent":0,"menu_order":0,"comment_status":"closed","ping_status":"open","template":"","meta":[],"_links":{"self":[{"href":"http:\/\/matthieudubost.fr\/accueil\/wp-json\/wp\/v2\/pages\/1009"}],"collection":[{"href":"http:\/\/matthieudubost.fr\/accueil\/wp-json\/wp\/v2\/pages"}],"about":[{"href":"http:\/\/matthieudubost.fr\/accueil\/wp-json\/wp\/v2\/types\/page"}],"author":[{"embeddable":true,"href":"http:\/\/matthieudubost.fr\/accueil\/wp-json\/wp\/v2\/users\/1"}],"replies":[{"embeddable":true,"href":"http:\/\/matthieudubost.fr\/accueil\/wp-json\/wp\/v2\/comments?post=1009"}],"version-history":[{"count":3,"href":"http:\/\/matthieudubost.fr\/accueil\/wp-json\/wp\/v2\/pages\/1009\/revisions"}],"predecessor-version":[{"id":2074,"href":"http:\/\/matthieudubost.fr\/accueil\/wp-json\/wp\/v2\/pages\/1009\/revisions\/2074"}],"wp:attachment":[{"href":"http:\/\/matthieudubost.fr\/accueil\/wp-json\/wp\/v2\/media?parent=1009"}],"curies":[{"name":"wp","href":"https:\/\/api.w.org\/{rel}","templated":true}]}}