{"id":1005,"date":"2016-10-09T05:04:23","date_gmt":"2016-10-09T05:04:23","guid":{"rendered":"http:\/\/matthieudubost.fr\/accueil\/?page_id=1005"},"modified":"2016-10-09T05:48:02","modified_gmt":"2016-10-09T05:48:02","slug":"parmenideoulanaissanceambigueontologie","status":"publish","type":"page","link":"http:\/\/matthieudubost.fr\/accueil\/parmenideoulanaissanceambigueontologie\/","title":{"rendered":"Parm\u00e9nide ou la naissance ambigu\u00eb de l&rsquo;ontologie"},"content":{"rendered":"<p style=\"text-align: center;\">Comprendre l&rsquo;expression de Parm\u00e9nide: \u00a0\u00ab\u00a0L&rsquo;\u00eatre est l&rsquo;\u00eatre\u00a0\u00bb<\/p>\n<p style=\"text-align: center;\"><a style=\"color: blue;\" href=\"http:\/\/www.perseus.tufts.edu\/hopper\/morph?l=ei&amp;la=greek\" target=\"grec\">\u0395\u1f30\u00a0<\/a><a style=\"color: blue;\" href=\"http:\/\/www.perseus.tufts.edu\/hopper\/morph?l=d&amp;la=greek\" target=\"grec\">\u03b4&rsquo;<\/a><span style=\"color: #000000;\">\u00a0<\/span><a style=\"color: blue;\" href=\"http:\/\/www.perseus.tufts.edu\/hopper\/morph?l=ag&amp;la=greek\" target=\"grec\">\u1f04\u03b3&rsquo;<\/a><span style=\"color: #000000;\">\u00a0<\/span><a style=\"color: blue;\" href=\"http:\/\/www.perseus.tufts.edu\/hopper\/morph?l=egwn&amp;la=greek\" target=\"grec\">\u1f10\u03b3\u1f7c\u03bd<\/a><span style=\"color: #000000;\">\u00a0<\/span><a style=\"color: blue;\" href=\"http:\/\/www.perseus.tufts.edu\/hopper\/morph?l=erew&amp;la=greek\" target=\"grec\">\u1f10\u03c1\u1f73\u03c9<\/a><span style=\"color: #000000;\">,\u00a0<\/span><a style=\"color: blue;\" href=\"http:\/\/www.perseus.tufts.edu\/hopper\/morph?l=komisai&amp;la=greek\" target=\"grec\">\u03ba\u1f79\u03bc\u03b9\u03c3\u03b1\u03b9<\/a><span style=\"color: #000000;\">\u00a0<\/span><a style=\"color: blue;\" href=\"http:\/\/www.perseus.tufts.edu\/hopper\/morph?l=de&amp;la=greek\" target=\"grec\">\u03b4\u1f72<\/a><span style=\"color: #000000;\">\u00a0<\/span><a style=\"color: blue;\" href=\"http:\/\/www.perseus.tufts.edu\/hopper\/morph?l=su&amp;la=greek\" target=\"grec\">\u03c3\u1f7a<\/a><span style=\"color: #000000;\">\u00a0<\/span><a style=\"color: blue;\" href=\"http:\/\/www.perseus.tufts.edu\/hopper\/morph?l=muqon&amp;la=greek\" target=\"grec\">\u03bc\u1fe6\u03b8\u03bf\u03bd<\/a><span style=\"color: #000000;\">\u00a0<\/span><a style=\"color: blue;\" href=\"http:\/\/www.perseus.tufts.edu\/hopper\/morph?l=akousas&amp;la=greek\" target=\"grec\">\u1f00\u03ba\u03bf\u1f7b\u03c3\u03b1\u03c2<\/a><span style=\"color: #000000;\">,\u00a0<\/span><br style=\"color: #000000;\" \/><a style=\"color: blue;\" href=\"http:\/\/www.perseus.tufts.edu\/hopper\/morph?l=aiper&amp;la=greek\" target=\"grec\">\u03b1\u1f35\u03c0\u03b5\u03c1<\/a><span style=\"color: #000000;\">\u00a0<\/span><a style=\"color: blue;\" href=\"http:\/\/www.perseus.tufts.edu\/hopper\/morph?l=odoi&amp;la=greek\" target=\"grec\">\u1f41\u03b4\u03bf\u1f76<\/a><span style=\"color: #000000;\">\u00a0<\/span><a style=\"color: blue;\" href=\"http:\/\/www.perseus.tufts.edu\/hopper\/morph?l=mounai&amp;la=greek\" target=\"grec\">\u03bc\u03bf\u1fe6\u03bd\u03b1\u03b9<\/a><span style=\"color: #000000;\">\u00a0<\/span><a style=\"color: blue;\" href=\"http:\/\/www.perseus.tufts.edu\/hopper\/morph?l=dizhsios&amp;la=greek\" target=\"grec\">\u03b4\u03b9\u03b6\u1f75\u03c3\u03b9\u1f79\u03c2<\/a><span style=\"color: #000000;\">\u00a0<\/span><a style=\"color: blue;\" href=\"http:\/\/www.perseus.tufts.edu\/hopper\/morph?l=eisi&amp;la=greek\" target=\"grec\">\u03b5\u1f30\u03c3\u03b9<\/a><span style=\"color: #000000;\">\u00a0<\/span><a style=\"color: blue;\" href=\"http:\/\/www.perseus.tufts.edu\/hopper\/morph?l=nohsai&amp;la=greek\" target=\"grec\">\u03bd\u03bf\u1fc6\u03c3\u03b1\u03b9<\/a><span style=\"color: #000000;\">\u0387\u00a0<\/span><br style=\"color: #000000;\" \/><a style=\"color: blue;\" href=\"http:\/\/www.perseus.tufts.edu\/hopper\/morph?l=h&amp;la=greek\" target=\"grec\">\u1f21<\/a><span style=\"color: #000000;\">\u00a0<\/span><a style=\"color: blue;\" href=\"http:\/\/www.perseus.tufts.edu\/hopper\/morph?l=men&amp;la=greek\" target=\"grec\">\u03bc\u1f72\u03bd<\/a><span style=\"color: #000000;\">\u00a0<\/span><a style=\"color: blue;\" href=\"http:\/\/www.perseus.tufts.edu\/hopper\/morph?l=opws&amp;la=greek\" target=\"grec\">\u1f45\u03c0\u03c9\u03c2<\/a><span style=\"color: #000000;\">\u00a0<\/span><a style=\"color: blue;\" href=\"http:\/\/www.perseus.tufts.edu\/hopper\/morph?l=estin&amp;la=greek\" target=\"grec\">\u1f14\u03c3\u03c4\u03b9\u03bd<\/a><span style=\"color: #000000;\">\u00a0<\/span><a style=\"color: blue;\" href=\"http:\/\/www.perseus.tufts.edu\/hopper\/morph?l=te&amp;la=greek\" target=\"grec\">\u03c4\u03b5<\/a><span style=\"color: #000000;\">\u00a0<\/span><a style=\"color: blue;\" href=\"http:\/\/www.perseus.tufts.edu\/hopper\/morph?l=kai&amp;la=greek\" target=\"grec\">\u03ba\u03b1\u1f76<\/a><span style=\"color: #000000;\">\u00a0<\/span><a style=\"color: blue;\" href=\"http:\/\/www.perseus.tufts.edu\/hopper\/morph?l=ws&amp;la=greek\" target=\"grec\">\u1f61\u03c2<\/a><span style=\"color: #000000;\">\u00a0<\/span><a style=\"color: blue;\" href=\"http:\/\/www.perseus.tufts.edu\/hopper\/morph?l=ouk&amp;la=greek\" target=\"grec\">\u03bf\u1f50\u03ba<\/a><span style=\"color: #000000;\">\u00a0<\/span><a style=\"color: blue;\" href=\"http:\/\/www.perseus.tufts.edu\/hopper\/morph?l=esti&amp;la=greek\" target=\"grec\">\u1f14\u03c3\u03c4\u03b9<\/a><span style=\"color: #000000;\">\u00a0<\/span><a style=\"color: blue;\" href=\"http:\/\/www.perseus.tufts.edu\/hopper\/morph?l=mh&amp;la=greek\" target=\"grec\">\u03bc\u1f74<\/a><span style=\"color: #000000;\">\u00a0<\/span><a style=\"color: blue;\" href=\"http:\/\/www.perseus.tufts.edu\/hopper\/morph?l=einai&amp;la=greek\" target=\"grec\">\u03b5\u1f36\u03bd\u03b1\u03b9<\/a><span style=\"color: #000000;\">,\u00a0<\/span><br style=\"color: #000000;\" \/><a style=\"color: blue;\" href=\"http:\/\/www.perseus.tufts.edu\/hopper\/morph?l=peiqous&amp;la=greek\" target=\"grec\">\u03a0\u03b5\u03b9\u03b8\u03bf\u1fe6\u03c2<\/a><span style=\"color: #000000;\">\u00a0<\/span><a style=\"color: blue;\" href=\"http:\/\/www.perseus.tufts.edu\/hopper\/morph?l=esti&amp;la=greek\" target=\"grec\">\u1f10\u03c3\u03c4\u03b9<\/a><span style=\"color: #000000;\">\u00a0<\/span><a style=\"color: blue;\" href=\"http:\/\/www.perseus.tufts.edu\/hopper\/morph?l=keleuqos&amp;la=greek\" target=\"grec\">\u03ba\u1f73\u03bb\u03b5\u03c5\u03b8\u03bf\u03c2<\/a><span style=\"color: #000000;\">\u00a0&#8211;\u00a0<\/span><a style=\"color: blue;\" href=\"http:\/\/www.perseus.tufts.edu\/hopper\/morph?l=alhqeihi&amp;la=greek\" target=\"grec\">\u1f08\u03bb\u03b7\u03b8\u03b5\u1f77\u1fc3<\/a><span style=\"color: #000000;\">\u00a0<\/span><a style=\"color: blue;\" href=\"http:\/\/www.perseus.tufts.edu\/hopper\/morph?l=gar&amp;la=greek\" target=\"grec\">\u03b3\u1f70\u03c1<\/a><span style=\"color: #000000;\">\u00a0<\/span><a style=\"color: blue;\" href=\"http:\/\/www.perseus.tufts.edu\/hopper\/morph?l=ofdei&amp;la=greek\" target=\"grec\">\u1f40\u03c0\u03b7\u03b4\u03b5\u1fd6<\/a><span style=\"color: #000000;\">\u00a0&#8211; ,\u00a0<\/span><br style=\"color: #000000;\" \/><span style=\"color: #000000;\">\u00a0<\/span><a style=\"color: blue;\" href=\"http:\/\/www.perseus.tufts.edu\/hopper\/morph?l=h&amp;la=greek\" target=\"grec\">\u1f21<\/a><span style=\"color: #000000;\">\u00a0<\/span><a style=\"color: blue;\" href=\"http:\/\/www.perseus.tufts.edu\/hopper\/morph?l=d&amp;la=greek\" target=\"grec\">\u03b4&rsquo;<\/a><span style=\"color: #000000;\">\u00a0<\/span><a style=\"color: blue;\" href=\"http:\/\/www.perseus.tufts.edu\/hopper\/morph?l=ws&amp;la=greek\" target=\"grec\">\u1f61\u03c2<\/a><span style=\"color: #000000;\">\u00a0<\/span><a style=\"color: blue;\" href=\"http:\/\/www.perseus.tufts.edu\/hopper\/morph?l=ouk&amp;la=greek\" target=\"grec\">\u03bf\u1f50\u03ba<\/a><span style=\"color: #000000;\">\u00a0<\/span><a style=\"color: blue;\" href=\"http:\/\/www.perseus.tufts.edu\/hopper\/morph?l=estin&amp;la=greek\" target=\"grec\">\u1f14\u03c3\u03c4\u03b9\u03bd<\/a><span style=\"color: #000000;\">\u00a0<\/span><a style=\"color: blue;\" href=\"http:\/\/www.perseus.tufts.edu\/hopper\/morph?l=te&amp;la=greek\" target=\"grec\">\u03c4\u03b5<\/a><span style=\"color: #000000;\">\u00a0<\/span><a style=\"color: blue;\" href=\"http:\/\/www.perseus.tufts.edu\/hopper\/morph?l=kai&amp;la=greek\" target=\"grec\">\u03ba\u03b1\u1f76<\/a><span style=\"color: #000000;\">\u00a0<\/span><a style=\"color: blue;\" href=\"http:\/\/www.perseus.tufts.edu\/hopper\/morph?l=ws&amp;la=greek\" target=\"grec\">\u1f61\u03c2<\/a><span style=\"color: #000000;\">\u00a0<\/span><a style=\"color: blue;\" href=\"http:\/\/www.perseus.tufts.edu\/hopper\/morph?l=chrewn&amp;la=greek\" target=\"grec\">\u03c7\u03c1\u03b5\u1f7d\u03bd<\/a><span style=\"color: #000000;\">\u00a0<\/span><a style=\"color: blue;\" href=\"http:\/\/www.perseus.tufts.edu\/hopper\/morph?l=esti&amp;la=greek\" target=\"grec\">\u1f10\u03c3\u03c4\u03b9<\/a><span style=\"color: #000000;\">\u00a0<\/span><a style=\"color: blue;\" href=\"http:\/\/www.perseus.tufts.edu\/hopper\/morph?l=mh&amp;la=greek\" target=\"grec\">\u03bc\u1f74<\/a><span style=\"color: #000000;\">\u00a0<\/span><a style=\"color: blue;\" href=\"http:\/\/www.perseus.tufts.edu\/hopper\/morph?l=einai&amp;la=greek\" target=\"grec\">\u03b5\u1f36\u03bd\u03b1\u03b9<\/a><span style=\"color: #000000;\">,\u00a0<\/span><br style=\"color: #000000;\" \/><a style=\"color: blue;\" href=\"http:\/\/www.perseus.tufts.edu\/hopper\/morph?l=qn&amp;la=greek\" target=\"grec\">\u03c4\u1f74\u03bd<\/a><span style=\"color: #000000;\">\u00a0<\/span><a style=\"color: blue;\" href=\"http:\/\/www.perseus.tufts.edu\/hopper\/morph?l=dh&amp;la=greek\" target=\"grec\">\u03b4\u1f75<\/a><span style=\"color: #000000;\">\u00a0<\/span><a style=\"color: blue;\" href=\"http:\/\/www.perseus.tufts.edu\/hopper\/morph?l=toi&amp;la=greek\" target=\"grec\">\u03c4\u03bf\u03b9<\/a><span style=\"color: #000000;\">\u00a0<\/span><a style=\"color: blue;\" href=\"http:\/\/www.perseus.tufts.edu\/hopper\/morph?l=frazw&amp;la=greek\" target=\"grec\">\u03c6\u03c1\u1f71\u03b6\u03c9<\/a><span style=\"color: #000000;\">\u00a0<\/span><a style=\"color: blue;\" href=\"http:\/\/www.perseus.tufts.edu\/hopper\/morph?l=panapeuqea&amp;la=greek\" target=\"grec\">\u03c0\u03b1\u03bd\u03b1\u03c0\u03b5\u03c5\u03b8\u1f73\u03b1<\/a><span style=\"color: #000000;\">\u00a0<\/span><a style=\"color: blue;\" href=\"http:\/\/www.perseus.tufts.edu\/hopper\/morph?l=emmen&amp;la=greek\" target=\"grec\">\u1f14\u03bc\u03bc\u03b5\u03bd<\/a><span style=\"color: #000000;\">\u00a0<\/span><a style=\"color: blue;\" href=\"http:\/\/www.perseus.tufts.edu\/hopper\/morph?l=atarpon&amp;la=greek\" target=\"grec\">\u1f00\u03c4\u03b1\u03c1\u03c0\u1f79\u03bd<\/a><span style=\"color: #000000;\">\u0387\u00a0<\/span><br style=\"color: #000000;\" \/><a style=\"color: blue;\" href=\"http:\/\/www.perseus.tufts.edu\/hopper\/morph?l=oute&amp;la=greek\" target=\"grec\">\u03bf\u1f54\u03c4\u03b5<\/a><span style=\"color: #000000;\">\u00a0<\/span><a style=\"color: blue;\" href=\"http:\/\/www.perseus.tufts.edu\/hopper\/morph?l=gar&amp;la=greek\" target=\"grec\">\u03b3\u1f70\u03c1<\/a><span style=\"color: #000000;\">\u00a0<\/span><a style=\"color: blue;\" href=\"http:\/\/www.perseus.tufts.edu\/hopper\/morph?l=an&amp;la=greek\" target=\"grec\">\u1f02\u03bd<\/a><span style=\"color: #000000;\">\u00a0<\/span><a style=\"color: blue;\" href=\"http:\/\/www.perseus.tufts.edu\/hopper\/morph?l=gnoihs&amp;la=greek\" target=\"grec\">\u03b3\u03bd\u03bf\u1f77\u03b7\u03c2<\/a><span style=\"color: #000000;\">\u00a0<\/span><a style=\"color: blue;\" href=\"http:\/\/www.perseus.tufts.edu\/hopper\/morph?l=to&amp;la=greek\" target=\"grec\">\u03c4\u1f79<\/a><span style=\"color: #000000;\">\u00a0<\/span><a style=\"color: blue;\" href=\"http:\/\/www.perseus.tufts.edu\/hopper\/morph?l=ge&amp;la=greek\" target=\"grec\">\u03b3\u03b5<\/a><span style=\"color: #000000;\">\u00a0<\/span><a style=\"color: blue;\" href=\"http:\/\/www.perseus.tufts.edu\/hopper\/morph?l=mh&amp;la=greek\" target=\"grec\">\u03bc\u1f74<\/a><span style=\"color: #000000;\">\u00a0<\/span><a style=\"color: blue;\" href=\"http:\/\/www.perseus.tufts.edu\/hopper\/morph?l=eon&amp;la=greek\" target=\"grec\">\u1f10\u1f78\u03bd<\/a><span style=\"color: #000000;\">\u00a0&#8211;\u00a0<\/span><a style=\"color: blue;\" href=\"http:\/\/www.perseus.tufts.edu\/hopper\/morph?l=ou&amp;la=greek\" target=\"grec\">\u03bf\u1f50<\/a><span style=\"color: #000000;\">\u00a0<\/span><a style=\"color: blue;\" href=\"http:\/\/www.perseus.tufts.edu\/hopper\/morph?l=gar&amp;la=greek\" target=\"grec\">\u03b3\u1f70\u03c1<\/a><span style=\"color: #000000;\">\u00a0<\/span><a style=\"color: blue;\" href=\"http:\/\/www.perseus.tufts.edu\/hopper\/morph?l=anuston&amp;la=greek\" target=\"grec\">\u1f00\u03bd\u03c5\u03c3\u03c4\u1f79\u03bd<\/a><span style=\"color: #000000;\">\u00a0&#8211;\u00a0<\/span><br style=\"color: #000000;\" \/><a style=\"color: blue;\" href=\"http:\/\/www.perseus.tufts.edu\/hopper\/morph?l=oute&amp;la=greek\" target=\"grec\">\u03bf\u1f54\u03c4\u03b5<\/a><span style=\"color: #000000;\">\u00a0<\/span><a style=\"color: blue;\" href=\"http:\/\/www.perseus.tufts.edu\/hopper\/morph?l=frasais&amp;la=greek\" target=\"grec\">\u03c6\u03c1\u1f71\u03c3\u03b1\u03b9\u03c2.<\/a><span style=\"color: #000000;\">\u00a0<\/span><br style=\"color: #000000;\" \/><span style=\"color: #000000;\">&#8230;\u00a0<\/span><a style=\"color: blue;\" href=\"http:\/\/www.perseus.tufts.edu\/hopper\/morph?l=to&amp;la=greek\" target=\"grec\">\u03c4\u1f78<\/a><span style=\"color: #000000;\">\u00a0<\/span><a style=\"color: blue;\" href=\"http:\/\/www.perseus.tufts.edu\/hopper\/morph?l=gar&amp;la=greek\" target=\"grec\">\u03b3\u1f70\u03c1<\/a><span style=\"color: #000000;\">\u00a0<\/span><a style=\"color: blue;\" href=\"http:\/\/www.perseus.tufts.edu\/hopper\/morph?l=auto&amp;la=greek\" target=\"grec\">\u03b1\u1f50\u03c4\u1f78<\/a><span style=\"color: #000000;\">\u00a0<\/span><a style=\"color: blue;\" href=\"http:\/\/www.perseus.tufts.edu\/hopper\/morph?l=noein&amp;la=greek\" target=\"grec\">\u03bd\u03bf\u03b5\u1fd6\u03bd<\/a><span style=\"color: #000000;\">\u00a0<\/span><a style=\"color: blue;\" href=\"http:\/\/www.perseus.tufts.edu\/hopper\/morph?l=estin&amp;la=greek\" target=\"grec\">\u1f10\u03c3\u03c4\u1f77\u03bd<\/a><span style=\"color: #000000;\">\u00a0<\/span><a style=\"color: blue;\" href=\"http:\/\/www.perseus.tufts.edu\/hopper\/morph?l=te&amp;la=greek\" target=\"grec\">\u03c4\u03b5<\/a><span style=\"color: #000000;\">\u00a0<\/span><a style=\"color: blue;\" href=\"http:\/\/www.perseus.tufts.edu\/hopper\/morph?l=kai&amp;la=greek\" target=\"grec\">\u03ba\u03b1\u1f76<\/a><span style=\"color: #000000;\">\u00a0<\/span><a style=\"color: blue;\" href=\"http:\/\/www.perseus.tufts.edu\/hopper\/morph?l=einai&amp;la=greek\" target=\"grec\">\u03b5\u1f36\u03bd\u03b1\u03b9.<\/a><span style=\"color: #000000;\">\u00a0<\/span><\/p>\n<p style=\"text-align: center;\"><br style=\"color: #000000;\" \/><span style=\"color: #000000;\">(Allons, je vais te dire et tu vas entendre\u00a0<\/span><br style=\"color: #000000;\" \/><span style=\"color: #000000;\">quelles sont les seules voies de recherche ouvertes \u00e0 l\u2019intelligence;\u00a0<\/span><br style=\"color: #000000;\" \/><span style=\"color: #000000;\">l\u2019une, que l\u2019\u00eatre est, que le non-\u00eatre n\u2019est pas,\u00a0<\/span><br style=\"color: #000000;\" \/><span style=\"color: #000000;\">chemin de la certitude, qui accompagne la v\u00e9rit\u00e9;\u00a0<\/span><br style=\"color: #000000;\" \/><span style=\"color: #000000;\">l\u2019autre, que l\u2019\u00eatre n\u2019est pas: et que le non-\u00eatre est forc\u00e9ment,\u00a0<\/span><br style=\"color: #000000;\" \/><span style=\"color: #000000;\">route o\u00f9 je te le dis, tu ne dois aucunement te laisser s\u00e9duire.\u00a0<\/span><br style=\"color: #000000;\" \/><span style=\"color: #000000;\">Tu ne peux avoir connaissance de ce qui n\u2019est pas, tu ne peux le saisir ni l\u2019exprimer;<\/span><br style=\"color: #000000;\" \/><span style=\"color: #000000;\">car le pens\u00e9 et l\u2019\u00eatre sont une m\u00eame chose.)<\/span><\/p>\n<p style=\"text-align: center;\"><a href=\"http:\/\/matthieudubost.fr\/accueil\/wp-content\/uploads\/2016\/10\/parm.jpg\"><img decoding=\"async\" loading=\"lazy\" class=\"alignnone  wp-image-1031\" src=\"http:\/\/matthieudubost.fr\/accueil\/wp-content\/uploads\/2016\/10\/parm-223x300.jpg\" alt=\"parm\" width=\"172\" height=\"231\" srcset=\"http:\/\/matthieudubost.fr\/accueil\/wp-content\/uploads\/2016\/10\/parm-223x300.jpg 223w, http:\/\/matthieudubost.fr\/accueil\/wp-content\/uploads\/2016\/10\/parm-133x178.jpg 133w, http:\/\/matthieudubost.fr\/accueil\/wp-content\/uploads\/2016\/10\/parm.jpg 335w\" sizes=\"(max-width: 172px) 100vw, 172px\" \/><\/a><\/p>\n<p>&nbsp;<\/p>\n<p>Une conf\u00e9rence de m\u00e9taphysique prononc\u00e9e \u00e0 l&rsquo;occasion de la session de rentr\u00e9e des kh\u00e2gneux du lyc\u00e9e Sainte Marie de Neuilly : \u00ab\u00a0Parm\u00e9nide ou la naissance ambigu\u00eb de l&rsquo;ontologie\u00a0\u00bb. Cliquez ici pour lire le plan et les\u00a0<a href=\"http:\/\/matthieudubost.fr\/accueil\/wp-content\/uploads\/2015\/12\/textes-conf\u00e9rence-La-naissance.docx\">textes<\/a>\u00a0et ci-dessous pour m&rsquo;entendre:<\/p>\n<!--[if lt IE 9]><script>document.createElement('audio');<\/script><![endif]-->\n<audio class=\"wp-audio-shortcode\" id=\"audio-1005-1\" preload=\"none\" style=\"width: 100%;\" controls=\"controls\"><source type=\"audio\/mpeg\" src=\"http:\/\/matthieudubost.fr\/accueil\/wp-content\/uploads\/2015\/12\/Parm\u00e9nide-ou-le-commencement-ambigu-de-lontologie.mp3?_=1\" \/><a href=\"http:\/\/matthieudubost.fr\/accueil\/wp-content\/uploads\/2015\/12\/Parm\u00e9nide-ou-le-commencement-ambigu-de-lontologie.mp3\">http:\/\/matthieudubost.fr\/accueil\/wp-content\/uploads\/2015\/12\/Parm\u00e9nide-ou-le-commencement-ambigu-de-lontologie.mp3<\/a><\/audio>\n<p>&nbsp;<\/p>\n","protected":false},"excerpt":{"rendered":"<p>Comprendre l&rsquo;expression de Parm\u00e9nide: \u00a0\u00ab\u00a0L&rsquo;\u00eatre est l&rsquo;\u00eatre\u00a0\u00bb \u0395\u1f30\u00a0\u03b4&rsquo;\u00a0\u1f04\u03b3&rsquo;\u00a0\u1f10\u03b3\u1f7c\u03bd\u00a0\u1f10\u03c1\u1f73\u03c9,\u00a0\u03ba\u1f79\u03bc\u03b9\u03c3\u03b1\u03b9\u00a0\u03b4\u1f72\u00a0\u03c3\u1f7a\u00a0\u03bc\u1fe6\u03b8\u03bf\u03bd\u00a0\u1f00\u03ba\u03bf\u1f7b\u03c3\u03b1\u03c2,\u00a0\u03b1\u1f35\u03c0\u03b5\u03c1\u00a0\u1f41\u03b4\u03bf\u1f76\u00a0\u03bc\u03bf\u1fe6\u03bd\u03b1\u03b9\u00a0\u03b4\u03b9\u03b6\u1f75\u03c3\u03b9\u1f79\u03c2\u00a0\u03b5\u1f30\u03c3\u03b9\u00a0\u03bd\u03bf\u1fc6\u03c3\u03b1\u03b9\u0387\u00a0\u1f21\u00a0\u03bc\u1f72\u03bd\u00a0\u1f45\u03c0\u03c9\u03c2\u00a0\u1f14\u03c3\u03c4\u03b9\u03bd\u00a0\u03c4\u03b5\u00a0\u03ba\u03b1\u1f76\u00a0\u1f61\u03c2\u00a0\u03bf\u1f50\u03ba\u00a0\u1f14\u03c3\u03c4\u03b9\u00a0\u03bc\u1f74\u00a0\u03b5\u1f36\u03bd\u03b1\u03b9,\u00a0\u03a0\u03b5\u03b9\u03b8\u03bf\u1fe6\u03c2\u00a0\u1f10\u03c3\u03c4\u03b9\u00a0\u03ba\u1f73\u03bb\u03b5\u03c5\u03b8\u03bf\u03c2\u00a0&#8211;\u00a0\u1f08\u03bb\u03b7\u03b8\u03b5\u1f77\u1fc3\u00a0\u03b3\u1f70\u03c1\u00a0\u1f40\u03c0\u03b7\u03b4\u03b5\u1fd6\u00a0&#8211; ,\u00a0\u00a0\u1f21\u00a0\u03b4&rsquo;\u00a0\u1f61\u03c2\u00a0\u03bf\u1f50\u03ba\u00a0\u1f14\u03c3\u03c4\u03b9\u03bd\u00a0\u03c4\u03b5\u00a0\u03ba\u03b1\u1f76\u00a0\u1f61\u03c2\u00a0\u03c7\u03c1\u03b5\u1f7d\u03bd\u00a0\u1f10\u03c3\u03c4\u03b9\u00a0\u03bc\u1f74\u00a0\u03b5\u1f36\u03bd\u03b1\u03b9,\u00a0\u03c4\u1f74\u03bd\u00a0\u03b4\u1f75\u00a0\u03c4\u03bf\u03b9\u00a0\u03c6\u03c1\u1f71\u03b6\u03c9\u00a0\u03c0\u03b1\u03bd\u03b1\u03c0\u03b5\u03c5\u03b8\u1f73\u03b1\u00a0\u1f14\u03bc\u03bc\u03b5\u03bd\u00a0\u1f00\u03c4\u03b1\u03c1\u03c0\u1f79\u03bd\u0387\u00a0\u03bf\u1f54\u03c4\u03b5\u00a0\u03b3\u1f70\u03c1\u00a0\u1f02\u03bd\u00a0\u03b3\u03bd\u03bf\u1f77\u03b7\u03c2\u00a0\u03c4\u1f79\u00a0\u03b3\u03b5\u00a0\u03bc\u1f74\u00a0\u1f10\u1f78\u03bd\u00a0&#8211;\u00a0\u03bf\u1f50\u00a0\u03b3\u1f70\u03c1\u00a0\u1f00\u03bd\u03c5\u03c3\u03c4\u1f79\u03bd\u00a0&#8211;\u00a0\u03bf\u1f54\u03c4\u03b5\u00a0\u03c6\u03c1\u1f71\u03c3\u03b1\u03b9\u03c2.\u00a0&#8230;\u00a0\u03c4\u1f78\u00a0\u03b3\u1f70\u03c1\u00a0\u03b1\u1f50\u03c4\u1f78\u00a0\u03bd\u03bf\u03b5\u1fd6\u03bd\u00a0\u1f10\u03c3\u03c4\u1f77\u03bd\u00a0\u03c4\u03b5\u00a0\u03ba\u03b1\u1f76\u00a0\u03b5\u1f36\u03bd\u03b1\u03b9.\u00a0 (Allons, je vais te dire et tu vas entendre\u00a0quelles sont les seules voies de recherche ouvertes \u00e0 l\u2019intelligence;\u00a0l\u2019une, que l\u2019\u00eatre est, que le non-\u00eatre n\u2019est pas,\u00a0chemin de la certitude, qui accompagne la v\u00e9rit\u00e9;\u00a0l\u2019autre, que l\u2019\u00eatre n\u2019est pas: et que le non-\u00eatre est forc\u00e9ment,\u00a0route o\u00f9 je te [&hellip;]<\/p>\n","protected":false},"author":1,"featured_media":0,"parent":0,"menu_order":0,"comment_status":"closed","ping_status":"open","template":"","meta":[],"_links":{"self":[{"href":"http:\/\/matthieudubost.fr\/accueil\/wp-json\/wp\/v2\/pages\/1005"}],"collection":[{"href":"http:\/\/matthieudubost.fr\/accueil\/wp-json\/wp\/v2\/pages"}],"about":[{"href":"http:\/\/matthieudubost.fr\/accueil\/wp-json\/wp\/v2\/types\/page"}],"author":[{"embeddable":true,"href":"http:\/\/matthieudubost.fr\/accueil\/wp-json\/wp\/v2\/users\/1"}],"replies":[{"embeddable":true,"href":"http:\/\/matthieudubost.fr\/accueil\/wp-json\/wp\/v2\/comments?post=1005"}],"version-history":[{"count":6,"href":"http:\/\/matthieudubost.fr\/accueil\/wp-json\/wp\/v2\/pages\/1005\/revisions"}],"predecessor-version":[{"id":1046,"href":"http:\/\/matthieudubost.fr\/accueil\/wp-json\/wp\/v2\/pages\/1005\/revisions\/1046"}],"wp:attachment":[{"href":"http:\/\/matthieudubost.fr\/accueil\/wp-json\/wp\/v2\/media?parent=1005"}],"curies":[{"name":"wp","href":"https:\/\/api.w.org\/{rel}","templated":true}]}}